{"id":7356,"date":"2024-03-30T19:04:29","date_gmt":"2024-03-30T19:04:29","guid":{"rendered":"https:\/\/villamedveja.com\/entdecken-sie-medveja-kroatien-jetzt-was-ihnen-niemand-sagt\/"},"modified":"2025-02-27T18:27:14","modified_gmt":"2025-02-27T18:27:14","slug":"entdecken-sie-medveja-kroatien-jetzt-was-ihnen-niemand-sagt","status":"publish","type":"page","link":"https:\/\/villamedveja.com\/de\/entdecken-sie-medveja-kroatien-jetzt-was-ihnen-niemand-sagt\/","title":{"rendered":"Entdecken Sie Medveja, Kroatien JETZT: Was Ihnen niemand sagt"},"content":{"rendered":"\t\t<div data-elementor-type=\"wp-page\" data-elementor-id=\"7356\" class=\"elementor elementor-7356 elementor-5063\">\n\t\t\t\t<div class=\"elementor-element elementor-element-cb34013 e-con-full e-flex e-con e-parent\" data-id=\"cb34013\" data-element_type=\"container\" data-e-type=\"container\">\n\t\t\t\t<div class=\"elementor-element elementor-element-ca0f0e0 elementor-widget elementor-widget-kinsley-intro\" data-id=\"ca0f0e0\" data-element_type=\"widget\" data-e-type=\"widget\" data-widget_type=\"kinsley-intro.default\">\n\t\t\t\t<div class=\"elementor-widget-container\">\n\t\t\t\t\t\n    <!-- banner -->\n    <section class=\"knsl-banner-simple knsl-transition-bottom knsl-banner-white\">\n      \n\t  \n      <div class=\"container\">\n        <div class=\"row\">\n          <div class=\"col-lg-12\">\n\n            <div class=\"knsl-center knsl-title-frame\">\n                            <h1 class=\"knsl-title--h knsl-mb-20 knsl-h1-inner\">\n                <span >\n                    MEDVEJA entdecken                <\/span>\n              <\/h1>\n                                          <p class=\"knsl-text knsl-mb-30\">\n                <span >\n                    Medveja ist ein verstecktes Juwel, das unber\u00fchrte Str\u00e4nde, kristallklares Wasser und eine friedliche Atmosph\u00e4re bietet, ideal f\u00fcr diejenigen, die der Hektik des Alltags entfliehen m\u00f6chten.                <\/span>\n              <\/p>\n              \n              \n            <\/div>\n\n          <\/div>\n        <\/div>\n      <\/div>\n    <\/section>\n    <!-- banner end -->\n\n\t\t\t\t\t\t<\/div>\n\t\t\t\t<\/div>\n\t\t\t\t<\/div>\n\t\t<div class=\"elementor-element elementor-element-d92d9bc e-flex e-con-boxed e-con e-parent\" data-id=\"d92d9bc\" data-element_type=\"container\" data-e-type=\"container\">\n\t\t\t\t\t<div class=\"e-con-inner\">\n\t\t\t\t<div class=\"elementor-element elementor-element-467a4a1 elementor-widget elementor-widget-kinsley-about\" data-id=\"467a4a1\" data-element_type=\"widget\" data-e-type=\"widget\" data-widget_type=\"kinsley-about.default\">\n\t\t\t\t<div class=\"elementor-widget-container\">\n\t\t\t\t\t\n\t\t<!-- about -->\n\t\t<section class=\"knsl-p-0-100\">\n\n\t\t<div class=\"container\">\t\t\t<div class=\"knsl-about-card\">\n\t\t\t\t\t\t\t\t\t\t\t\t\t\t\t<div class=\"row no-gutters\">\t\t\t\t\t<div class=\"col-lg-6\">\n\t\t\t\t\t\t\t\t\t\t<div class=\"knsl-about-photo\">\n\t\t\t\t\t\t<img decoding=\"async\" src=\"https:\/\/villamedveja.com\/wp-content\/uploads\/2024\/03\/Medveja-beach-16-1920x1080.jpg\" alt=\"\" \/>\n\t\t\t\t\t<\/div>\n\t\t\t\t\t\t\t\t\t\t<\/div>\n\t\t\t\t\t<div class=\"col-lg-6 align-self-center\">\n\t\t\t\t\t<div class=\"knsl-about-text\">\n\t\t\t\t\t\t<div class=\"knsl-title-frame\">\n\t\t\t\t\t\t\t\t\t\t\t\t<h2 class=\"knsl-mb-20\">\n\t\t\t\t\t\t\t<span >\n\t\t\t\t\t\t\t\t\t\t\t<h1 class=\"knsl-mb-20 knsl-h1-inner\" style=\"margin-right: auto;margin-left: auto;max-width: 1040px;text-align: center\">&nbsp;R\u00fcckzugsort an der K\u00fcste&nbsp;<\/h1>\t\t\t\t\t\t\t\t\t\t<\/span>\n\t\t\t\t\t\t<\/h2>\n\t\t\t\t\t\t\t\t\t\t\t\t\t\t\t\t\t\t\t<div class=\"knsl-text knsl-mb-30\">\n\t\t\t\t\t\t\t\t\t<div >\n\t\t\t\t\t\t\t\t\t\t\t\t<h4 style=\"margin-bottom: 20px\"><span style=\"color: #64688c;font-family: Roboto\"><span style=\"font-size: 16px\">Das in der N\u00e4he der Stadt Opatija gelegene Medveja ist f\u00fcr seine sch\u00f6nen Kieselstr\u00e4nde und die malerische K\u00fcste bekannt. Besucher k\u00f6nnen in den Restaurants am Meer die k\u00f6stliche lokale K\u00fcche genie\u00dfen,&nbsp;&nbsp;<\/span><\/span><span style=\"font-size: 16px;font-family: Roboto;letter-spacing: 0px;text-align: var(--text-align)\">Entspannen Sie am Strand, nehmen Sie ein Bad in der Adria oder genie\u00dfen Sie Wassersportarten wie Schnorcheln und Kajakfahren. Die Stadt bietet auch Wander- und Radwege f\u00fcr diejenigen, die die nat\u00fcrliche Sch\u00f6nheit der Umgebung erkunden m\u00f6chten.<\/span><\/h4>\n\t\t\t\t\t\t\t\t\t\t\t<\/div>\n\t\t\t\t\t\t\t\t\t<\/div>\n\t\t\t\t\t\t\t\t\t\t\t\t\t\t\t\t\t\t\t\t\t\t<a target=\"_blank\" href=\"https:\/\/villamedveja.com\/2024\/03\/08\/about-medveja\/\" class=\"knsl-btn knsl-btn-md\">\n\t\t\t\t\t\t\t<span >\n\t\t\t\t\t\t\t\t\t\t\tFinden Sie mehr heraus  \t\t\t\t\t\t\t\t\t\t<\/span>\n\t\t\t\t\t\t<\/a>\n\t\t\t\t\t\t\t\t\t\t\t\t<\/div>\n\t\t\t\t\t<\/div>\n\t\t\t\t\t<\/div>\n\t\t\t\t\t<\/div>\t\t\t\t\t\t\t\t\t\t\t\t<\/div>\n\t\t<div class=\"container\">\n\t\t<\/section>\n\t\t<!-- about end -->\n\n\t\t\t\t\t\t\t<\/div>\n\t\t\t\t<\/div>\n\t\t\t\t\t<\/div>\n\t\t\t\t<\/div>\n\t\t<div class=\"elementor-element elementor-element-327c555 e-flex e-con-boxed e-con e-parent\" data-id=\"327c555\" data-element_type=\"container\" data-e-type=\"container\">\n\t\t\t\t\t<div class=\"e-con-inner\">\n\t\t\t\t<div class=\"elementor-element elementor-element-012d46b elementor-widget elementor-widget-kinsley-about-video\" data-id=\"012d46b\" data-element_type=\"widget\" data-e-type=\"widget\" data-widget_type=\"kinsley-about-video.default\">\n\t\t\t\t<div class=\"elementor-widget-container\">\n\t\t\t\t\t\n\t\t<!-- video -->\n    <section class=\"knsl-p-0-100\">\n\n      <div class=\"container\">\n\n        <div class=\"knsl-about-card\">\n          <div class=\"row g-0\">\n            <div class=\"col-lg-6\">\n              <div class=\"knsl-about-text\">\n                <div class=\"knsl-title-frame\">\n\t\t\t\t\t\t\t\t\t                  <h2 class=\"knsl-title--h knsl-mb-20\">\n\t\t\t\t\t\t\t\t\t\t<span >\n\t\t\t\t\t\t\t\t\t\t\tEine kleine Stadt an der atemberaubenden kroatischen K\u00fcste.\t\t\t\t\t\t\t\t\t\t<\/span>\n\t\t\t\t\t\t\t\t\t<\/h2>\n\t\t\t\t\t\t\t\t\t\t\t\t\t\t\t\t\t\t\t\t\t\t\t\t\t\t\t<div class=\"knsl-text knsl-mb-30\">\n\t\t\t\t\t\t\t\t\t\t<div >\n                      <p>Ob Sie nun einen entspannenden Strandurlaub oder ein kulturelles Erlebnis suchen, Medveja hat jedem Reisenden etwas zu bieten. Sehen Sie sich unser kurzes Video an und entdecken Sie die Sch\u00f6nheit dieses versteckten Juwels an der kroatischen K\u00fcste, und beginnen Sie mit der Planung Ihres unvergesslichen Urlaubs in Medveja! Erleben Sie die perfekte Mischung aus Entspannung und Abenteuer in diesem idyllischen K\u00fcstenort.<\/p>\n                    <\/div>\n\t\t\t\t\t\t\t\t\t<\/div>\n\t\t\t\t\t\t\t\t\t\t\t\t\t\t\t\t\t\t                  <a data-magnific-video href=\"https:\/\/www.youtube.com\/watch?v=i8pUHzcWWYM\" class=\"knsl-btn knsl-btn-md\">\n\t\t\t\t\t\t\t\t\t\t<span class=\"img-svg img-svg-play knsl-zoom\"><\/span>\n\t\t\t\t\t\t\t\t\t\t<span >\n\t\t\t\t\t\t\t\t\t\t\tVideo ansehen\t\t\t\t\t\t\t\t\t\t<\/span>\n\t\t\t\t\t\t\t\t\t<\/a>\n\t\t\t\t\t\t\t\t\t                <\/div>\n              <\/div>\n            <\/div>\n            <div class=\"col-lg-6\">\n              <div class=\"knsl-video-frame\">\n\t\t\t\t\t\t\t\t\t\t\t\t\t\t\t\t<img decoding=\"async\" src=\"https:\/\/villamedveja.com\/wp-content\/uploads\/2024\/03\/Medveja-Croatia.jpg\" alt=\"Eine kleine Stadt an der atemberaubenden kroatischen K\u00fcste.\" \/>\n\t\t\t\t\t\t\t\t\t\t\t\t\t\t\t\t                <a data-magnific-video href=\"https:\/\/www.youtube.com\/watch?v=i8pUHzcWWYM\" class=\"knsl-play-btn\">\n                  <i class=\"fas fa-play\"><\/i>\n                <\/a>\n\t\t\t\t\t\t\t\t              <\/div>\n            <\/div>\n          <\/div>\n        <\/div>\n      <\/div>\n\n    <\/section>\n    <!-- video end -->\n\n\t\t\t\t\t\t<\/div>\n\t\t\t\t<\/div>\n\t\t\t\t\t<\/div>\n\t\t\t\t<\/div>\n\t\t\t\t<\/div>\n\t\t","protected":false},"excerpt":{"rendered":"<p>MEDVEJA entdecken Medveja ist ein verstecktes Juwel, das unber\u00fchrte Str\u00e4nde, kristallklares Wasser und eine friedliche Atmosph\u00e4re bietet, ideal f\u00fcr diejenigen,&#8230; <span class=\"knsl-el-more\"><a href=\"https:\/\/villamedveja.com\/de\/entdecken-sie-medveja-kroatien-jetzt-was-ihnen-niemand-sagt\/\" class=\"knsl-btn\">Read more<span class=\"screen-reader-text\">Read more&nbsp;Entdecken Sie Medveja, Kroatien JETZT: Was Ihnen niemand sagt<\/span><\/a><\/span><\/p>\n","protected":false},"author":1,"featured_media":0,"parent":0,"menu_order":0,"comment_status":"closed","ping_status":"closed","template":"elementor_header_footer","meta":{"_acf_changed":false,"om_disable_all_campaigns":false,"_monsterinsights_skip_tracking":false,"_monsterinsights_sitenote_active":false,"_monsterinsights_sitenote_note":"","_monsterinsights_sitenote_category":0,"_uf_show_specific_survey":0,"_uf_disable_surveys":false,"footnotes":""},"class_list":["post-7356","page","type-page","status-publish","hentry"],"acf":[],"aioseo_notices":[],"jetpack_sharing_enabled":true,"_links":{"self":[{"href":"https:\/\/villamedveja.com\/de\/wp-json\/wp\/v2\/pages\/7356","targetHints":{"allow":["GET"]}}],"collection":[{"href":"https:\/\/villamedveja.com\/de\/wp-json\/wp\/v2\/pages"}],"about":[{"href":"https:\/\/villamedveja.com\/de\/wp-json\/wp\/v2\/types\/page"}],"author":[{"embeddable":true,"href":"https:\/\/villamedveja.com\/de\/wp-json\/wp\/v2\/users\/1"}],"replies":[{"embeddable":true,"href":"https:\/\/villamedveja.com\/de\/wp-json\/wp\/v2\/comments?post=7356"}],"version-history":[{"count":1,"href":"https:\/\/villamedveja.com\/de\/wp-json\/wp\/v2\/pages\/7356\/revisions"}],"predecessor-version":[{"id":8019,"href":"https:\/\/villamedveja.com\/de\/wp-json\/wp\/v2\/pages\/7356\/revisions\/8019"}],"wp:attachment":[{"href":"https:\/\/villamedveja.com\/de\/wp-json\/wp\/v2\/media?parent=7356"}],"curies":[{"name":"wp","href":"https:\/\/api.w.org\/{rel}","templated":true}]}}