{"id":7387,"date":"2024-11-24T15:01:47","date_gmt":"2024-11-24T15:01:47","guid":{"rendered":"https:\/\/villamedveja.com\/lage-von-villa-medveja-luxusvillen-in-kroatien\/"},"modified":"2025-01-05T14:50:16","modified_gmt":"2025-01-05T14:50:16","slug":"lage-von-villa-medveja-luxusvillen-in-kroatien","status":"publish","type":"page","link":"https:\/\/villamedveja.com\/de\/lage-von-villa-medveja-luxusvillen-in-kroatien\/","title":{"rendered":"Lage von VILLA MEDVEJA | Luxusvillen in Kroatien"},"content":{"rendered":"\t\t<div data-elementor-type=\"wp-page\" data-elementor-id=\"7387\" class=\"elementor elementor-7387 elementor-6278\">\n\t\t\t\t\t\t<section class=\"elementor-section elementor-top-section elementor-element elementor-element-aa29d16 elementor-section-full_width elementor-section-height-full elementor-section-height-default elementor-section-items-middle\" data-id=\"aa29d16\" data-element_type=\"section\" data-e-type=\"section\" data-settings=\"{&quot;background_background&quot;:&quot;classic&quot;}\">\n\t\t\t\t\t\t\t<div class=\"elementor-background-overlay\"><\/div>\n\t\t\t\t\t\t\t<div class=\"elementor-container elementor-column-gap-no\">\n\t\t\t\t\t<div class=\"elementor-column elementor-col-100 elementor-top-column elementor-element elementor-element-80c94c1\" data-id=\"80c94c1\" data-element_type=\"column\" data-e-type=\"column\">\n\t\t\t<div class=\"elementor-widget-wrap elementor-element-populated\">\n\t\t\t\t\t\t<div class=\"elementor-element elementor-element-dc81c8f elementor-widget elementor-widget-heading\" data-id=\"dc81c8f\" data-element_type=\"widget\" data-e-type=\"widget\" data-widget_type=\"heading.default\">\n\t\t\t\t<div class=\"elementor-widget-container\">\n\t\t\t\t\t<h5 class=\"elementor-heading-title elementor-size-default\">LIEBE. GENIESSEN. R\u00dcCKKEHR.  <\/h5>\t\t\t\t<\/div>\n\t\t\t\t<\/div>\n\t\t\t\t\t<\/div>\n\t\t<\/div>\n\t\t\t\t\t<\/div>\n\t\t<\/section>\n\t\t<div class=\"elementor-element elementor-element-9fb0c48 e-flex e-con-boxed e-con e-parent\" data-id=\"9fb0c48\" data-element_type=\"container\" data-e-type=\"container\">\n\t\t\t\t\t<div class=\"e-con-inner\">\n\t\t<div class=\"elementor-element elementor-element-93abef5 e-con-full e-flex e-con e-child\" data-id=\"93abef5\" data-element_type=\"container\" data-e-type=\"container\">\n\t\t\t\t<div class=\"elementor-element elementor-element-b9953c1 elementor-widget elementor-widget-text-editor\" data-id=\"b9953c1\" data-element_type=\"widget\" data-e-type=\"widget\" data-widget_type=\"text-editor.default\">\n\t\t\t\t<div class=\"elementor-widget-container\">\n\t\t\t\t\t\t\t\t\t\n          <h3 class=\"grid-header css-19ntu0z\">Standort<\/h3>\n          \n\n          <h4> <\/h4>\n          \n\n          <h4 class=\"grid-address css-19ntu0z\">Kali 53, Medveja, Kroatien<\/h4>\n          \n\n          <div class=\"grid-description\">\n            \n\n            <div data-testid=\"location-description\">\n              \n\n              <div class=\"css-11sme6y\">\n                \n\n                <p> <\/p>\n                \n\n                <p>Die Villa Medveja befindet sich 800 Meter oberhalb des Strandes von Medveja, an der ersten Rechtskurve bergauf, 100 Meter nach der Einfahrt zum Autocamp Medveja in Richtung Mo\u0161\u0107eni\u010dka draga. Entlang der Stra\u00dfe sind Schilder aufgestellt, die zum Restaurant &#8220;Konoba Kali&#8221; f\u00fchren. Die Villa Medveja befindet sich etwa 500 m bergauf nach der Konoba Kali.  <\/p>\n                \n\n              <\/div>\n              \n\n            <\/div>\n            \n\n            <div class=\"medium no-line css-1oe1ndx\"> <\/div>\n            \n\n          <\/div>\n          \n\n          <div class=\"grid-map\">\n            \n\n            <div class=\"fresnel-container fresnel-greaterThan-mobile fresnel-:Rmll9le:\">\n              \n\n              <div class=\"map-container\"> <\/div>\n              \n\n            <\/div>\n            \n\n          <\/div>\n        \t\t\t\t\t\t\t\t<\/div>\n\t\t\t\t<\/div>\n\t\t\t\t<\/div>\n\t\t<div class=\"elementor-element elementor-element-14c09e3 e-con-full e-flex e-con e-child\" data-id=\"14c09e3\" data-element_type=\"container\" data-e-type=\"container\">\n\t\t\t\t<div class=\"elementor-element elementor-element-aa173ec elementor-widget elementor-widget-google_maps\" data-id=\"aa173ec\" data-element_type=\"widget\" data-e-type=\"widget\" data-widget_type=\"google_maps.default\">\n\t\t\t\t<div class=\"elementor-widget-container\">\n\t\t\t\t\t\t\t<div class=\"elementor-custom-embed\">\n\t\t\t<iframe loading=\"lazy\"\n\t\t\t\t\tsrc=\"https:\/\/maps.google.com\/maps?q=sky%20pool%20villa%20medveja&#038;t=m&#038;z=10&#038;output=embed&#038;iwloc=near\"\n\t\t\t\t\ttitle=\"sky pool villa medveja\"\n\t\t\t\t\taria-label=\"sky pool villa medveja\"\n\t\t\t><\/iframe>\n\t\t<\/div>\n\t\t\t\t\t\t<\/div>\n\t\t\t\t<\/div>\n\t\t\t\t<\/div>\n\t\t\t\t\t<\/div>\n\t\t\t\t<\/div>\n\t\t<div class=\"elementor-element elementor-element-67fd97d e-flex e-con-boxed e-con e-parent\" data-id=\"67fd97d\" data-element_type=\"container\" data-e-type=\"container\">\n\t\t\t\t\t<div class=\"e-con-inner\">\n\t\t\t\t<div class=\"elementor-element elementor-element-e8dbb66 elementor-alert-info elementor-widget elementor-widget-alert\" data-id=\"e8dbb66\" data-element_type=\"widget\" data-e-type=\"widget\" data-widget_type=\"alert.default\">\n\t\t\t\t<div class=\"elementor-widget-container\">\n\t\t\t\t\t\t\t<div class=\"elementor-alert\" role=\"alert\">\n\n\t\t\t\t\t\t<span class=\"elementor-alert-title\">\u24d8 Entdecken Sie unsere Villa und buchen Sie Ihren Aufenthalt bei uns, mit den garantiert besten Online-Tarifen!<\/span>\n\t\t\t\n\t\t\t\t\t\t<span class=\"elementor-alert-description\"><p>Jetzt buchen, sp\u00e4ter bezahlen - sichern Sie sich Ihren Urlaub im Voraus und bezahlen Sie die Rechnung 30 Tage vor Ihrer Ankunft.<\/p>\n<\/span>\n\t\t\t\n\t\t\t\t\t\t<button type=\"button\" class=\"elementor-alert-dismiss\" aria-label=\"sky pool villa medveja\">\n\t\t\t\t\t\t\t\t\t<span aria-hidden=\"true\">&times;<\/span>\n\t\t\t\t\t\t\t<\/button>\n\t\t\t\n\t\t<\/div>\n\t\t\t\t\t\t<\/div>\n\t\t\t\t<\/div>\n\t\t\t\t\t<\/div>\n\t\t\t\t<\/div>\n\t\t<div class=\"elementor-element elementor-element-9104216 e-flex e-con-boxed e-con e-parent\" data-id=\"9104216\" data-element_type=\"container\" data-e-type=\"container\">\n\t\t\t\t\t<div class=\"e-con-inner\">\n\t\t\t\t<div class=\"elementor-element elementor-element-2a4a500 elementor-widget elementor-widget-kinsley-rooms-carousel\" data-id=\"2a4a500\" data-element_type=\"widget\" data-e-type=\"widget\" data-widget_type=\"kinsley-rooms-carousel.default\">\n\t\t\t\t<div class=\"elementor-widget-container\">\n\t\t\t\t\t\n\t\t<!-- rooms -->\n\t\t<section class=\"knsl-transition-none knsl-p-0-100\">\n\t\t\n\t\t<div class=\"container\">\t\t\t<div class=\"row align-items-center\">\n\t\t\t\t\t\t<div class=\"col-lg-12\">\n\t\t\t\t<div class=\"knsl-center knsl-title-frame knsl-scroll-animation knsl-mb-100\">\n\t\t\t\t\t\t\t\t<h2 class=\"knsl-title--h knsl-mb-20\">\n\t\t\t\t\t<span >\n\t\t\t\t\t\tUnsere Villen\t\t\t\t\t<\/span>\n\t\t\t\t<\/h2>\n\t\t\t\t\t\t\t\t\t\t\t\t<div class=\"knsl-text knsl-mb-30\">\n\t\t\t\t\t<p>\n\t\t\t\t\t<span >\n\t\t\t\t\t\tEntdecken Sie unsere atemberaubende Villenkollektion. Jede Villa ist sorgf\u00e4ltig entworfen und wundersch\u00f6n eingerichtet, um Ihnen den ultimativen Komfort und Entspannung f\u00fcr Ihren Urlaub zu bieten. Von atemberaubenden Aussichten bis hin zu luxuri\u00f6sen Annehmlichkeiten bieten unsere Villen ein wirklich unvergessliches Erlebnis.  \t\t\t\t\t<\/span>\n\t\t\t\t\t<\/p>\n\t\t\t\t<\/div>\n\t\t\t\t\t\t\t\t\t\t\t\t<\/div>\n\t\t\t<\/div>\n\t\t\t\n\t\t\t<div class=\"col-lg-12 attr-details-amenity-false attr-details-category-false attr-details-attributes-false attr-details-view-false attr-details-bed-type-false attr-details-children-false\">\n\t\t\t\t\t\t\t<\/div>\n\t\t\t<\/div>\n\t\t<\/div>\t\t<\/section>\n\t\t<!-- rooms end -->\n\n\t\t\t\t\t\t<\/div>\n\t\t\t\t<\/div>\n\t\t\t\t\t<\/div>\n\t\t\t\t<\/div>\n\t\t<div class=\"elementor-element elementor-element-b84c770 e-flex e-con-boxed e-con e-parent\" data-id=\"b84c770\" data-element_type=\"container\" data-e-type=\"container\">\n\t\t\t\t\t<div class=\"e-con-inner\">\n\t\t\t\t<div class=\"elementor-element elementor-element-630074c elementor-widget elementor-widget-html\" data-id=\"630074c\" data-element_type=\"widget\" data-e-type=\"widget\" data-widget_type=\"html.default\">\n\t\t\t\t<div class=\"elementor-widget-container\">\n\t\t\t\t\t\n          <script src=\"https:\/\/static.elfsight.com\/platform\/platform.js\" async=\"\"><\/script>\n          \n\n          <div class=\"elfsight-app-7373d419-27bc-4f36-ad03-a4c7b356a5ad\" data-elfsight-app-lazy=\"\"><\/div>\n        \t\t\t\t<\/div>\n\t\t\t\t<\/div>\n\t\t\t\t\t<\/div>\n\t\t\t\t<\/div>\n\t\t\t\t<\/div>\n\t\t","protected":false},"excerpt":{"rendered":"<p>LIEBE. GENIESSEN. R\u00dcCKKEHR. Standort Kali 53, Medveja, Kroatien Die Villa Medveja befindet sich 800 Meter oberhalb des Strandes von Medveja,&#8230; <span class=\"knsl-el-more\"><a href=\"https:\/\/villamedveja.com\/de\/lage-von-villa-medveja-luxusvillen-in-kroatien\/\" class=\"knsl-btn\">Read more<span class=\"screen-reader-text\">Read more&nbsp;Lage von VILLA MEDVEJA | Luxusvillen in Kroatien<\/span><\/a><\/span><\/p>\n","protected":false},"author":1,"featured_media":0,"parent":0,"menu_order":0,"comment_status":"closed","ping_status":"closed","template":"template-layout-builder.php","meta":{"_acf_changed":false,"om_disable_all_campaigns":false,"_monsterinsights_skip_tracking":false,"_monsterinsights_sitenote_active":false,"_monsterinsights_sitenote_note":"","_monsterinsights_sitenote_category":0,"_uf_show_specific_survey":0,"_uf_disable_surveys":false,"footnotes":""},"class_list":["post-7387","page","type-page","status-publish","hentry"],"acf":[],"aioseo_notices":[],"jetpack_sharing_enabled":true,"_links":{"self":[{"href":"https:\/\/villamedveja.com\/de\/wp-json\/wp\/v2\/pages\/7387","targetHints":{"allow":["GET"]}}],"collection":[{"href":"https:\/\/villamedveja.com\/de\/wp-json\/wp\/v2\/pages"}],"about":[{"href":"https:\/\/villamedveja.com\/de\/wp-json\/wp\/v2\/types\/page"}],"author":[{"embeddable":true,"href":"https:\/\/villamedveja.com\/de\/wp-json\/wp\/v2\/users\/1"}],"replies":[{"embeddable":true,"href":"https:\/\/villamedveja.com\/de\/wp-json\/wp\/v2\/comments?post=7387"}],"version-history":[{"count":0,"href":"https:\/\/villamedveja.com\/de\/wp-json\/wp\/v2\/pages\/7387\/revisions"}],"wp:attachment":[{"href":"https:\/\/villamedveja.com\/de\/wp-json\/wp\/v2\/media?parent=7387"}],"curies":[{"name":"wp","href":"https:\/\/api.w.org\/{rel}","templated":true}]}}