{"id":7391,"date":"2024-11-24T15:19:27","date_gmt":"2024-11-24T15:19:27","guid":{"rendered":"https:\/\/villamedveja.com\/beste-preise-sky-pool-villas-medveja-kroatien-i-preisliste\/"},"modified":"2025-01-05T15:06:28","modified_gmt":"2025-01-05T15:06:28","slug":"beste-preise-sky-pool-villas-medveja-kroatien-i-preisliste","status":"publish","type":"page","link":"https:\/\/villamedveja.com\/de\/beste-preise-sky-pool-villas-medveja-kroatien-i-preisliste\/","title":{"rendered":"Beste Preise | Sky Pool Villas Medveja (Kroatien) I PREISLISTE"},"content":{"rendered":"\t\t<div data-elementor-type=\"wp-page\" data-elementor-id=\"7391\" class=\"elementor elementor-7391 elementor-6294\">\n\t\t\t\t\t\t<section class=\"elementor-section elementor-top-section elementor-element elementor-element-aa29d16 elementor-section-full_width elementor-section-height-full elementor-section-height-default elementor-section-items-middle\" data-id=\"aa29d16\" data-element_type=\"section\" data-e-type=\"section\" data-settings=\"{&quot;background_background&quot;:&quot;classic&quot;}\">\n\t\t\t\t\t\t\t<div class=\"elementor-background-overlay\"><\/div>\n\t\t\t\t\t\t\t<div class=\"elementor-container elementor-column-gap-no\">\n\t\t\t\t\t<div class=\"elementor-column elementor-col-100 elementor-top-column elementor-element elementor-element-80c94c1\" data-id=\"80c94c1\" data-element_type=\"column\" data-e-type=\"column\">\n\t\t\t<div class=\"elementor-widget-wrap elementor-element-populated\">\n\t\t\t\t\t\t<div class=\"elementor-element elementor-element-dc81c8f elementor-widget elementor-widget-heading\" data-id=\"dc81c8f\" data-element_type=\"widget\" data-e-type=\"widget\" data-widget_type=\"heading.default\">\n\t\t\t\t<div class=\"elementor-widget-container\">\n\t\t\t\t\t<h5 class=\"elementor-heading-title elementor-size-default\">LIEBE. GENIESSEN. R\u00dcCKKEHR.  <\/h5>\t\t\t\t<\/div>\n\t\t\t\t<\/div>\n\t\t\t\t\t<\/div>\n\t\t<\/div>\n\t\t\t\t\t<\/div>\n\t\t<\/section>\n\t\t<div class=\"elementor-element elementor-element-d38540b e-flex e-con-boxed e-con e-parent\" data-id=\"d38540b\" data-element_type=\"container\" data-e-type=\"container\">\n\t\t\t\t\t<div class=\"e-con-inner\">\n\t\t\t\t<div class=\"elementor-element elementor-element-72fbafe elementor-widget elementor-widget-heading\" data-id=\"72fbafe\" data-element_type=\"widget\" data-e-type=\"widget\" data-widget_type=\"heading.default\">\n\t\t\t\t<div class=\"elementor-widget-container\">\n\t\t\t\t\t<h2 class=\"elementor-heading-title elementor-size-default\">Preise<\/h2>\t\t\t\t<\/div>\n\t\t\t\t<\/div>\n\t\t\t\t\t<\/div>\n\t\t\t\t<\/div>\n\t\t<div class=\"elementor-element elementor-element-9fb0c48 e-flex e-con-boxed e-con e-parent\" data-id=\"9fb0c48\" data-element_type=\"container\" data-e-type=\"container\">\n\t\t\t\t\t<div class=\"e-con-inner\">\n\t\t<div class=\"elementor-element elementor-element-93abef5 e-con-full e-flex e-con e-child\" data-id=\"93abef5\" data-element_type=\"container\" data-e-type=\"container\">\n\t\t\t\t<div class=\"elementor-element elementor-element-94f655e elementor-widget elementor-widget-heading\" data-id=\"94f655e\" data-element_type=\"widget\" data-e-type=\"widget\" data-widget_type=\"heading.default\">\n\t\t\t\t<div class=\"elementor-widget-container\">\n\t\t\t\t\t<h4 class=\"elementor-heading-title elementor-size-default\">Zwei-Schlafzimmer-Villa<\/h4>\t\t\t\t<\/div>\n\t\t\t\t<\/div>\n\t\t\t\t<div class=\"elementor-element elementor-element-a5bd3e7 elementor-widget elementor-widget-text-editor\" data-id=\"a5bd3e7\" data-element_type=\"widget\" data-e-type=\"widget\" data-widget_type=\"text-editor.default\">\n\t\t\t\t<div class=\"elementor-widget-container\">\n\t\t\t\t\t\t\t\t\t<table class=\"MsoNormalTable\" style=\"width: 514px; background-image: initial; background-position: initial; background-size: initial; background-repeat: initial; background-attachment: initial; background-origin: initial; background-clip: initial; height: 1005px;\" border=\"0\" width=\"330\" cellpadding=\"0\">\n<tbody>\n<tr>\n<td style=\"width: 186.75pt; background: #DAE9F7; mso-background-themecolor: text2; mso-background-themetint: 26; padding: .75pt .75pt .75pt .75pt;\" valign=\"bottom\" width=\"249\">\n<p class=\"MsoNormal\">\n                    <b><br \/>\n                      <span style=\"color: black; mso-color-alt: windowtext;\">Standardtarif<\/span><br \/>\n                    <\/b>\n                  <\/p>\n<\/td>\n<td style=\"width: 56.25pt; background: #A5C9EB; mso-background-themecolor: text2; mso-background-themetint: 64; padding: .75pt .75pt .75pt .75pt;\" valign=\"bottom\" width=\"75\">\n<p class=\"MsoNormal\">\n                    <span style=\"color: black; mso-color-alt: windowtext;\">Tagessatz<\/span>\n                  <\/p>\n<\/td>\n<\/tr>\n<tr>\n<td style=\"width: 186.75pt; background: #DAE9F7; mso-background-themecolor: text2; mso-background-themetint: 26; padding: .75pt .75pt .75pt .75pt;\" valign=\"bottom\" width=\"249\">\n<p class=\"MsoNormal\">\n                    <b><br \/>\n                      <span style=\"color: black; mso-color-alt: windowtext;\">Saison #D<\/span><br \/>\n                    <\/b>\n                  <\/p>\n<p class=\"MsoNormal\">\n                    <span style=\"color: black; mso-color-alt: windowtext;\">4 Jan 2025 &#8211; 25 Apr 2025<\/span>\n                  <\/p>\n<p class=\"MsoNormal\">\n                    <span style=\"color: black; mso-color-alt: windowtext;\">4 Okt 2025 &#8211; 19 Dez 2025<\/span>\n                  <\/p>\n<p class=\"MsoNormal\">\n                    <span style=\"color: black; mso-color-alt: windowtext;\">3 Jan 2026 &#8211; 24 Apr 2026<\/span>\n                  <\/p>\n<p class=\"MsoNormal\">\n                    <span style=\"color: black; mso-color-alt: windowtext;\">3 Okt 2026 &#8211; 18 Dez 2026<\/span>\n                  <\/p>\n<\/td>\n<td style=\"width: 56.25pt; background: #A5C9EB; mso-background-themecolor: text2; mso-background-themetint: 64; padding: .75pt .75pt .75pt .75pt;\" valign=\"bottom\" width=\"75\">\n<p class=\"MsoNormal\" style=\"text-align: center;\" align=\"center\">\n                    <span style=\"color: black; mso-color-alt: windowtext;\">\u20ac350<\/span>\n                  <\/p>\n<\/td>\n<\/tr>\n<tr>\n<td style=\"width: 186.75pt; background: #DAE9F7; mso-background-themecolor: text2; mso-background-themetint: 26; padding: .75pt .75pt .75pt .75pt;\" valign=\"bottom\" width=\"249\">\n<p class=\"MsoNormal\">\n                    <b><br \/>\n                      <span style=\"color: black; mso-color-alt: windowtext;\">Saison #C<\/span><br \/>\n                    <\/b>\n                  <\/p>\n<p class=\"MsoNormal\">\n                    <span style=\"color: black; mso-color-alt: windowtext;\">26 Apr 2025 &#8211; 26 Mai 2025<\/span>\n                  <\/p>\n<p class=\"MsoNormal\">\n                    <span style=\"color: black; mso-color-alt: windowtext;\">20 Sept 2025 &#8211; 3 Okt 2025<\/span>\n                  <\/p>\n<p class=\"MsoNormal\">\n                    <span style=\"color: black; mso-color-alt: windowtext;\">25 Apr 2026 &#8211; 22 Mai 2026<\/span>\n                  <\/p>\n<p class=\"MsoNormal\">\n                    <span style=\"color: black; mso-color-alt: windowtext;\">19 Sept 2026 &#8211; 2 Okt 2026<\/span>\n                  <\/p>\n<\/td>\n<td style=\"width: 56.25pt; background: #A5C9EB; mso-background-themecolor: text2; mso-background-themetint: 64; padding: .75pt .75pt .75pt .75pt;\" valign=\"bottom\" width=\"75\">\n<p class=\"MsoNormal\" style=\"text-align: center;\" align=\"center\">\n                    <span style=\"color: black; mso-color-alt: windowtext;\">\u20ac420<\/span>\n                  <\/p>\n<\/td>\n<\/tr>\n<tr style=\"mso-yfti-irow: 3; height: 87.6pt;\">\n<td style=\"width: 186.75pt; background: #DAE9F7; mso-background-themecolor: text2; mso-background-themetint: 26; padding: .75pt .75pt .75pt .75pt; height: 87.6pt;\" valign=\"bottom\" width=\"249\">\n<p class=\"MsoNormal\">\n                    <b><br \/>\n                      <span style=\"color: black; mso-color-alt: windowtext;\"> <\/span><br \/>\n                    <\/b>\n                  <\/p>\n<p class=\"MsoNormal\">\n                    <b><br \/>\n                      <span style=\"color: black; mso-color-alt: windowtext;\">Saison #B<\/span><br \/>\n                    <\/b>\n                  <\/p>\n<p class=\"MsoNormal\">\n                    <span style=\"color: black; mso-color-alt: windowtext;\">31. Mai 2025 &#8211; 27. Juni 2025<\/span>\n                  <\/p>\n<p class=\"MsoNormal\">\n                    <span style=\"color: black; mso-color-alt: windowtext;\">30 Aug 2025 &#8211; 19 Sept 2025<\/span>\n                  <\/p>\n<p class=\"MsoNormal\">\n                    <span style=\"color: black; mso-color-alt: windowtext;\">23. Mai 2026 &#8211; 26. Juni 2026<\/span>\n                  <\/p>\n<p class=\"MsoNormal\">\n                    <span style=\"color: black; mso-color-alt: windowtext;\">29 Aug 2026 &#8211; 18 Sept 2026<\/span>\n                  <\/p>\n<\/td>\n<td style=\"width: 56.25pt; background: #A5C9EB; mso-background-themecolor: text2; mso-background-themetint: 64; padding: .75pt .75pt .75pt .75pt; height: 87.6pt;\" valign=\"bottom\" width=\"75\">\n<p class=\"MsoNormal\" style=\"text-align: center;\" align=\"center\">\n                    <span style=\"color: black; mso-color-alt: windowtext;\">\u20ac500<\/span>\n                  <\/p>\n<\/td>\n<\/tr>\n<tr>\n<td style=\"width: 186.75pt; background: #DAE9F7; mso-background-themecolor: text2; mso-background-themetint: 26; padding: .75pt .75pt .75pt .75pt;\" valign=\"bottom\" width=\"249\">\n<p class=\"MsoNormal\">\n                    <b><br \/>\n                      <span style=\"color: black; mso-color-alt: windowtext;\">Saison #A<\/span><br \/>\n                    <\/b>\n                  <\/p>\n<p class=\"MsoNormal\">\n                    <span style=\"color: black; mso-color-alt: windowtext;\">28 Jun 2025 &#8211; 29 Aug 2025<\/span>\n                  <\/p>\n<p class=\"MsoNormal\">\n                    <span style=\"color: black; mso-color-alt: windowtext;\">27 Jun 2026 &#8211; 28 Aug 2026<\/span>\n                  <\/p>\n<\/td>\n<td style=\"width: 56.25pt; background: #A5C9EB; mso-background-themecolor: text2; mso-background-themetint: 64; padding: .75pt .75pt .75pt .75pt;\" valign=\"bottom\" width=\"75\">\n<p class=\"MsoNormal\" style=\"text-align: center;\" align=\"center\">\n                    <span style=\"color: black; mso-color-alt: windowtext;\">\u20ac600<\/span>\n                  <\/p>\n<\/td>\n<\/tr>\n<tr>\n<td style=\"width: 186.75pt; background: #DAE9F7; mso-background-themecolor: text2; mso-background-themetint: 26; padding: .75pt .75pt .75pt .75pt;\" valign=\"bottom\" width=\"249\">\n<p class=\"MsoNormal\">\n                    <b><br \/>\n                      <span style=\"color: black; mso-color-alt: windowtext;\">Saison #E<\/span><br \/>\n                    <\/b>\n                  <\/p>\n<p class=\"MsoNormal\">\n                    <span style=\"color: black; mso-color-alt: windowtext;\">20 Dez 2025 &#8211; 2 Jan 2026<\/span>\n                  <\/p>\n<\/td>\n<td style=\"width: 56.25pt; background: #A5C9EB; mso-background-themecolor: text2; mso-background-themetint: 64; padding: .75pt .75pt .75pt .75pt;\" valign=\"bottom\" width=\"75\">\n<p class=\"MsoNormal\" style=\"text-align: center;\" align=\"center\">\n                    <span style=\"color: black; mso-color-alt: windowtext;\">\u20ac500<\/span>\n                  <\/p>\n<\/td>\n<\/tr>\n<\/tbody>\n<\/table>\n\t\t\t\t\t\t\t\t<\/div>\n\t\t\t\t<\/div>\n\t\t\t\t<\/div>\n\t\t<div class=\"elementor-element elementor-element-14c09e3 e-con-full e-flex e-con e-child\" data-id=\"14c09e3\" data-element_type=\"container\" data-e-type=\"container\">\n\t\t\t\t<div class=\"elementor-element elementor-element-1767998 elementor-widget elementor-widget-heading\" data-id=\"1767998\" data-element_type=\"widget\" data-e-type=\"widget\" data-widget_type=\"heading.default\">\n\t\t\t\t<div class=\"elementor-widget-container\">\n\t\t\t\t\t<h4 class=\"elementor-heading-title elementor-size-default\">Ein-Schlafzimmer-Villa<\/h4>\t\t\t\t<\/div>\n\t\t\t\t<\/div>\n\t\t\t\t<div class=\"elementor-element elementor-element-fab936d elementor-widget elementor-widget-text-editor\" data-id=\"fab936d\" data-element_type=\"widget\" data-e-type=\"widget\" data-widget_type=\"text-editor.default\">\n\t\t\t\t<div class=\"elementor-widget-container\">\n\t\t\t\t\t\t\t\t\t<table style=\"width: 520px; background-image: initial; background-position: initial; background-size: initial; background-repeat: initial; background-attachment: initial; background-origin: initial; background-clip: initial; height: 1007px;\" border=\"0\" width=\"330\" cellpadding=\"0\">\n<tbody>\n<tr>\n<td style=\"width: 186.75pt; background: #FAE2D5; mso-background-themecolor: accent2; mso-background-themetint: 51; padding: .75pt .75pt .75pt .75pt;\" valign=\"bottom\" width=\"249\">\n<p>\n                    <b style=\"text-align: var(--text-align); letter-spacing: 0px;\"><br \/>\n                      <span style=\"color: black; mso-color-alt: windowtext;\">Standardtarif<\/span><br \/>\n                    <\/b>\n                  <\/p>\n<\/td>\n<td style=\"width: 56.25pt; background: #F6C5AC; mso-background-themecolor: accent2; mso-background-themetint: 102; padding: .75pt .75pt .75pt .75pt;\" valign=\"bottom\" width=\"75\">\n<p style=\"text-align: center;\" align=\"center\">\n                    <b><br \/>\n                      <span style=\"color: black; mso-color-alt: windowtext;\">Tagessatz<\/span><br \/>\n                    <\/b>\n                  <\/p>\n<\/td>\n<\/tr>\n<tr>\n<td style=\"width: 186.75pt; background: #FAE2D5; mso-background-themecolor: accent2; mso-background-themetint: 51; padding: .75pt .75pt .75pt .75pt;\" valign=\"bottom\" width=\"249\">\n<p>\n                    <b><br \/>\n                      <span style=\"color: black; mso-color-alt: windowtext;\">Saison #D<\/span><br \/>\n                    <\/b>\n                  <\/p>\n<p>\n                    <span style=\"color: black; mso-color-alt: windowtext;\">4 Jan 2025 &#8211; 25 Apr 2025<\/span>\n                  <\/p>\n<p>\n                    <span style=\"color: black; mso-color-alt: windowtext;\">4 Okt 2025 &#8211; 19 Dez 2025<\/span>\n                  <\/p>\n<p>\n                    <span style=\"color: black; mso-color-alt: windowtext;\">3 Jan 2026 &#8211; 24 Apr 2026<\/span>\n                  <\/p>\n<p>\n                    <span style=\"color: black; mso-color-alt: windowtext;\">3 Okt 2026 &#8211; 18 Dez 2026<\/span>\n                  <\/p>\n<\/td>\n<td style=\"width: 56.25pt; background: #F6C5AC; mso-background-themecolor: accent2; mso-background-themetint: 102; padding: .75pt .75pt .75pt .75pt;\" valign=\"bottom\" width=\"75\">\n<p style=\"text-align: center;\" align=\"center\">\n                    <span style=\"color: black; mso-color-alt: windowtext;\">\u20ac250<\/span>\n                  <\/p>\n<\/td>\n<\/tr>\n<tr>\n<td style=\"width: 186.75pt; background: #FAE2D5; mso-background-themecolor: accent2; mso-background-themetint: 51; padding: .75pt .75pt .75pt .75pt;\" valign=\"bottom\" width=\"249\">\n<p>\n                    <b><br \/>\n                      <span style=\"color: black; mso-color-alt: windowtext;\">Saison #C<\/span><br \/>\n                    <\/b>\n                  <\/p>\n<p>\n                    <span style=\"color: black; mso-color-alt: windowtext;\">26 Apr 2025 &#8211; 26 Mai 2025<\/span>\n                  <\/p>\n<p>\n                    <span style=\"color: black; mso-color-alt: windowtext;\">20 Sept 2025 &#8211; 3 Okt 2025<\/span>\n                  <\/p>\n<p>\n                    <span style=\"color: black; mso-color-alt: windowtext;\">25 Apr 2026 &#8211; 22 Mai 2026<\/span>\n                  <\/p>\n<p>\n                    <span style=\"color: black; mso-color-alt: windowtext;\">19 Sept 2026 &#8211; 2 Okt 2026<\/span>\n                  <\/p>\n<\/td>\n<td style=\"width: 56.25pt; background: #F6C5AC; mso-background-themecolor: accent2; mso-background-themetint: 102; padding: .75pt .75pt .75pt .75pt;\" valign=\"bottom\" width=\"75\">\n<p style=\"text-align: center;\" align=\"center\">\n                    <span style=\"color: black; mso-color-alt: windowtext;\">\u20ac320<\/span>\n                  <\/p>\n<\/td>\n<\/tr>\n<tr style=\"mso-yfti-irow: 3; height: 87.6pt;\">\n<td style=\"width: 186.75pt; background: #FAE2D5; mso-background-themecolor: accent2; mso-background-themetint: 51; padding: .75pt .75pt .75pt .75pt; height: 87.6pt;\" valign=\"bottom\" width=\"249\">\n<p>\n                    <b><br \/>\n                      <span style=\"color: black; mso-color-alt: windowtext;\"> <\/span><br \/>\n                    <\/b>\n                  <\/p>\n<p>\n                    <b><br \/>\n                      <span style=\"color: black; mso-color-alt: windowtext;\">Saison #B<\/span><br \/>\n                    <\/b>\n                  <\/p>\n<p>\n                    <span style=\"color: black; mso-color-alt: windowtext;\">31. Mai 2025 &#8211; 27. Juni 2025<\/span>\n                  <\/p>\n<p>\n                    <span style=\"color: black; mso-color-alt: windowtext;\">30 Aug 2025 &#8211; 19 Sept 2025<\/span>\n                  <\/p>\n<p>\n                    <span style=\"color: black; mso-color-alt: windowtext;\">23. Mai 2026 &#8211; 26. Juni 2026<\/span>\n                  <\/p>\n<p>\n                    <span style=\"color: black; mso-color-alt: windowtext;\">29 Aug 2026 &#8211; 18 Sept 2026<\/span>\n                  <\/p>\n<\/td>\n<td style=\"width: 56.25pt; background: #F6C5AC; mso-background-themecolor: accent2; mso-background-themetint: 102; padding: .75pt .75pt .75pt .75pt; height: 87.6pt;\" valign=\"bottom\" width=\"75\">\n<p style=\"text-align: center;\" align=\"center\">\n                    <span style=\"color: black; mso-color-alt: windowtext;\">\u20ac400<\/span>\n                  <\/p>\n<\/td>\n<\/tr>\n<tr>\n<td style=\"width: 186.75pt; background: #FAE2D5; mso-background-themecolor: accent2; mso-background-themetint: 51; padding: .75pt .75pt .75pt .75pt;\" valign=\"bottom\" width=\"249\">\n<p>\n                    <b><br \/>\n                      <span style=\"color: black; mso-color-alt: windowtext;\">Saison #A<\/span><br \/>\n                    <\/b>\n                  <\/p>\n<p>\n                    <span style=\"color: black; mso-color-alt: windowtext;\">28 Jun 2025 &#8211; 29 Aug 2025<\/span>\n                  <\/p>\n<p>\n                    <span style=\"color: black; mso-color-alt: windowtext;\">27 Jun 2026 &#8211; 28 Aug 2026<\/span>\n                  <\/p>\n<\/td>\n<td style=\"width: 56.25pt; background: #F6C5AC; mso-background-themecolor: accent2; mso-background-themetint: 102; padding: .75pt .75pt .75pt .75pt;\" valign=\"bottom\" width=\"75\">\n<p style=\"text-align: center;\" align=\"center\">\n                    <span style=\"color: black; mso-color-alt: windowtext;\">\u20ac500<\/span>\n                  <\/p>\n<\/td>\n<\/tr>\n<tr>\n<td style=\"width: 186.75pt; background: #FAE2D5; mso-background-themecolor: accent2; mso-background-themetint: 51; padding: .75pt .75pt .75pt .75pt;\" valign=\"bottom\" width=\"249\">\n<p>\n                    <b><br \/>\n                      <span style=\"color: black; mso-color-alt: windowtext;\">Saison #E<\/span><br \/>\n                    <\/b>\n                  <\/p>\n<p>\n                    <span style=\"color: black; mso-color-alt: windowtext;\">20 Dez 2025 &#8211; 2 Jan 2026<\/span>\n                  <\/p>\n<\/td>\n<td style=\"width: 56.25pt; background: #F6C5AC; mso-background-themecolor: accent2; mso-background-themetint: 102; padding: .75pt .75pt .75pt .75pt;\" valign=\"bottom\" width=\"75\">\n<p style=\"text-align: center;\" align=\"center\">\n                    <span style=\"color: black; mso-color-alt: windowtext;\">\u20ac400<\/span>\n                  <\/p>\n<\/td>\n<\/tr>\n<\/tbody>\n<\/table>\n\t\t\t\t\t\t\t\t<\/div>\n\t\t\t\t<\/div>\n\t\t\t\t<\/div>\n\t\t\t\t\t<\/div>\n\t\t\t\t<\/div>\n\t\t<div class=\"elementor-element elementor-element-67fd97d e-flex e-con-boxed e-con e-parent\" data-id=\"67fd97d\" data-element_type=\"container\" data-e-type=\"container\">\n\t\t\t\t\t<div class=\"e-con-inner\">\n\t\t\t\t<div class=\"elementor-element elementor-element-e8dbb66 elementor-alert-info elementor-widget elementor-widget-alert\" data-id=\"e8dbb66\" data-element_type=\"widget\" data-e-type=\"widget\" data-widget_type=\"alert.default\">\n\t\t\t\t<div class=\"elementor-widget-container\">\n\t\t\t\t\t\t\t<div class=\"elementor-alert\" role=\"alert\">\n\n\t\t\t\t\t\t<span class=\"elementor-alert-title\">\u24d8 Entdecken Sie unsere Villa und buchen Sie Ihren Aufenthalt bei uns, mit den garantiert besten Online-Tarifen!<\/span>\n\t\t\t\n\t\t\t\t\t\t<span class=\"elementor-alert-description\"><p>Jetzt buchen, sp\u00e4ter bezahlen - sichern Sie sich Ihren Urlaub im Voraus und bezahlen Sie die Rechnung 30 Tage vor Ihrer Ankunft.<\/p>\n<\/span>\n\t\t\t\n\t\t\t\t\t\t<button type=\"button\" class=\"elementor-alert-dismiss\" aria-label=\"Hinweis ausblenden.\">\n\t\t\t\t\t\t\t\t\t<span aria-hidden=\"true\">&times;<\/span>\n\t\t\t\t\t\t\t<\/button>\n\t\t\t\n\t\t<\/div>\n\t\t\t\t\t\t<\/div>\n\t\t\t\t<\/div>\n\t\t\t\t\t<\/div>\n\t\t\t\t<\/div>\n\t\t<div class=\"elementor-element elementor-element-9104216 e-flex e-con-boxed e-con e-parent\" data-id=\"9104216\" data-element_type=\"container\" data-e-type=\"container\">\n\t\t\t\t\t<div class=\"e-con-inner\">\n\t\t\t\t<div class=\"elementor-element elementor-element-2a4a500 elementor-widget elementor-widget-kinsley-rooms-carousel\" data-id=\"2a4a500\" data-element_type=\"widget\" data-e-type=\"widget\" data-widget_type=\"kinsley-rooms-carousel.default\">\n\t\t\t\t<div class=\"elementor-widget-container\">\n\t\t\t\t\t\n\t\t<!-- rooms -->\n\t\t<section class=\"knsl-transition-none knsl-p-0-100\">\n\t\t\n\t\t<div class=\"container\">\t\t\t<div class=\"row align-items-center\">\n\t\t\t\t\t\t<div class=\"col-lg-12\">\n\t\t\t\t<div class=\"knsl-center knsl-title-frame knsl-scroll-animation knsl-mb-100\">\n\t\t\t\t\t\t\t\t<h2 class=\"knsl-title--h knsl-mb-20\">\n\t\t\t\t\t<span >\n\t\t\t\t\t\tUnsere Villen\t\t\t\t\t<\/span>\n\t\t\t\t<\/h2>\n\t\t\t\t\t\t\t\t\t\t\t\t<div class=\"knsl-text knsl-mb-30\">\n\t\t\t\t\t<p>\n\t\t\t\t\t<span >\n\t\t\t\t\t\tEntdecken Sie unsere atemberaubende Villenkollektion. Jede Villa ist sorgf\u00e4ltig entworfen und wundersch\u00f6n eingerichtet, um Ihnen den ultimativen Komfort und Entspannung f\u00fcr Ihren Urlaub zu bieten. Von atemberaubenden Aussichten bis hin zu luxuri\u00f6sen Annehmlichkeiten bieten unsere Villen ein wirklich unvergessliches Erlebnis.  \t\t\t\t\t<\/span>\n\t\t\t\t\t<\/p>\n\t\t\t\t<\/div>\n\t\t\t\t\t\t\t\t\t\t\t\t<\/div>\n\t\t\t<\/div>\n\t\t\t\n\t\t\t<div class=\"col-lg-12 attr-details-amenity-false attr-details-category-false attr-details-attributes-false attr-details-view-false attr-details-bed-type-false attr-details-children-false\">\n\t\t\t\t\t\t\t<\/div>\n\t\t\t<\/div>\n\t\t<\/div>\t\t<\/section>\n\t\t<!-- rooms end -->\n\n\t\t\t\t\t\t<\/div>\n\t\t\t\t<\/div>\n\t\t\t\t\t<\/div>\n\t\t\t\t<\/div>\n\t\t<div class=\"elementor-element elementor-element-b84c770 e-flex e-con-boxed e-con e-parent\" data-id=\"b84c770\" data-element_type=\"container\" data-e-type=\"container\">\n\t\t\t\t\t<div class=\"e-con-inner\">\n\t\t\t\t<div class=\"elementor-element elementor-element-630074c elementor-widget elementor-widget-html\" data-id=\"630074c\" data-element_type=\"widget\" data-e-type=\"widget\" data-widget_type=\"html.default\">\n\t\t\t\t<div class=\"elementor-widget-container\">\n\t\t\t\t\t\n          <script src=\"https:\/\/static.elfsight.com\/platform\/platform.js\" async=\"\"><\/script>\n          \n\n          <div class=\"elfsight-app-7373d419-27bc-4f36-ad03-a4c7b356a5ad\" data-elfsight-app-lazy=\"\"><\/div>\n        \t\t\t\t<\/div>\n\t\t\t\t<\/div>\n\t\t\t\t\t<\/div>\n\t\t\t\t<\/div>\n\t\t<div class=\"elementor-element elementor-element-d083c89 e-flex e-con-boxed e-con e-parent\" data-id=\"d083c89\" data-element_type=\"container\" data-e-type=\"container\">\n\t\t\t\t\t<div class=\"e-con-inner\">\n\t\t\t\t\t<\/div>\n\t\t\t\t<\/div>\n\t\t\t\t<\/div>\n\t\t","protected":false},"excerpt":{"rendered":"<p>LIEBE. GENIESSEN. R\u00dcCKKEHR. Preise Zwei-Schlafzimmer-Villa Standardtarif Tagessatz Saison #D 4 Jan 2025 &#8211; 25 Apr 2025 4 Okt 2025 &#8211;&#8230; <span class=\"knsl-el-more\"><a href=\"https:\/\/villamedveja.com\/de\/beste-preise-sky-pool-villas-medveja-kroatien-i-preisliste\/\" class=\"knsl-btn\">Read more<span class=\"screen-reader-text\">Read more&nbsp;Beste Preise | Sky Pool Villas Medveja (Kroatien) I PREISLISTE<\/span><\/a><\/span><\/p>\n","protected":false},"author":1,"featured_media":0,"parent":0,"menu_order":0,"comment_status":"closed","ping_status":"closed","template":"template-full-width.php","meta":{"_acf_changed":false,"om_disable_all_campaigns":false,"_monsterinsights_skip_tracking":false,"_monsterinsights_sitenote_active":false,"_monsterinsights_sitenote_note":"","_monsterinsights_sitenote_category":0,"_uf_show_specific_survey":0,"_uf_disable_surveys":false,"footnotes":""},"class_list":["post-7391","page","type-page","status-publish","hentry"],"acf":[],"aioseo_notices":[],"jetpack_sharing_enabled":true,"_links":{"self":[{"href":"https:\/\/villamedveja.com\/de\/wp-json\/wp\/v2\/pages\/7391","targetHints":{"allow":["GET"]}}],"collection":[{"href":"https:\/\/villamedveja.com\/de\/wp-json\/wp\/v2\/pages"}],"about":[{"href":"https:\/\/villamedveja.com\/de\/wp-json\/wp\/v2\/types\/page"}],"author":[{"embeddable":true,"href":"https:\/\/villamedveja.com\/de\/wp-json\/wp\/v2\/users\/1"}],"replies":[{"embeddable":true,"href":"https:\/\/villamedveja.com\/de\/wp-json\/wp\/v2\/comments?post=7391"}],"version-history":[{"count":0,"href":"https:\/\/villamedveja.com\/de\/wp-json\/wp\/v2\/pages\/7391\/revisions"}],"wp:attachment":[{"href":"https:\/\/villamedveja.com\/de\/wp-json\/wp\/v2\/media?parent=7391"}],"curies":[{"name":"wp","href":"https:\/\/api.w.org\/{rel}","templated":true}]}}