{"id":7436,"date":"2021-12-13T19:08:46","date_gmt":"2021-12-13T19:08:46","guid":{"rendered":"https:\/\/villamedveja.com\/alles-was-sie-ueber-unsere-exklusiven-sky-pool-villen-in-medveja-kroatien-wissen-muessen\/"},"modified":"2025-02-27T18:26:31","modified_gmt":"2025-02-27T18:26:31","slug":"alles-was-sie-ueber-unsere-exklusiven-sky-pool-villen-in-medveja-kroatien-wissen-muessen","status":"publish","type":"page","link":"https:\/\/villamedveja.com\/de\/alles-was-sie-ueber-unsere-exklusiven-sky-pool-villen-in-medveja-kroatien-wissen-muessen\/","title":{"rendered":"Alles, was Sie \u00fcber unsere exklusiven Sky Pool Villen in Medveja, Kroatien wissen m\u00fcssen"},"content":{"rendered":"\t\t<div data-elementor-type=\"wp-page\" data-elementor-id=\"7436\" class=\"elementor elementor-7436 elementor-688\">\n\t\t\t\t\t\t<section class=\"elementor-section elementor-top-section elementor-element elementor-element-df23630 elementor-section-full_width elementor-section-height-min-height elementor-section-height-default elementor-section-items-middle\" data-id=\"df23630\" data-element_type=\"section\" data-e-type=\"section\" data-settings=\"{&quot;background_background&quot;:&quot;classic&quot;}\">\n\t\t\t\t\t\t\t<div class=\"elementor-background-overlay\"><\/div>\n\t\t\t\t\t\t\t<div class=\"elementor-container elementor-column-gap-no\">\n\t\t\t\t\t<div class=\"elementor-column elementor-col-100 elementor-top-column elementor-element elementor-element-54d86cf\" data-id=\"54d86cf\" data-element_type=\"column\" data-e-type=\"column\">\n\t\t\t<div class=\"elementor-widget-wrap elementor-element-populated\">\n\t\t\t\t\t\t<div class=\"elementor-element elementor-element-f5a7b4f elementor-widget elementor-widget-kinsley-intro\" data-id=\"f5a7b4f\" data-element_type=\"widget\" data-e-type=\"widget\" data-widget_type=\"kinsley-intro.default\">\n\t\t\t\t<div class=\"elementor-widget-container\">\n\t\t\t\t\t\n    <!-- banner -->\n    <section class=\"knsl-banner-simple knsl-transition-bottom knsl-banner-white\">\n      \n\t  \n      <div class=\"container\">\n        <div class=\"row\">\n          <div class=\"col-lg-12\">\n\n            <div class=\"knsl-center knsl-title-frame\">\n                            <h1 class=\"knsl-title--h knsl-mb-20 knsl-h1-inner\">\n                <span >\n                    FAQ                <\/span>\n              <\/h1>\n                                          <p class=\"knsl-text knsl-mb-30\">\n                <span >\n                    Sehen Sie sich hier die Antworten auf die am h\u00e4ufigsten gestellten Fragen unserer G\u00e4ste an. F\u00fcr alle anderen Anfragen kontaktieren Sie uns bitte direkt.                 <\/span>\n              <\/p>\n              \n              \n            <\/div>\n\n          <\/div>\n        <\/div>\n      <\/div>\n    <\/section>\n    <!-- banner end -->\n\n\t\t\t\t\t\t<\/div>\n\t\t\t\t<\/div>\n\t\t\t\t\t<\/div>\n\t\t<\/div>\n\t\t\t\t\t<\/div>\n\t\t<\/section>\n\t\t\t\t<section class=\"elementor-section elementor-top-section elementor-element elementor-element-22fca77 elementor-section-full_width elementor-section-height-default elementor-section-height-default\" data-id=\"22fca77\" data-element_type=\"section\" data-e-type=\"section\">\n\t\t\t\t\t\t<div class=\"elementor-container elementor-column-gap-no\">\n\t\t\t\t\t<div class=\"elementor-column elementor-col-100 elementor-top-column elementor-element elementor-element-a2d9c7a\" data-id=\"a2d9c7a\" data-element_type=\"column\" data-e-type=\"column\">\n\t\t\t<div class=\"elementor-widget-wrap elementor-element-populated\">\n\t\t\t\t\t\t<div class=\"elementor-element elementor-element-a0aef6d elementor-widget elementor-widget-kinsley-faq-list\" data-id=\"a0aef6d\" data-element_type=\"widget\" data-e-type=\"widget\" data-widget_type=\"kinsley-faq-list.default\">\n\t\t\t\t<div class=\"elementor-widget-container\">\n\t\t\t\t\t\n\t\t<!-- faq -->\n\t\t<div class=\"container knsl-p-0-100\">\n\t\t\t\n\t\t\t<div class=\"row\" data-sticky-container>\n\t\t\t\t<div class=\"col-lg-3\">\n\t\t\t\t\t\t\t\t\t\t<!-- side form -->\n\t\t\t\t\t<div class=\"knsl-sticky knsl-stycky-left\" data-margin-top=\"110\">\n\t\t\t\t\t\t\t\t\t\t\t\t<h3 class=\"knsl-mb-30\">\n\t\t\t\t\t\t\t<span >\n\t\t\t\t\t\t\t\t<br>\t\t\t\t\t\t\t<\/span>\n\t\t\t\t\t\t<\/h3>\n\t\t\t\t\t\t\t\t\t\t\t\t<ul class=\"knsl-side-menu\">\n\t\t\t\t\t\t\t\t\t\t\t\t\t\t<li><a href=\"#faq-131\" class=\"knsl-sm-link knsl-active\">Bedingungen und Konditionen<\/a><\/li>\n\t\t\t\t\t\t\t\t\t\t\t\t\t\t<li><a href=\"#faq-135\" class=\"knsl-sm-link\">Dienstleistungen<\/a><\/li>\n\t\t\t\t\t\t\t\t\t\t\t\t\t<\/ul>\n\t\t\t\t\t<\/div>\n\t\t\t\t\t<!-- side form end -->\n\t\t\t\t\t\t\t\t\t<\/div>\n\t\t\t\t<div class=\"col-lg-9\">\n\t\t\t\t\t<section>\n\t\t\t\t\t\t\t\t\t\t\t\t<div id=\"accordion\">\n\t\t\t\t\t\t\t\t\t\t\t\t\t\t<h3 class=\"knsl-mb-30\">Bedingungen und Konditionen<\/h3>\n\t\t\t\t\t\t\t<div class=\"knsl-faq knsl-mb-60\" id=\"faq-131\">\n\t\t\t\t\t\t\t\t\n\n<div class=\"card\">\n\t<div class=\"card-header\" id=\"knsl-faqHeading-7314\">\n\t\t<div class=\"mb-0\">\n\t\t\t<h6 class=\"knsl-faq-title\" data-toggle=\"collapse\" data-target=\"#knsl-faqCollapse-7314\" data-aria-expanded=\"true\" data-aria-controls=\"knsl-faqCollapse-7314\">\n\t\t\t\t<span class=\"badge\">1<\/span>\n\t\t\t\tWie lauten die Stornierungsbedingungen in der Sky Pool Villa Medveja?\t\t\t<\/h6>\n\t\t<\/div>\n\t<\/div>\n\t<div id=\"knsl-faqCollapse-7314\" class=\"collapse\" aria-labelledby=\"knsl-faqHeading-7314\" data-parent=\"#accordion\">\n\t\t<div class=\"knsl-card-body\">\n\t\t\t<p>Die Stornierungsbedingungen in der Sky Pool Villa Medveja sind wie folgt: volle R\u00fcckerstattung bei Stornierungen, die mindestens 30 Tage vor dem Check-in erfolgen. Keine R\u00fcckerstattung bei Stornierungen innerhalb von 30 Tagen nach dem Check-in.<\/p>\n\t\t<\/div>\n\t<\/div>\n<\/div>\n\n\n<div class=\"card\">\n\t<div class=\"card-header\" id=\"knsl-faqHeading-7355\">\n\t\t<div class=\"mb-0\">\n\t\t\t<h6 class=\"knsl-faq-title\" data-toggle=\"collapse\" data-target=\"#knsl-faqCollapse-7355\" data-aria-expanded=\"true\" data-aria-controls=\"knsl-faqCollapse-7355\">\n\t\t\t\t<span class=\"badge\">2<\/span>\n\t\t\t\tGibt es Altersbeschr\u00e4nkungen f\u00fcr G\u00e4ste, die in der Villa \u00fcbernachten?\t\t\t<\/h6>\n\t\t<\/div>\n\t<\/div>\n\t<div id=\"knsl-faqCollapse-7355\" class=\"collapse\" aria-labelledby=\"knsl-faqHeading-7355\" data-parent=\"#accordion\">\n\t\t<div class=\"knsl-card-body\">\n\t\t\t<p>G\u00e4ste m\u00fcssen mindestens 18 Jahre alt sein, um in der Villa zu wohnen.<\/p>\n\t\t<\/div>\n\t<\/div>\n<\/div>\n\n\n<div class=\"card\">\n\t<div class=\"card-header\" id=\"knsl-faqHeading-7350\">\n\t\t<div class=\"mb-0\">\n\t\t\t<h6 class=\"knsl-faq-title\" data-toggle=\"collapse\" data-target=\"#knsl-faqCollapse-7350\" data-aria-expanded=\"true\" data-aria-controls=\"knsl-faqCollapse-7350\">\n\t\t\t\t<span class=\"badge\">3<\/span>\n\t\t\t\tGibt es eine Mindestaufenthaltsdauer f\u00fcr die Villa?\t\t\t<\/h6>\n\t\t<\/div>\n\t<\/div>\n\t<div id=\"knsl-faqCollapse-7350\" class=\"collapse\" aria-labelledby=\"knsl-faqHeading-7350\" data-parent=\"#accordion\">\n\t\t<div class=\"knsl-card-body\">\n\t\t\t<p>F\u00fcr die Sky Pool Villa Medveja ist ein Mindestaufenthalt von 3 N\u00e4chten erforderlich.<\/p>\n\t\t<\/div>\n\t<\/div>\n<\/div>\n\n\n<div class=\"card\">\n\t<div class=\"card-header\" id=\"knsl-faqHeading-7345\">\n\t\t<div class=\"mb-0\">\n\t\t\t<h6 class=\"knsl-faq-title\" data-toggle=\"collapse\" data-target=\"#knsl-faqCollapse-7345\" data-aria-expanded=\"true\" data-aria-controls=\"knsl-faqCollapse-7345\">\n\t\t\t\t<span class=\"badge\">4<\/span>\n\t\t\t\tWie ist der L\u00e4rmpegel und die Regelung der Ruhezeiten in der Villa?\t\t\t<\/h6>\n\t\t<\/div>\n\t<\/div>\n\t<div id=\"knsl-faqCollapse-7345\" class=\"collapse\" aria-labelledby=\"knsl-faqHeading-7345\" data-parent=\"#accordion\">\n\t\t<div class=\"knsl-card-body\">\n\t\t\t<p>Es gibt zwar keine strengen Richtlinien, aber es wird von den G\u00e4sten erwartet, dass sie auf den L\u00e4rmpegel achten und sich an die Ruhezeiten halten, um den Komfort der anderen G\u00e4ste in der Umgebung zu gew\u00e4hrleisten.<\/p>\n\t\t<\/div>\n\t<\/div>\n<\/div>\n\n\n<div class=\"card\">\n\t<div class=\"card-header\" id=\"knsl-faqHeading-7339\">\n\t\t<div class=\"mb-0\">\n\t\t\t<h6 class=\"knsl-faq-title\" data-toggle=\"collapse\" data-target=\"#knsl-faqCollapse-7339\" data-aria-expanded=\"true\" data-aria-controls=\"knsl-faqCollapse-7339\">\n\t\t\t\t<span class=\"badge\">5<\/span>\n\t\t\t\tK\u00f6nnen G\u00e4ste in der Sky Pool Villa Medveja Veranstaltungen oder Partys ausrichten?\t\t\t<\/h6>\n\t\t<\/div>\n\t<\/div>\n\t<div id=\"knsl-faqCollapse-7339\" class=\"collapse\" aria-labelledby=\"knsl-faqHeading-7339\" data-parent=\"#accordion\">\n\t\t<div class=\"knsl-card-body\">\n\t\t\t<p>Veranstaltungen oder Partys sind in der Sky Pool Villa Medveja ohne vorherige Genehmigung des Managements nicht gestattet. Es k\u00f6nnen zus\u00e4tzliche Geb\u00fchren und Einschr\u00e4nkungen gelten.<\/p>\n\t\t<\/div>\n\t<\/div>\n<\/div>\n\n\n<div class=\"card\">\n\t<div class=\"card-header\" id=\"knsl-faqHeading-7344\">\n\t\t<div class=\"mb-0\">\n\t\t\t<h6 class=\"knsl-faq-title\" data-toggle=\"collapse\" data-target=\"#knsl-faqCollapse-7344\" data-aria-expanded=\"true\" data-aria-controls=\"knsl-faqCollapse-7344\">\n\t\t\t\t<span class=\"badge\">6<\/span>\n\t\t\t\tWie sieht die Haftpflichtversicherung f\u00fcr G\u00e4ste aus, die in der Villa wohnen?\t\t\t<\/h6>\n\t\t<\/div>\n\t<\/div>\n\t<div id=\"knsl-faqCollapse-7344\" class=\"collapse\" aria-labelledby=\"knsl-faqHeading-7344\" data-parent=\"#accordion\">\n\t\t<div class=\"knsl-card-body\">\n\t\t\t<p>Die G\u00e4ste sind verpflichtet, Sch\u00e4den oder Verluste, die w\u00e4hrend ihres Aufenthalts in der Sky Pool Villa Medveja auftreten, bis zu einer Selbstbeteiligung von 500 EUR selbst zu tragen. Die Villa \u00fcbernimmt keine Verantwortung f\u00fcr Unf\u00e4lle, Verletzungen oder Diebstahl von pers\u00f6nlichen Gegenst\u00e4nden. Es ist ratsam, eine Reiseversicherung f\u00fcr zus\u00e4tzliche Sicherheit abzuschlie\u00dfen.<\/p>\n\t\t<\/div>\n\t<\/div>\n<\/div>\n\t\t\t\t\t\t\t<\/div>\n\t\t\t\t\t\t\t\t\t\t\t\t\t\t<h3 class=\"knsl-mb-30\">Dienstleistungen<\/h3>\n\t\t\t\t\t\t\t<div class=\"knsl-faq knsl-mb-60\" id=\"faq-135\">\n\t\t\t\t\t\t\t\t\n\n<div class=\"card\">\n\t<div class=\"card-header\" id=\"knsl-faqHeading-7338\">\n\t\t<div class=\"mb-0\">\n\t\t\t<h6 class=\"knsl-faq-title\" data-toggle=\"collapse\" data-target=\"#knsl-faqCollapse-7338\" data-aria-expanded=\"true\" data-aria-controls=\"knsl-faqCollapse-7338\">\n\t\t\t\t<span class=\"badge\">1<\/span>\n\t\t\t\tWelche Leistungen sind in der Sky Pool Villa Medveja, Kroatien, enthalten?\t\t\t<\/h6>\n\t\t<\/div>\n\t<\/div>\n\t<div id=\"knsl-faqCollapse-7338\" class=\"collapse\" aria-labelledby=\"knsl-faqHeading-7338\" data-parent=\"#accordion\">\n\t\t<div class=\"knsl-card-body\">\n\t\t\t<p>Die Preise sind all-inclusive und beinhalten alle Annehmlichkeiten wie w\u00f6chentliche Haushaltsf\u00fchrung, kostenloses Wi-Fi, Zugang zum privaten Pool und zur Sauna, einen Grill im Freien und eine voll ausgestattete K\u00fcche. Alle Steuern sind im Preis inbegriffen. <\/p>\n\t\t<\/div>\n\t<\/div>\n<\/div>\n\n\n<div class=\"card\">\n\t<div class=\"card-header\" id=\"knsl-faqHeading-7332\">\n\t\t<div class=\"mb-0\">\n\t\t\t<h6 class=\"knsl-faq-title\" data-toggle=\"collapse\" data-target=\"#knsl-faqCollapse-7332\" data-aria-expanded=\"true\" data-aria-controls=\"knsl-faqCollapse-7332\">\n\t\t\t\t<span class=\"badge\">2<\/span>\n\t\t\t\tIst das Fr\u00fchst\u00fcck im Preis f\u00fcr die \u00dcbernachtung in der Sky Pool Villa Medveja enthalten?\t\t\t<\/h6>\n\t\t<\/div>\n\t<\/div>\n\t<div id=\"knsl-faqCollapse-7332\" class=\"collapse\" aria-labelledby=\"knsl-faqHeading-7332\" data-parent=\"#accordion\">\n\t\t<div class=\"knsl-card-body\">\n\t\t\t<p>Wir bieten kein Fr\u00fchst\u00fcck an, aber jede Villa ist mit einer voll ausgestatteten K\u00fcche ausgestattet. Ein Supermarkt befindet sich nur 5 Fahrminuten (4 km) entfernt an der Hauptstra\u00dfe, die zur Villa f\u00fchrt. Wir empfehlen Ihnen, auf dem Weg zur Villa einen kurzen Stopp im Supermarkt einzuplanen.  <\/p>\n\t\t<\/div>\n\t<\/div>\n<\/div>\n\n\n<div class=\"card\">\n\t<div class=\"card-header\" id=\"knsl-faqHeading-7333\">\n\t\t<div class=\"mb-0\">\n\t\t\t<h6 class=\"knsl-faq-title\" data-toggle=\"collapse\" data-target=\"#knsl-faqCollapse-7333\" data-aria-expanded=\"true\" data-aria-controls=\"knsl-faqCollapse-7333\">\n\t\t\t\t<span class=\"badge\">3<\/span>\n\t\t\t\tBietet die Villa Freizeitaktivit\u00e4ten oder Ausfl\u00fcge an?\t\t\t<\/h6>\n\t\t<\/div>\n\t<\/div>\n\t<div id=\"knsl-faqCollapse-7333\" class=\"collapse\" aria-labelledby=\"knsl-faqHeading-7333\" data-parent=\"#accordion\">\n\t\t<div class=\"knsl-card-body\">\n\t\t\t<p>Wir k\u00f6nnen diverse Freizeitaktivit\u00e4ten und Ausfl\u00fcge f\u00fcr Sie organisieren, einschlie\u00dflich Bootsfahrten oder Bootsverleih, um das glasklare Wasser der Adria zu entdecken. Egal, ob Sie lieber am Pool relaxen oder ein Abenteuer erleben m\u00f6chten, wir unterst\u00fctzen Sie dabei, Ihren Aufenthalt unvergesslich zu gestalten. <\/p>\n\t\t<\/div>\n\t<\/div>\n<\/div>\n\n\n<div class=\"card\">\n\t<div class=\"card-header\" id=\"knsl-faqHeading-7328\">\n\t\t<div class=\"mb-0\">\n\t\t\t<h6 class=\"knsl-faq-title\" data-toggle=\"collapse\" data-target=\"#knsl-faqCollapse-7328\" data-aria-expanded=\"true\" data-aria-controls=\"knsl-faqCollapse-7328\">\n\t\t\t\t<span class=\"badge\">4<\/span>\n\t\t\t\tK\u00f6nnen G\u00e4ste einen Transport zur und von der Villa organisieren?\t\t\t<\/h6>\n\t\t<\/div>\n\t<\/div>\n\t<div id=\"knsl-faqCollapse-7328\" class=\"collapse\" aria-labelledby=\"knsl-faqHeading-7328\" data-parent=\"#accordion\">\n\t\t<div class=\"knsl-card-body\">\n\t\t\t<p>Ein Transport zur und von der Villa kann auf Anfrage und gegen eine zus\u00e4tzliche Geb\u00fchr organisiert werden.<\/p>\n\t\t<\/div>\n\t<\/div>\n<\/div>\n\t\t\t\t\t\t\t<\/div>\n\t\t\t\t\t\t\t\t\t\t\t\t\t<\/div>\n\t\t\t\t\t\t\t\t\t\t\t<\/section>\n\n\t\t\t\t\t\t\t\t\t\t<section>\n\t\t\t\t\t\t<div class=\"row\">\n\t\t\t\t\t\t\t<div class=\"col-lg-12\">\n\t\t\t\t\t\t\t\t\t\t\t\t\t\t\t\t<h3 class=\"knsl-mb-40 knsl-scroll-animation\">\n\t\t\t\t\t\t\t\t\t<span >\n\t\t\t\t\t\t\t\t\t\tSie haben die Antwort nicht gefunden?\t\t\t\t\t\t\t\t\t<\/span>\n\t\t\t\t\t\t\t\t<\/h3>\n\t\t\t\t\t\t\t\t\t\t\t\t\t\t\t<\/div>\n\t\t\t\t\t\t\t\t\t\t\t\t\t\t<div class=\"col-lg-12\">\n\t\t\t\t\t\t\t\t<div class=\"knsl-scroll-animation-default\">\n\t\t\t\t\t\t\t\t\t[contact-form-7 id=\"384\"]\t\t\t\t\t\t\t\t<\/div>\n\t\t\t\t\t\t\t<\/div>\n\t\t\t\t\t\t\t\t\t\t\t\t\t<\/div>\n\t\t\t\t\t<\/section>\n\t\t\t\t\t\t\t\t\t<\/div>\n\t\t\t<\/div>\n\n\t\t<\/div>\t\t<!-- faq end -->\n\n\t\t\t\t\t\t<\/div>\n\t\t\t\t<\/div>\n\t\t\t\t\t<\/div>\n\t\t<\/div>\n\t\t\t\t\t<\/div>\n\t\t<\/section>\n\t\t\t\t<section class=\"elementor-section elementor-top-section elementor-element elementor-element-62f5cfc elementor-section-full_width elementor-section-height-default elementor-section-height-default\" data-id=\"62f5cfc\" data-element_type=\"section\" data-e-type=\"section\">\n\t\t\t\t\t\t<div class=\"elementor-container elementor-column-gap-no\">\n\t\t\t\t\t<div class=\"elementor-column elementor-col-100 elementor-top-column elementor-element elementor-element-ba8af1e\" data-id=\"ba8af1e\" data-element_type=\"column\" data-e-type=\"column\">\n\t\t\t<div class=\"elementor-widget-wrap elementor-element-populated\">\n\t\t\t\t\t\t<div class=\"elementor-element elementor-element-1604299 elementor-widget elementor-widget-kinsley-blog-grid\" data-id=\"1604299\" data-element_type=\"widget\" data-e-type=\"widget\" data-widget_type=\"kinsley-blog-grid.default\">\n\t\t\t\t<div class=\"elementor-widget-container\">\n\t\t\t\t\t\n\t<!-- blog -->\n\t<section class=\"knsl-transition-none knsl-p-0-80\">\n\t\t\n\t    <div class=\"container\">\t\t\t<div class=\"row  attr-categories-false attr-readmore-false\">\n\t\t\t\t\t\t\t\t<div class=\"col-lg-12\">\n\t\t\t\t\t<div class=\"knsl-center knsl-title-frame knsl-scroll-animation knsl-mb-100 knsl-title-left\">\n\t\t\t\t\t\t\t\t\t\t<h2 class=\"knsl-title--h knsl-mb-20\">\n\t\t\t\t\t\t<span >\n\t\t\t\t\t\t\t\t\tUnser Newsletter\t\t\t\t\t\t\t\t<\/span>\n\t\t\t\t\t<\/h2>\n\t\t\t\t\t\t\t\t\t\t\t\t\t\t\t<p class=\"knsl-text knsl-mb-30\">\n\t\t\t\t\t\t<span >\n\t\t\t\t\t\t\t\t\tIn unserem Newsletter finden Sie handverlesene Artikel mit Insider-Tipps und Sehensw\u00fcrdigkeiten rund um die Sky Pool Villa Medveja und ihre Umgebung. Von exklusiven Einblicken in die Annehmlichkeiten der Villa bis hin zu Empfehlungen f\u00fcr lokale Restaurants und bevorstehende Veranstaltungen - unser Newsletter ist Ihr Leitfaden, um das Beste von Medveja, Kroatien, zu entdecken. \t\t\t\t\t\t\t\t<\/span>\n\t\t\t\t\t<\/p>\n\t\t\t\t\t\t\t\t\t\t\t\t\t\t\t<a  href=\"\/kinsley\/luxury-demo\/blog\/\" class=\"knsl-btn knsl-btn-md\">\n\t\t\t\t\t\t<span >\n\t\t\t\t\t\t\t\t\tAlle Ver\u00f6ffentlichungen\t\t\t\t\t\t\t\t<\/span>\n\t\t\t\t\t<\/a>\n\t\t\t\t\t\t\t\t\t\t<\/div>\n\t\t\t\t<\/div>\n\t\t\t\t\n\t\t\t\t\t\t\t\t\t\t\t\t<div class=\"col-md-6 col-lg-4\">\n\n\t\t\t\t\t\n\n\n<!-- blog card -->\n<div class=\"knsl-blog-card\">\n  <div id=\"post-7461\" class=\"post-7461 post type-post status-publish format-standard has-post-thumbnail hentry category-unkategorisiert\">\n    <div class=\"knsl-cover-frame\">\n    <a href=\"https:\/\/villamedveja.com\/de\/sehenswertes-nahe-medveja-kroatien\/\">\n    \t    \t<img decoding=\"async\" src=\"https:\/\/villamedveja.com\/wp-content\/uploads\/2024\/11\/tracking-opatija-950x1423.jpg\" alt=\"Sehenswertes nahe Medveja, Kroatien\" \/>\n    \t    <\/a>\n\t\t<div class=\"knsl-badge\">\n\t\t\tUnkategorisiert\t\t<\/div>\n  <\/div>\n    <div class=\"knsl-description-frame\">\n    <div class=\"knsl-room-features\">\n      <div class=\"knsl-feature knsl-feature-author\">\n                <div class=\"knsl-icon-frame knsl-icon-author\"><img decoding=\"async\" src=\"https:\/\/secure.gravatar.com\/avatar\/fae8c4a2ca670658cb0dc2c1c96dec18bb193362fc91490a72f02e9a9e389047?s=96&#038;d=mm&#038;r=g\" alt=\"admin\" \/><\/div>\n                <span>admin<\/span>\n      <\/div>\n\n      \t  \t<div class=\"knsl-feature knsl-feature-date\">\n        <div class=\"knsl-icon-frame\"><span class=\"img-svg img-svg-time\"><\/span><\/div>\n        <span>24\/11\/2024<\/span>\n      <\/div>\n\t  \t    <\/div>\n    <a href=\"https:\/\/villamedveja.com\/de\/sehenswertes-nahe-medveja-kroatien\/\" class=\"knsl-title\">\n      <h4 class=\"knsl-mb-20\">Sehenswertes nahe Medveja, Kroatien<\/h4>\n    <\/a>\n    <div class=\"knsl-text-light knsl-text-sm\">\n    \t<p>BESTE ORTE IN DER N\u00c4HE VON MEDVEJA ZU BESUCHEN An der Riviera von Opatija&#8230; <span class=\"knsl-el-more\"><a href=\"https:\/\/villamedveja.com\/de\/sehenswertes-nahe-medveja-kroatien\/\" class=\"knsl-btn\">Read more<span class=\"screen-reader-text\">Read more&nbsp;Sehenswertes nahe Medveja, Kroatien<\/span><\/a><\/span><\/p>\n    <\/div>\n  <\/div>\n  <\/div>\n<\/div>\n<!-- blog card end -->\n\n\n\t\t\t\t<\/div>\n\t\t\t\t\t\t\t\t<div class=\"col-md-6 col-lg-4\">\n\n\t\t\t\t\t\n\n\n<!-- blog card -->\n<div class=\"knsl-blog-card\">\n  <div id=\"post-7419\" class=\"post-7419 post type-post status-publish format-standard has-post-thumbnail hentry category-unkategorisiert\">\n    <div class=\"knsl-cover-frame\">\n    <a href=\"https:\/\/villamedveja.com\/de\/tagesausfluege-von-medveja-i-orte-in-der-naehe\/\">\n    \t    \t<img decoding=\"async\" src=\"https:\/\/villamedveja.com\/wp-content\/uploads\/2024\/11\/places-nearby-medveja-croatia-950x713.png\" alt=\"Tagesausfl\u00fcge von Medveja I Orte in der N\u00e4he\" \/>\n    \t    <\/a>\n\t\t<div class=\"knsl-badge\">\n\t\t\tUnkategorisiert\t\t<\/div>\n  <\/div>\n    <div class=\"knsl-description-frame\">\n    <div class=\"knsl-room-features\">\n      <div class=\"knsl-feature knsl-feature-author\">\n                <div class=\"knsl-icon-frame knsl-icon-author\"><img decoding=\"async\" src=\"https:\/\/secure.gravatar.com\/avatar\/fae8c4a2ca670658cb0dc2c1c96dec18bb193362fc91490a72f02e9a9e389047?s=96&#038;d=mm&#038;r=g\" alt=\"admin\" \/><\/div>\n                <span>admin<\/span>\n      <\/div>\n\n      \t  \t<div class=\"knsl-feature knsl-feature-date\">\n        <div class=\"knsl-icon-frame\"><span class=\"img-svg img-svg-time\"><\/span><\/div>\n        <span>24\/11\/2024<\/span>\n      <\/div>\n\t  \t    <\/div>\n    <a href=\"https:\/\/villamedveja.com\/de\/tagesausfluege-von-medveja-i-orte-in-der-naehe\/\" class=\"knsl-title\">\n      <h4 class=\"knsl-mb-20\">Tagesausfl\u00fcge von Medveja I Orte in der N\u00e4he<\/h4>\n    <\/a>\n    <div class=\"knsl-text-light knsl-text-sm\">\n    \t<p>MEDVEJA &#8211; TAGESAUSFL\u00dcGE \/ AUSFLUGSZIELE Dank seiner Lage an der K\u00fcstenstra\u00dfe von Rijeka nach&#8230; <span class=\"knsl-el-more\"><a href=\"https:\/\/villamedveja.com\/de\/tagesausfluege-von-medveja-i-orte-in-der-naehe\/\" class=\"knsl-btn\">Read more<span class=\"screen-reader-text\">Read more&nbsp;Tagesausfl\u00fcge von Medveja I Orte in der N\u00e4he<\/span><\/a><\/span><\/p>\n    <\/div>\n  <\/div>\n  <\/div>\n<\/div>\n<!-- blog card end -->\n\n\n\t\t\t\t<\/div>\n\t\t\t\t\t\t\t\t<div class=\"col-md-6 col-lg-4\">\n\n\t\t\t\t\t\n\n\n<!-- blog card -->\n<div class=\"knsl-blog-card\">\n  <div id=\"post-7407\" class=\"post-7407 post type-post status-publish format-standard has-post-thumbnail hentry category-unkategorisiert\">\n    <div class=\"knsl-cover-frame\">\n    <a href=\"https:\/\/villamedveja.com\/de\/lernen-sie-opatija-kroatien-kennen\/\">\n    \t    \t<img decoding=\"async\" src=\"https:\/\/villamedveja.com\/wp-content\/uploads\/2024\/11\/Opatija-Croatia-950x633.jpg\" alt=\"Lernen Sie Opatija, Kroatien kennen\" \/>\n    \t    <\/a>\n\t\t<div class=\"knsl-badge\">\n\t\t\tUnkategorisiert\t\t<\/div>\n  <\/div>\n    <div class=\"knsl-description-frame\">\n    <div class=\"knsl-room-features\">\n      <div class=\"knsl-feature knsl-feature-author\">\n                <div class=\"knsl-icon-frame knsl-icon-author\"><img decoding=\"async\" src=\"https:\/\/secure.gravatar.com\/avatar\/fae8c4a2ca670658cb0dc2c1c96dec18bb193362fc91490a72f02e9a9e389047?s=96&#038;d=mm&#038;r=g\" alt=\"admin\" \/><\/div>\n                <span>admin<\/span>\n      <\/div>\n\n      \t  \t<div class=\"knsl-feature knsl-feature-date\">\n        <div class=\"knsl-icon-frame\"><span class=\"img-svg img-svg-time\"><\/span><\/div>\n        <span>24\/11\/2024<\/span>\n      <\/div>\n\t  \t    <\/div>\n    <a href=\"https:\/\/villamedveja.com\/de\/lernen-sie-opatija-kroatien-kennen\/\" class=\"knsl-title\">\n      <h4 class=\"knsl-mb-20\">Lernen Sie Opatija, Kroatien kennen<\/h4>\n    <\/a>\n    <div class=\"knsl-text-light knsl-text-sm\">\n    \t<p>\u00dcber Opatija I Villa Angiolina, Lungomare, Parks und Kamelien I Historische Hotels und Feste I Gesundheit und Wellness I Kongresse I Gastronomie<\/p>\n    <\/div>\n  <\/div>\n  <\/div>\n<\/div>\n<!-- blog card end -->\n\n\n\t\t\t\t<\/div>\n\t\t\t\t\n\t      \t\t\n\t\t\t\t\t    \t\t\n\t    \t<\/div>\n\t\t<\/div>\t<\/section>\n\t<!-- blog end -->\n\n\t\t\t\t\t\t<\/div>\n\t\t\t\t<\/div>\n\t\t\t\t\t<\/div>\n\t\t<\/div>\n\t\t\t\t\t<\/div>\n\t\t<\/section>\n\t\t\t\t<\/div>\n\t\t","protected":false},"excerpt":{"rendered":"<p>FAQ Sehen Sie sich hier die Antworten auf die am h\u00e4ufigsten gestellten Fragen unserer&#8230; <span class=\"knsl-el-more\"><a href=\"https:\/\/villamedveja.com\/de\/lernen-sie-opatija-kroatien-kennen\/\" class=\"knsl-btn\">Read more<span class=\"screen-reader-text\">Read more&nbsp;Lernen Sie Opatija, Kroatien kennen<\/span><\/a><\/span><\/p>\n","protected":false},"author":1,"featured_media":0,"parent":0,"menu_order":0,"comment_status":"closed","ping_status":"closed","template":"elementor_header_footer","meta":{"_acf_changed":false,"om_disable_all_campaigns":false,"_monsterinsights_skip_tracking":false,"_monsterinsights_sitenote_active":false,"_monsterinsights_sitenote_note":"","_monsterinsights_sitenote_category":0,"_uf_show_specific_survey":0,"_uf_disable_surveys":false,"footnotes":""},"class_list":["post-7436","page","type-page","status-publish","hentry"],"acf":[],"aioseo_notices":[],"jetpack_sharing_enabled":true,"_links":{"self":[{"href":"https:\/\/villamedveja.com\/de\/wp-json\/wp\/v2\/pages\/7436","targetHints":{"allow":["GET"]}}],"collection":[{"href":"https:\/\/villamedveja.com\/de\/wp-json\/wp\/v2\/pages"}],"about":[{"href":"https:\/\/villamedveja.com\/de\/wp-json\/wp\/v2\/types\/page"}],"author":[{"embeddable":true,"href":"https:\/\/villamedveja.com\/de\/wp-json\/wp\/v2\/users\/1"}],"replies":[{"embeddable":true,"href":"https:\/\/villamedveja.com\/de\/wp-json\/wp\/v2\/comments?post=7436"}],"version-history":[{"count":1,"href":"https:\/\/villamedveja.com\/de\/wp-json\/wp\/v2\/pages\/7436\/revisions"}],"predecessor-version":[{"id":8018,"href":"https:\/\/villamedveja.com\/de\/wp-json\/wp\/v2\/pages\/7436\/revisions\/8018"}],"wp:attachment":[{"href":"https:\/\/villamedveja.com\/de\/wp-json\/wp\/v2\/media?parent=7436"}],"curies":[{"name":"wp","href":"https:\/\/api.w.org\/{rel}","templated":true}]}}