{"id":7475,"date":"2024-11-24T17:52:37","date_gmt":"2024-11-24T17:52:37","guid":{"rendered":"https:\/\/villamedveja.com\/medveja-i-villa-mit-privatem-beheiztem-pool-in-kroatien\/"},"modified":"2025-01-06T13:24:57","modified_gmt":"2025-01-06T13:24:57","slug":"medveja-i-villa-mit-privatem-beheiztem-pool-in-kroatien","status":"publish","type":"page","link":"https:\/\/villamedveja.com\/de\/medveja-i-villa-mit-privatem-beheiztem-pool-in-kroatien\/","title":{"rendered":"MEDVEJA I Villa mit privatem beheiztem Pool in Kroatien"},"content":{"rendered":"\t\t<div data-elementor-type=\"wp-page\" data-elementor-id=\"7475\" class=\"elementor elementor-7475 elementor-6422\">\n\t\t\t\t\t\t<section class=\"elementor-section elementor-top-section elementor-element elementor-element-aa29d16 elementor-section-full_width elementor-section-height-full elementor-section-height-default elementor-section-items-middle\" data-id=\"aa29d16\" data-element_type=\"section\" data-e-type=\"section\" data-settings=\"{&quot;background_background&quot;:&quot;classic&quot;}\">\n\t\t\t\t\t\t\t<div class=\"elementor-background-overlay\"><\/div>\n\t\t\t\t\t\t\t<div class=\"elementor-container elementor-column-gap-no\">\n\t\t\t\t\t<div class=\"elementor-column elementor-col-100 elementor-top-column elementor-element elementor-element-80c94c1\" data-id=\"80c94c1\" data-element_type=\"column\" data-e-type=\"column\">\n\t\t\t<div class=\"elementor-widget-wrap elementor-element-populated\">\n\t\t\t\t\t\t<div class=\"elementor-element elementor-element-dc81c8f elementor-widget elementor-widget-heading\" data-id=\"dc81c8f\" data-element_type=\"widget\" data-e-type=\"widget\" data-widget_type=\"heading.default\">\n\t\t\t\t<div class=\"elementor-widget-container\">\n\t\t\t\t\t<h5 class=\"elementor-heading-title elementor-size-default\">LIEBE. GENIESSEN. R\u00dcCKKEHR.  <\/h5>\t\t\t\t<\/div>\n\t\t\t\t<\/div>\n\t\t\t\t\t<\/div>\n\t\t<\/div>\n\t\t\t\t\t<\/div>\n\t\t<\/section>\n\t\t<div class=\"elementor-element elementor-element-9132fd6 e-flex e-con-boxed e-con e-parent\" data-id=\"9132fd6\" data-element_type=\"container\" data-e-type=\"container\">\n\t\t\t\t\t<div class=\"e-con-inner\">\n\t\t\t\t<div class=\"elementor-element elementor-element-81ac280 elementor-widget elementor-widget-text-editor\" data-id=\"81ac280\" data-element_type=\"widget\" data-e-type=\"widget\" data-widget_type=\"text-editor.default\">\n\t\t\t\t<div class=\"elementor-widget-container\">\n\t\t\t\t\t\t\t\t\t<h2>GENIESSEN SIE DAS GANZE JAHR \u00dcBER EIN WARMES BAD IN UNSEREM BEHEIZTEN SWIMMINGPOOL.<\/h2>\n<figure class=\"redactor-component\" tabindex=\"-1\" contenteditable=\"false\" data-redactor-type=\"image\"><img decoding=\"async\" src=\"https:\/\/l.icdbcdn.com\/oh\/5d2a9875-f3d4-40be-a1f6-582f3545d8d7.jpg?f=32&amp;nocache=1\"><\/figure>\n<h1>Villa Medveja mit privatem beheiztem Pool<\/h1>\n<p>Finden Sie die ersehnte Ruhe und Abgeschiedenheit in der Sky Pool Villa Medveja mit zwei Schlafzimmern und privatem beheiztem Pool.<\/p>\n<p>Erleben Sie eine unvergleichliche Kombination aus Eleganz und Luxus und genie\u00dfen Sie einen romantischen Kurzurlaub an der Kvarner Bucht.<\/p>\n<p>In der Sky Pool Villa mit privatem beheiztem Pool in Kroatien wohnen Sie in einer 150 m\u00b2 gro\u00dfen Privatvilla mit zwei Hauptschlafzimmern, die jeweils \u00fcber ein eigenes Bad verf\u00fcgen.   <\/p>\n<p>Im Erdgeschoss befindet sich ein stilvoller Wohnbereich, der zur offenen, voll ausgestatteten K\u00fcche f\u00fchrt.<\/p>\n<p>Das Wohnzimmer \u00f6ffnet sich zu einer majest\u00e4tischen Au\u00dfenoase. Tauchen Sie ein in den Infinity-Pool und genie\u00dfen Sie den unvergleichlichen Meerblick von der sonnenverw\u00f6hnten Terrasse der Villa. G\u00f6nnen Sie sich mit Ihrem Partner die Freuden Ihres eigenen privaten Spas, entspannen Sie in der Sauna oder genie\u00dfen Sie einen Whirlpool, um K\u00f6rper und Geist zu beleben.  <\/p>\n<p>Die Poolheizung ist in den Preisen f\u00fcr 01.04-24.05 und 28.09-31.10 enthalten.<\/p>\n<p>  Die Temperatur des Wassers h\u00e4ngt von der Au\u00dfentemperatur ab.<\/p>\t\t\t\t\t\t\t\t<\/div>\n\t\t\t\t<\/div>\n\t\t\t\t\t<\/div>\n\t\t\t\t<\/div>\n\t\t<div class=\"elementor-element elementor-element-9104216 e-flex e-con-boxed e-con e-parent\" data-id=\"9104216\" data-element_type=\"container\" data-e-type=\"container\">\n\t\t\t\t\t<div class=\"e-con-inner\">\n\t\t\t\t<div class=\"elementor-element elementor-element-2a4a500 elementor-widget elementor-widget-kinsley-rooms-carousel\" data-id=\"2a4a500\" data-element_type=\"widget\" data-e-type=\"widget\" data-widget_type=\"kinsley-rooms-carousel.default\">\n\t\t\t\t<div class=\"elementor-widget-container\">\n\t\t\t\t\t\n\t\t<!-- rooms -->\n\t\t<section class=\"knsl-transition-none knsl-p-0-100\">\n\t\t\n\t\t<div class=\"container\">\t\t\t<div class=\"row align-items-center\">\n\t\t\t\t\t\t<div class=\"col-lg-12\">\n\t\t\t\t<div class=\"knsl-center knsl-title-frame knsl-scroll-animation knsl-mb-100\">\n\t\t\t\t\t\t\t\t<h2 class=\"knsl-title--h knsl-mb-20\">\n\t\t\t\t\t<span >\n\t\t\t\t\t\tUnsere Villen\t\t\t\t\t<\/span>\n\t\t\t\t<\/h2>\n\t\t\t\t\t\t\t\t\t\t\t\t<div class=\"knsl-text knsl-mb-30\">\n\t\t\t\t\t<p>\n\t\t\t\t\t<span >\n\t\t\t\t\t\tEntdecken Sie unsere atemberaubende Villenkollektion. Jede Villa ist sorgf\u00e4ltig entworfen und wundersch\u00f6n eingerichtet, um Ihnen den ultimativen Komfort und Entspannung f\u00fcr Ihren Urlaub zu bieten. Von atemberaubenden Aussichten bis hin zu luxuri\u00f6sen Annehmlichkeiten bieten unsere Villen ein wirklich unvergessliches Erlebnis.  \t\t\t\t\t<\/span>\n\t\t\t\t\t<\/p>\n\t\t\t\t<\/div>\n\t\t\t\t\t\t\t\t\t\t\t\t<\/div>\n\t\t\t<\/div>\n\t\t\t\n\t\t\t<div class=\"col-lg-12 attr-details-amenity-false attr-details-category-false attr-details-attributes-false attr-details-view-false attr-details-bed-type-false attr-details-children-false\">\n\t\t\t\t\t\t\t<\/div>\n\t\t\t<\/div>\n\t\t<\/div>\t\t<\/section>\n\t\t<!-- rooms end -->\n\n\t\t\t\t\t\t<\/div>\n\t\t\t\t<\/div>\n\t\t\t\t<div class=\"elementor-element elementor-element-e8dbb66 elementor-alert-info elementor-widget elementor-widget-alert\" data-id=\"e8dbb66\" data-element_type=\"widget\" data-e-type=\"widget\" data-widget_type=\"alert.default\">\n\t\t\t\t<div class=\"elementor-widget-container\">\n\t\t\t\t\t\t\t<div class=\"elementor-alert\" role=\"alert\">\n\n\t\t\t\t\t\t<span class=\"elementor-alert-title\">\u24d8 Entdecken Sie unsere Villa und buchen Sie Ihren Aufenthalt bei uns, mit den garantiert besten Online-Tarifen!<\/span>\n\t\t\t\n\t\t\t\t\t\t<span class=\"elementor-alert-description\"><p>Jetzt buchen, sp\u00e4ter bezahlen - sichern Sie sich Ihren Urlaub im Voraus und bezahlen Sie die Rechnung 30 Tage vor Ihrer Ankunft.<\/p>\n<\/span>\n\t\t\t\n\t\t\t\t\t\t<button type=\"button\" class=\"elementor-alert-dismiss\" aria-label=\"Hinweis ausblenden.\">\n\t\t\t\t\t\t\t\t\t<span aria-hidden=\"true\">&times;<\/span>\n\t\t\t\t\t\t\t<\/button>\n\t\t\t\n\t\t<\/div>\n\t\t\t\t\t\t<\/div>\n\t\t\t\t<\/div>\n\t\t\t\t\t<\/div>\n\t\t\t\t<\/div>\n\t\t<div class=\"elementor-element elementor-element-b84c770 e-flex e-con-boxed e-con e-parent\" data-id=\"b84c770\" data-element_type=\"container\" data-e-type=\"container\">\n\t\t\t\t\t<div class=\"e-con-inner\">\n\t\t\t\t<div class=\"elementor-element elementor-element-630074c elementor-widget elementor-widget-html\" data-id=\"630074c\" data-element_type=\"widget\" data-e-type=\"widget\" data-widget_type=\"html.default\">\n\t\t\t\t<div class=\"elementor-widget-container\">\n\t\t\t\t\t<script src=\"https:\/\/static.elfsight.com\/platform\/platform.js\" async=\"\"><\/script>\n<div class=\"elfsight-app-7373d419-27bc-4f36-ad03-a4c7b356a5ad\" data-elfsight-app-lazy=\"\"><\/div>\t\t\t\t<\/div>\n\t\t\t\t<\/div>\n\t\t\t\t\t<\/div>\n\t\t\t\t<\/div>\n\t\t\t\t<\/div>\n\t\t","protected":false},"excerpt":{"rendered":"<p>LIEBE. GENIESSEN. R\u00dcCKKEHR. GENIESSEN SIE DAS GANZE JAHR \u00dcBER EIN WARMES BAD IN UNSEREM BEHEIZTEN SWIMMINGPOOL. Villa Medveja mit privatem&#8230; <span class=\"knsl-el-more\"><a href=\"https:\/\/villamedveja.com\/de\/medveja-i-villa-mit-privatem-beheiztem-pool-in-kroatien\/\" class=\"knsl-btn\">Read more<span class=\"screen-reader-text\">Read more&nbsp;MEDVEJA I Villa mit privatem beheiztem Pool in Kroatien<\/span><\/a><\/span><\/p>\n","protected":false},"author":1,"featured_media":0,"parent":0,"menu_order":0,"comment_status":"closed","ping_status":"closed","template":"template-layout-builder.php","meta":{"_acf_changed":false,"om_disable_all_campaigns":false,"_monsterinsights_skip_tracking":false,"_monsterinsights_sitenote_active":false,"_monsterinsights_sitenote_note":"","_monsterinsights_sitenote_category":0,"_uf_show_specific_survey":0,"_uf_disable_surveys":false,"footnotes":""},"class_list":["post-7475","page","type-page","status-publish","hentry"],"acf":[],"aioseo_notices":[],"jetpack_sharing_enabled":true,"_links":{"self":[{"href":"https:\/\/villamedveja.com\/de\/wp-json\/wp\/v2\/pages\/7475","targetHints":{"allow":["GET"]}}],"collection":[{"href":"https:\/\/villamedveja.com\/de\/wp-json\/wp\/v2\/pages"}],"about":[{"href":"https:\/\/villamedveja.com\/de\/wp-json\/wp\/v2\/types\/page"}],"author":[{"embeddable":true,"href":"https:\/\/villamedveja.com\/de\/wp-json\/wp\/v2\/users\/1"}],"replies":[{"embeddable":true,"href":"https:\/\/villamedveja.com\/de\/wp-json\/wp\/v2\/comments?post=7475"}],"version-history":[{"count":0,"href":"https:\/\/villamedveja.com\/de\/wp-json\/wp\/v2\/pages\/7475\/revisions"}],"wp:attachment":[{"href":"https:\/\/villamedveja.com\/de\/wp-json\/wp\/v2\/media?parent=7475"}],"curies":[{"name":"wp","href":"https:\/\/api.w.org\/{rel}","templated":true}]}}