{"id":7481,"date":"2024-11-24T17:59:36","date_gmt":"2024-11-24T17:59:36","guid":{"rendered":"https:\/\/villamedveja.com\/spa-wellness-in-der-villa-medveja-kroatien\/"},"modified":"2025-01-06T13:42:42","modified_gmt":"2025-01-06T13:42:42","slug":"spa-wellness-in-der-villa-medveja-kroatien","status":"publish","type":"page","link":"https:\/\/villamedveja.com\/de\/spa-wellness-in-der-villa-medveja-kroatien\/","title":{"rendered":"Spa &amp; Wellness in der VILLA MEDVEJA, KROATIEN"},"content":{"rendered":"\t\t<div data-elementor-type=\"wp-page\" data-elementor-id=\"7481\" class=\"elementor elementor-7481 elementor-6428\">\n\t\t\t\t\t\t<section class=\"elementor-section elementor-top-section elementor-element elementor-element-aa29d16 elementor-section-full_width elementor-section-height-full elementor-section-height-default elementor-section-items-middle\" data-id=\"aa29d16\" data-element_type=\"section\" data-e-type=\"section\" data-settings=\"{&quot;background_background&quot;:&quot;classic&quot;}\">\n\t\t\t\t\t\t\t<div class=\"elementor-background-overlay\"><\/div>\n\t\t\t\t\t\t\t<div class=\"elementor-container elementor-column-gap-no\">\n\t\t\t\t\t<div class=\"elementor-column elementor-col-100 elementor-top-column elementor-element elementor-element-80c94c1\" data-id=\"80c94c1\" data-element_type=\"column\" data-e-type=\"column\">\n\t\t\t<div class=\"elementor-widget-wrap elementor-element-populated\">\n\t\t\t\t\t\t<div class=\"elementor-element elementor-element-dc81c8f elementor-widget elementor-widget-heading\" data-id=\"dc81c8f\" data-element_type=\"widget\" data-e-type=\"widget\" data-widget_type=\"heading.default\">\n\t\t\t\t<div class=\"elementor-widget-container\">\n\t\t\t\t\t<h5 class=\"elementor-heading-title elementor-size-default\">LIEBE. GENIESSEN. R\u00dcCKKEHR.  <\/h5>\t\t\t\t<\/div>\n\t\t\t\t<\/div>\n\t\t\t\t\t<\/div>\n\t\t<\/div>\n\t\t\t\t\t<\/div>\n\t\t<\/section>\n\t\t<div class=\"elementor-element elementor-element-878a815 e-flex e-con-boxed e-con e-parent\" data-id=\"878a815\" data-element_type=\"container\" data-e-type=\"container\">\n\t\t\t\t\t<div class=\"e-con-inner\">\n\t\t\t\t<div class=\"elementor-element elementor-element-fd16ff7 elementor-widget elementor-widget-text-editor\" data-id=\"fd16ff7\" data-element_type=\"widget\" data-e-type=\"widget\" data-widget_type=\"text-editor.default\">\n\t\t\t\t<div class=\"elementor-widget-container\">\n\t\t\t\t\t\t\t\t\t<h3>ULTIMATIVE ENTSPANNUNG<\/h3>\n<h1>SPA &amp; WELLNESS \/ VILLA MEDVEJA<\/h1>\n<p><em>Unsere Sky Pool Villa Medveja mit Meerblick wurde speziell f\u00fcr einen erholsamen Aufenthalt mit wohltuenden Sauna- und Whirlpool-Behandlungen konzipiert, die Sie in der Privatsph\u00e4re Ihrer Villa genie\u00dfen k\u00f6nnen &#8211; wann immer Sie wollen.<\/em><\/p>\n<figure class=\"redactor-component\" tabindex=\"-1\" contenteditable=\"false\" data-redactor-type=\"line\"><hr><\/figure>\n<h4>Die Villa ist mit einer Badewanne ausgestattet, die von dem preisgekr\u00f6nten Marc Sadler entworfen wurde.<\/h4>\n<blockquote>Das Bad ist mit dem Ghost Spa-System, der Farbtherapie und einer Vielzahl von Spa-Systemfunktionen ausgestattet.  <\/blockquote>\n<figure class=\"redactor-component\" tabindex=\"-1\" contenteditable=\"false\" data-redactor-type=\"image\"><img decoding=\"async\" src=\"https:\/\/l.icdbcdn.com\/oh\/aee6ce2a-7a92-408a-8551-c235544cc864.jpg?f=32&amp;nocache=1\"><\/figure>\n<h4>Innovatives und wirklich unverwechselbares Design<\/h4>\n<blockquote>Alle Fusion-Beschl\u00e4ge sind verdeckt. Es gibt keine sichtbaren Wasserh\u00e4hne und der Ab- und \u00dcberlauf ist ohne st\u00f6rende L\u00f6cher auf der Innenseite der Wanne konzipiert. <\/blockquote>\n<figure class=\"redactor-component\" tabindex=\"-1\" contenteditable=\"false\" data-redactor-type=\"image\"><img decoding=\"async\" src=\"https:\/\/l.icdbcdn.com\/oh\/a446b6d5-8e0a-4d17-ad28-ec029602e59b.jpg?f=32&amp;nocache=1\" alt=\"Villa Medveja, Kroatien - Fusion Spa 200 Treesse Innovatives Design\" width=\"1280\"><\/figure>\n<figure class=\"redactor-component\" tabindex=\"-1\" contenteditable=\"false\" data-redactor-type=\"line\"><hr><\/figure>\n<h4>Einzigartiges \u00dcberlaufsystem im Infinity-Stil<\/h4>\n<blockquote>Die Fusion Hydrorelax-Badewannen und -Spas wurden so konzipiert, dass sie kontinuierlich \u00fcberlaufen, w\u00e4hrend das Wasser dabei erw\u00e4rmt wird, und eine ruhige, entspannende Atmosph\u00e4re schaffen, die durch einzigartige Lichttherapie-Shows noch verst\u00e4rkt wird.<\/blockquote>\n<figure class=\"redactor-component\" tabindex=\"-1\" contenteditable=\"false\" data-redactor-type=\"image\"><img decoding=\"async\" src=\"https:\/\/l.icdbcdn.com\/oh\/995a7071-be5f-4d26-93be-4729bd912ccb.jpg?f=32&amp;nocache=1\" alt=\"Villa Medveja, Kroatien - Fusion Spa 200 Treesse \u00dcberlaufsystem\" width=\"1280\"><\/figure>\n<figure class=\"redactor-component\" tabindex=\"-1\" contenteditable=\"false\" data-redactor-type=\"line\"><hr><\/figure>\n<h4>Luftunterst\u00fctztes Hydromassage-System<\/h4>\n<blockquote>In das Hydromassagesystem wird Luft eingeblasen, um einen angenehmeren Massageeffekt zu erzielen.<\/blockquote>\n<figure class=\"redactor-component\" tabindex=\"-1\" contenteditable=\"false\" data-redactor-type=\"image\"><img decoding=\"async\" src=\"https:\/\/l.icdbcdn.com\/oh\/0785eae3-87e2-4d30-95e2-ff6a6f442a75.jpg?f=32&amp;nocache=1\" alt=\"Villa Medveja, Kroatien - Fusion Spa 200 Treesse Wassermassagesystem\" width=\"1280\"><\/figure>\n<figure class=\"redactor-component\" tabindex=\"-1\" contenteditable=\"false\" data-redactor-type=\"line\"><hr><\/figure>\n<h4>Entspannende, Seele und Geist beruhigende Chromotherapie<\/h4>\n<blockquote>Das Licht leuchtet rund um die Badewanne &#8211; so entsteht ein Lichtkegel, der den Wasserstrudel aus den versteckten D\u00fcsen &#8220;magisch&#8221; belebt. Das verborgene Unterwasser-Chromotherapiesystem wurde entwickelt, um einen unvergleichlichen Lichttherapie-Effekt zu erzielen. <\/blockquote>\n<figure class=\"redactor-component\" tabindex=\"-1\" contenteditable=\"false\" data-redactor-type=\"line\"><hr><\/figure>\n<h4>Temperaturkontrolle und Umluftbetrieb<\/h4>\n<blockquote>Die Hydrorelax-Badewannen und -Spas der Fusion-Linie verf\u00fcgen \u00fcber eine fortschrittliche Badsteuerung mit Wasserzirkulation, Temperaturregelung und moderner kapazitiver Glastastatur.<\/blockquote>\t\t\t\t\t\t\t\t<\/div>\n\t\t\t\t<\/div>\n\t\t\t\t\t<\/div>\n\t\t\t\t<\/div>\n\t\t<div class=\"elementor-element elementor-element-67fd97d e-flex e-con-boxed e-con e-parent\" data-id=\"67fd97d\" data-element_type=\"container\" data-e-type=\"container\">\n\t\t\t\t\t<div class=\"e-con-inner\">\n\t\t\t\t<div class=\"elementor-element elementor-element-e8dbb66 elementor-alert-info elementor-widget elementor-widget-alert\" data-id=\"e8dbb66\" data-element_type=\"widget\" data-e-type=\"widget\" data-widget_type=\"alert.default\">\n\t\t\t\t<div class=\"elementor-widget-container\">\n\t\t\t\t\t\t\t<div class=\"elementor-alert\" role=\"alert\">\n\n\t\t\t\t\t\t<span class=\"elementor-alert-title\">\u24d8 Entdecken Sie unsere Villa und buchen Sie Ihren Aufenthalt bei uns, mit den garantiert besten Online-Tarifen!<\/span>\n\t\t\t\n\t\t\t\t\t\t<span class=\"elementor-alert-description\"><p>Jetzt buchen, sp\u00e4ter bezahlen - sichern Sie sich Ihren Urlaub im Voraus und bezahlen Sie die Rechnung 30 Tage vor Ihrer Ankunft.<\/p>\n<\/span>\n\t\t\t\n\t\t\t\t\t\t<button type=\"button\" class=\"elementor-alert-dismiss\" aria-label=\"Hinweis ausblenden.\">\n\t\t\t\t\t\t\t\t\t<span aria-hidden=\"true\">&times;<\/span>\n\t\t\t\t\t\t\t<\/button>\n\t\t\t\n\t\t<\/div>\n\t\t\t\t\t\t<\/div>\n\t\t\t\t<\/div>\n\t\t\t\t\t<\/div>\n\t\t\t\t<\/div>\n\t\t<div class=\"elementor-element elementor-element-9104216 e-flex e-con-boxed e-con e-parent\" data-id=\"9104216\" data-element_type=\"container\" data-e-type=\"container\">\n\t\t\t\t\t<div class=\"e-con-inner\">\n\t\t\t\t<div class=\"elementor-element elementor-element-2a4a500 elementor-widget elementor-widget-kinsley-rooms-carousel\" data-id=\"2a4a500\" data-element_type=\"widget\" data-e-type=\"widget\" data-widget_type=\"kinsley-rooms-carousel.default\">\n\t\t\t\t<div class=\"elementor-widget-container\">\n\t\t\t\t\t\n\t\t<!-- rooms -->\n\t\t<section class=\"knsl-transition-none knsl-p-0-100\">\n\t\t\n\t\t<div class=\"container\">\t\t\t<div class=\"row align-items-center\">\n\t\t\t\t\t\t<div class=\"col-lg-12\">\n\t\t\t\t<div class=\"knsl-center knsl-title-frame knsl-scroll-animation knsl-mb-100\">\n\t\t\t\t\t\t\t\t<h2 class=\"knsl-title--h knsl-mb-20\">\n\t\t\t\t\t<span >\n\t\t\t\t\t\tUnsere Villen\t\t\t\t\t<\/span>\n\t\t\t\t<\/h2>\n\t\t\t\t\t\t\t\t\t\t\t\t<div class=\"knsl-text knsl-mb-30\">\n\t\t\t\t\t<p>\n\t\t\t\t\t<span >\n\t\t\t\t\t\tEntdecken Sie unsere atemberaubende Villenkollektion. Jede Villa ist sorgf\u00e4ltig entworfen und wundersch\u00f6n eingerichtet, um Ihnen den ultimativen Komfort und Entspannung f\u00fcr Ihren Urlaub zu bieten. Von atemberaubenden Aussichten bis hin zu luxuri\u00f6sen Annehmlichkeiten bieten unsere Villen ein wirklich unvergessliches Erlebnis.  \t\t\t\t\t<\/span>\n\t\t\t\t\t<\/p>\n\t\t\t\t<\/div>\n\t\t\t\t\t\t\t\t\t\t\t\t<\/div>\n\t\t\t<\/div>\n\t\t\t\n\t\t\t<div class=\"col-lg-12 attr-details-amenity-false attr-details-category-false attr-details-attributes-false attr-details-view-false attr-details-bed-type-false attr-details-children-false\">\n\t\t\t\t\t\t\t<\/div>\n\t\t\t<\/div>\n\t\t<\/div>\t\t<\/section>\n\t\t<!-- rooms end -->\n\n\t\t\t\t\t\t<\/div>\n\t\t\t\t<\/div>\n\t\t\t\t\t<\/div>\n\t\t\t\t<\/div>\n\t\t<div class=\"elementor-element elementor-element-b84c770 e-flex e-con-boxed e-con e-parent\" data-id=\"b84c770\" data-element_type=\"container\" data-e-type=\"container\">\n\t\t\t\t\t<div class=\"e-con-inner\">\n\t\t\t\t<div class=\"elementor-element elementor-element-630074c elementor-widget elementor-widget-html\" data-id=\"630074c\" data-element_type=\"widget\" data-e-type=\"widget\" data-widget_type=\"html.default\">\n\t\t\t\t<div class=\"elementor-widget-container\">\n\t\t\t\t\t<script src=\"https:\/\/static.elfsight.com\/platform\/platform.js\" async=\"\"><\/script>\n<div class=\"elfsight-app-7373d419-27bc-4f36-ad03-a4c7b356a5ad\" data-elfsight-app-lazy=\"\"><\/div>\t\t\t\t<\/div>\n\t\t\t\t<\/div>\n\t\t\t\t\t<\/div>\n\t\t\t\t<\/div>\n\t\t\t\t<\/div>\n\t\t","protected":false},"excerpt":{"rendered":"<p>LIEBE. GENIESSEN. R\u00dcCKKEHR. ULTIMATIVE ENTSPANNUNG SPA &amp; WELLNESS \/ VILLA MEDVEJA Unsere Sky Pool Villa Medveja mit Meerblick wurde speziell&#8230; <span class=\"knsl-el-more\"><a href=\"https:\/\/villamedveja.com\/de\/spa-wellness-in-der-villa-medveja-kroatien\/\" class=\"knsl-btn\">Read more<span class=\"screen-reader-text\">Read more&nbsp;Spa &amp; Wellness in der VILLA MEDVEJA, KROATIEN<\/span><\/a><\/span><\/p>\n","protected":false},"author":1,"featured_media":0,"parent":0,"menu_order":0,"comment_status":"closed","ping_status":"closed","template":"template-layout-builder.php","meta":{"_acf_changed":false,"om_disable_all_campaigns":false,"_monsterinsights_skip_tracking":false,"_monsterinsights_sitenote_active":false,"_monsterinsights_sitenote_note":"","_monsterinsights_sitenote_category":0,"_uf_show_specific_survey":0,"_uf_disable_surveys":false,"footnotes":""},"class_list":["post-7481","page","type-page","status-publish","hentry"],"acf":[],"aioseo_notices":[],"jetpack_sharing_enabled":true,"_links":{"self":[{"href":"https:\/\/villamedveja.com\/de\/wp-json\/wp\/v2\/pages\/7481","targetHints":{"allow":["GET"]}}],"collection":[{"href":"https:\/\/villamedveja.com\/de\/wp-json\/wp\/v2\/pages"}],"about":[{"href":"https:\/\/villamedveja.com\/de\/wp-json\/wp\/v2\/types\/page"}],"author":[{"embeddable":true,"href":"https:\/\/villamedveja.com\/de\/wp-json\/wp\/v2\/users\/1"}],"replies":[{"embeddable":true,"href":"https:\/\/villamedveja.com\/de\/wp-json\/wp\/v2\/comments?post=7481"}],"version-history":[{"count":0,"href":"https:\/\/villamedveja.com\/de\/wp-json\/wp\/v2\/pages\/7481\/revisions"}],"wp:attachment":[{"href":"https:\/\/villamedveja.com\/de\/wp-json\/wp\/v2\/media?parent=7481"}],"curies":[{"name":"wp","href":"https:\/\/api.w.org\/{rel}","templated":true}]}}