{"id":7612,"date":"2021-08-24T00:16:57","date_gmt":"2021-08-24T00:16:57","guid":{"rendered":"https:\/\/villamedveja.com\/erleben-sie-das-high-life-in-ihrer-eigenen-sky-pool-villa-jetzt-buchen\/"},"modified":"2025-02-08T11:18:46","modified_gmt":"2025-02-08T11:18:46","slug":"erleben-sie-das-high-life-in-ihrer-eigenen-sky-pool-villa-jetzt-buchen","status":"publish","type":"page","link":"https:\/\/villamedveja.com\/de\/erleben-sie-das-high-life-in-ihrer-eigenen-sky-pool-villa-jetzt-buchen\/","title":{"rendered":"Erleben Sie das High Life in Ihrer eigenen Sky Pool Villa &#8211; JETZT BUCHEN"},"content":{"rendered":"\t\t<div data-elementor-type=\"wp-page\" data-elementor-id=\"7612\" class=\"elementor elementor-7612 elementor-2403\">\n\t\t\t\t\t\t<section class=\"elementor-section elementor-top-section elementor-element elementor-element-c1b6160 elementor-section-full_width elementor-section-height-default elementor-section-height-default\" data-id=\"c1b6160\" data-element_type=\"section\" data-e-type=\"section\" data-settings=\"{&quot;background_background&quot;:&quot;classic&quot;}\">\n\t\t\t\t\t\t\t<div class=\"elementor-background-overlay\"><\/div>\n\t\t\t\t\t\t\t<div class=\"elementor-container elementor-column-gap-no\">\n\t\t\t\t\t<div class=\"elementor-column elementor-col-100 elementor-top-column elementor-element elementor-element-61187cf\" data-id=\"61187cf\" data-element_type=\"column\" data-e-type=\"column\">\n\t\t\t<div class=\"elementor-widget-wrap elementor-element-populated\">\n\t\t\t\t\t\t<div class=\"elementor-element elementor-element-d2bf08e elementor-widget elementor-widget-kinsley-intro\" data-id=\"d2bf08e\" data-element_type=\"widget\" data-e-type=\"widget\" data-widget_type=\"kinsley-intro.default\">\n\t\t\t\t<div class=\"elementor-widget-container\">\n\t\t\t\t\t\n    <!-- banner -->\n    <section class=\"knsl-banner-simple knsl-transition-bottom knsl-banner-white\">\n      \n\t  \t  <div class=\"knsl-cover-frame\">\n\t\t\t\t\t\t<div style=\"background-image: url('https:\/\/villamedveja.com\/wp-content\/uploads\/2024\/03\/IMG_8799-1920x2880.jpg');\" class=\"knsl-parallax knsl-banner-slide\"><\/div>\n\t\t\t\t\t\t\t\t\t  <\/div>\n\t  <div class=\"knsl-overlay\" style=\"opacity: 1;\"><\/div>\n\t  \n      <div class=\"container\">\n        <div class=\"row\">\n          <div class=\"col-lg-12\">\n\n            <div class=\"knsl-center knsl-title-frame\">\n                            <h1 class=\"knsl-title--h knsl-mb-20 knsl-h1-inner\">\n                <span >\n                    W\u00e4hlen Sie Ihre VILLA                <\/span>\n              <\/h1>\n                            \n              \n            <\/div>\n\n          <\/div>\n        <\/div>\n      <\/div>\n    <\/section>\n    <!-- banner end -->\n\n\t\t\t\t\t\t<\/div>\n\t\t\t\t<\/div>\n\t\t\t\t\t<\/div>\n\t\t<\/div>\n\t\t\t\t\t<\/div>\n\t\t<\/section>\n\t\t<div class=\"elementor-element elementor-element-c459621 e-flex e-con-boxed e-con e-parent\" data-id=\"c459621\" data-element_type=\"container\" data-e-type=\"container\">\n\t\t\t\t\t<div class=\"e-con-inner\">\n\t\t\t\t<div class=\"elementor-element elementor-element-e449666 elementor-alert-info elementor-widget elementor-widget-alert\" data-id=\"e449666\" data-element_type=\"widget\" data-e-type=\"widget\" data-widget_type=\"alert.default\">\n\t\t\t\t<div class=\"elementor-widget-container\">\n\t\t\t\t\t\t\t<div class=\"elementor-alert\" role=\"alert\">\n\n\t\t\t\t\t\t<span class=\"elementor-alert-title\">Jetzt reservieren, sp\u00e4ter bezahlen<\/span>\n\t\t\t\n\t\t\t\t\t\t<span class=\"elementor-alert-description\"><p>Mit dem Service \"Jetzt buchen, sp\u00e4ter bezahlen\" k\u00f6nnen Sie Ihren Urlaub im Voraus buchen und die Rechnung sechs Wochen vor Ihrer Ankunft bezahlen.  <\/p>\n<p>VORBEZAHLUNG \u2192 Zum Zeitpunkt der Reservierung wird keine Vorauszahlung verlangt.<\/p>\n<\/span>\n\t\t\t\n\t\t\t\t\t\t<button type=\"button\" class=\"elementor-alert-dismiss\" aria-label=\"Hinweis ausblenden.\">\n\t\t\t\t\t\t\t\t\t<span aria-hidden=\"true\">&times;<\/span>\n\t\t\t\t\t\t\t<\/button>\n\t\t\t\n\t\t<\/div>\n\t\t\t\t\t\t<\/div>\n\t\t\t\t<\/div>\n\t\t\t\t\t<\/div>\n\t\t\t\t<\/div>\n\t\t<div class=\"elementor-element elementor-element-539f4a7 e-flex e-con-boxed e-con e-parent\" data-id=\"539f4a7\" data-element_type=\"container\" data-e-type=\"container\">\n\t\t\t\t\t<div class=\"e-con-inner\">\n\t\t\t\t\t<\/div>\n\t\t\t\t<\/div>\n\t\t<div class=\"elementor-element elementor-element-8bd4259 e-grid e-con-boxed e-con e-parent\" data-id=\"8bd4259\" data-element_type=\"container\" data-e-type=\"container\">\n\t\t\t\t\t<div class=\"e-con-inner\">\n\t\t\t\t<div class=\"elementor-element elementor-element-4d86780 elementor-widget elementor-widget-text-editor\" data-id=\"4d86780\" data-element_type=\"widget\" data-e-type=\"widget\" data-widget_type=\"text-editor.default\">\n\t\t\t\t<div class=\"elementor-widget-container\">\n\t\t\t\t\t\t\t\t\t<p><strong>**Unterkunft**<\/strong><br \/>Die Villen der Sky Pool Villa Medveja wurden sorgf\u00e4ltig entworfen, um ihre idyllische Umgebung widerzuspiegeln. Ihre modernen Designs mit zentralen Au\u00dfenbereichen unterstreichen die neuesten architektonischen Trends. <\/p>\n\t\t\t\t\t\t\t\t<\/div>\n\t\t\t\t<\/div>\n\t\t\t\t<div class=\"elementor-element elementor-element-ce9bae0 elementor-widget elementor-widget-text-editor\" data-id=\"ce9bae0\" data-element_type=\"widget\" data-e-type=\"widget\" data-widget_type=\"text-editor.default\">\n\t\t\t\t<div class=\"elementor-widget-container\">\n\t\t\t\t\t\t\t\t\t<p>Eingebettet in die kleine Stadt Medveja, bietet unser Anwesen einen friedlichen R\u00fcckzugsort und ist gleichzeitig nur eine kurze Strecke von der pulsierenden Atmosph\u00e4re des nahegelegenen Strandes und den Attraktionen entfernt, was es zum perfekten Ort f\u00fcr Entspannung und Abenteuer macht.<\/p>\n\t\t\t\t\t\t\t\t<\/div>\n\t\t\t\t<\/div>\n\t\t\t\t\t<\/div>\n\t\t\t\t<\/div>\n\t\t<div class=\"elementor-element elementor-element-6a03e51 e-flex e-con-boxed e-con e-parent\" data-id=\"6a03e51\" data-element_type=\"container\" data-e-type=\"container\">\n\t\t\t\t\t<div class=\"e-con-inner\">\n\t\t\t\t\t<\/div>\n\t\t\t\t<\/div>\n\t\t<div class=\"elementor-element elementor-element-86d90fb e-flex e-con-boxed e-con e-parent\" data-id=\"86d90fb\" data-element_type=\"container\" data-e-type=\"container\" data-settings=\"{&quot;background_background&quot;:&quot;gradient&quot;}\">\n\t\t\t\t\t<div class=\"e-con-inner\">\n\t\t\t\t<div class=\"elementor-element elementor-element-653ecf8 elementor-widget elementor-widget-kinsley-rooms-carousel-two\" data-id=\"653ecf8\" data-element_type=\"widget\" data-e-type=\"widget\" data-widget_type=\"kinsley-rooms-carousel-two.default\">\n\t\t\t\t<div class=\"elementor-widget-container\">\n\t\t\t\t\t\n\t\t<!-- rooms -->\n\t\t<div class=\"knsl-rooms-two knsl-rooms-two-slider attr-details-amenity-false attr-details-category-false attr-details-attributes-false attr-details-view-false attr-details-bed-type-false attr-details-children-false\">\n\t\t\t\t\t<\/div>\n\t\t<!-- rooms end -->\n\n\t\t\t\t\t\t<\/div>\n\t\t\t\t<\/div>\n\t\t\t\t\t<\/div>\n\t\t\t\t<\/div>\n\t\t<div class=\"elementor-element elementor-element-284f18a e-flex e-con-boxed e-con e-parent\" data-id=\"284f18a\" data-element_type=\"container\" data-e-type=\"container\">\n\t\t\t\t\t<div class=\"e-con-inner\">\n\t\t\t\t<div class=\"elementor-element elementor-element-46e0805 elementor-tabs-view-horizontal elementor-widget elementor-widget-tabs\" data-id=\"46e0805\" data-element_type=\"widget\" data-e-type=\"widget\" data-widget_type=\"tabs.default\">\n\t\t\t\t<div class=\"elementor-widget-container\">\n\t\t\t\t\t\t\t<div class=\"elementor-tabs\">\n\t\t\t<div class=\"elementor-tabs-wrapper\" role=\"tablist\" >\n\t\t\t\t\t\t\t\t\t<div id=\"elementor-tab-title-7431\" class=\"elementor-tab-title elementor-tab-desktop-title\" aria-selected=\"true\" data-tab=\"1\" role=\"tab\" tabindex=\"0\" aria-controls=\"elementor-tab-content-7431\" aria-expanded=\"false\">Buchungspolitik<\/div>\n\t\t\t\t\t\t\t\t\t<div id=\"elementor-tab-title-7432\" class=\"elementor-tab-title elementor-tab-desktop-title\" aria-selected=\"false\" data-tab=\"2\" role=\"tab\" tabindex=\"-1\" aria-controls=\"elementor-tab-content-7432\" aria-expanded=\"false\">Stornierungsbedingungen<\/div>\n\t\t\t\t\t\t\t<\/div>\n\t\t\t<div class=\"elementor-tabs-content-wrapper\" role=\"tablist\" aria-orientation=\"vertical\">\n\t\t\t\t\t\t\t\t\t<div class=\"elementor-tab-title elementor-tab-mobile-title\" aria-selected=\"true\" data-tab=\"1\" role=\"tab\" tabindex=\"0\" aria-controls=\"elementor-tab-content-7431\" aria-expanded=\"false\">Buchungspolitik<\/div>\n\t\t\t\t\t<div id=\"elementor-tab-content-7431\" class=\"elementor-tab-content elementor-clearfix\" data-tab=\"1\" role=\"tabpanel\" aria-labelledby=\"elementor-tab-title-7431\" tabindex=\"0\" hidden=\"false\"><p>Liebe G\u00e4ste,<\/p>\n<p>Wir freuen uns darauf, Sie in unserer Sky Pool Villa Medveja begr\u00fc\u00dfen zu d\u00fcrfen.<br \/>Sie k\u00f6nnen Ihren Aufenthalt bei uns \u00fcber unsere Book Now Seite oder per E-Mail an <span \n                data-original-string='70Jg5v9aaviQNrLGKepTFw==5633ZyxQjPdbv6ztVWSA2AMVFKbvPrsxhvV1tfPfY1LRWM='\n                class='apbct-email-encoder'\n                title='Dieser Kontakt wurde von Anti-Spam by CleanTalk verschl\u00fcsselt. Klicken Sie hier, um ihn zu entschl\u00fcsseln. Um die Entschl\u00fcsselung abzuschlie\u00dfen, stellen Sie sicher, dass JavaScript in Ihrem Browser aktiviert ist.'>in<span class=\"apbct-blur\">**<\/span>@<span class=\"apbct-blur\">***********<\/span>ja.com<\/span> buchen.<\/p>\n<p><em>VORZAHLUNG<\/em> \u2192 Zum Zeitpunkt der Reservierung wird <em>keine Vorauszahlung<\/em> verlangt.<strong> Die vollst\u00e4ndige Zahlung f\u00fcr die Villa muss sp\u00e4testens 30 Tage vor Ihrer Ankunft<\/strong> per Bank\u00fcberweisung, Online-Zahlungsgateway (Karten) oder Paypal<strong> erfolgen<\/strong>, andernfalls wird die Buchung storniert.<\/p>\n<p>Alle Zahlungen sind in Euro zu leisten.<\/p>\n<\/div>\n\t\t\t\t\t\t\t\t\t<div class=\"elementor-tab-title elementor-tab-mobile-title\" aria-selected=\"false\" data-tab=\"2\" role=\"tab\" tabindex=\"-1\" aria-controls=\"elementor-tab-content-7432\" aria-expanded=\"false\">Stornierungsbedingungen<\/div>\n\t\t\t\t\t<div id=\"elementor-tab-content-7432\" class=\"elementor-tab-content elementor-clearfix\" data-tab=\"2\" role=\"tabpanel\" aria-labelledby=\"elementor-tab-title-7432\" tabindex=\"0\" hidden=\"hidden\"><p>Wir bieten eine flexible Buchungspolitik, die eine Stornierung bis zu 30 Tage vor der Ankunft erm\u00f6glicht.<br \/>Alle Stornierungen m\u00fcssen schriftlich mitgeteilt werden.<\/p>\n<p>Wenn Sie weniger als 30 Tage vor dem Reiseantritt stornieren, bleibt der gesamte Betrag f\u00e4llig und wird nicht erstattet.  <\/p>\n<\/div>\n\t\t\t\t\t\t\t<\/div>\n\t\t<\/div>\n\t\t\t\t\t\t<\/div>\n\t\t\t\t<\/div>\n\t\t\t\t\t<\/div>\n\t\t\t\t<\/div>\n\t\t\t\t<\/div>\n\t\t","protected":false},"excerpt":{"rendered":"<p>W\u00e4hlen Sie Ihre VILLA Jetzt reservieren, sp\u00e4ter bezahlen Mit dem Service &#8220;Jetzt buchen, sp\u00e4ter bezahlen&#8221; k\u00f6nnen Sie Ihren Urlaub im&#8230; <span class=\"knsl-el-more\"><a href=\"https:\/\/villamedveja.com\/de\/erleben-sie-das-high-life-in-ihrer-eigenen-sky-pool-villa-jetzt-buchen\/\" class=\"knsl-btn\">Read more<span class=\"screen-reader-text\">Read more&nbsp;Erleben Sie das High Life in Ihrer eigenen Sky Pool Villa &#8211; JETZT BUCHEN<\/span><\/a><\/span><\/p>\n","protected":false},"author":1,"featured_media":0,"parent":0,"menu_order":0,"comment_status":"closed","ping_status":"closed","template":"elementor_header_footer","meta":{"_acf_changed":false,"om_disable_all_campaigns":false,"_monsterinsights_skip_tracking":false,"_monsterinsights_sitenote_active":false,"_monsterinsights_sitenote_note":"","_monsterinsights_sitenote_category":0,"_uf_show_specific_survey":0,"_uf_disable_surveys":false,"footnotes":""},"class_list":["post-7612","page","type-page","status-publish","hentry"],"acf":[],"aioseo_notices":[],"jetpack_sharing_enabled":true,"_links":{"self":[{"href":"https:\/\/villamedveja.com\/de\/wp-json\/wp\/v2\/pages\/7612","targetHints":{"allow":["GET"]}}],"collection":[{"href":"https:\/\/villamedveja.com\/de\/wp-json\/wp\/v2\/pages"}],"about":[{"href":"https:\/\/villamedveja.com\/de\/wp-json\/wp\/v2\/types\/page"}],"author":[{"embeddable":true,"href":"https:\/\/villamedveja.com\/de\/wp-json\/wp\/v2\/users\/1"}],"replies":[{"embeddable":true,"href":"https:\/\/villamedveja.com\/de\/wp-json\/wp\/v2\/comments?post=7612"}],"version-history":[{"count":0,"href":"https:\/\/villamedveja.com\/de\/wp-json\/wp\/v2\/pages\/7612\/revisions"}],"wp:attachment":[{"href":"https:\/\/villamedveja.com\/de\/wp-json\/wp\/v2\/media?parent=7612"}],"curies":[{"name":"wp","href":"https:\/\/api.w.org\/{rel}","templated":true}]}}