{"id":7358,"date":"2024-03-30T19:04:29","date_gmt":"2024-03-30T19:04:29","guid":{"rendered":"https:\/\/villamedveja.com\/istrazite-medveju-hrvatsku-sada-ono-sto-vam-nitko-ne-govori\/"},"modified":"2025-01-07T15:37:24","modified_gmt":"2025-01-07T15:37:24","slug":"istrazite-medveju-hrvatsku-sada-ono-sto-vam-nitko-ne-govori","status":"publish","type":"page","link":"https:\/\/villamedveja.com\/hr\/istrazite-medveju-hrvatsku-sada-ono-sto-vam-nitko-ne-govori\/","title":{"rendered":"Istra\u017eite Medveju, Hrvatsku SADA: Ono \u0161to vam nitko ne govori"},"content":{"rendered":"\t\t<div data-elementor-type=\"wp-page\" data-elementor-id=\"7358\" class=\"elementor elementor-7358 elementor-5063\">\n\t\t\t\t<div class=\"elementor-element elementor-element-cb34013 e-con-full e-flex e-con e-parent\" data-id=\"cb34013\" data-element_type=\"container\" data-e-type=\"container\">\n\t\t\t\t<div class=\"elementor-element elementor-element-ca0f0e0 elementor-widget elementor-widget-kinsley-intro\" data-id=\"ca0f0e0\" data-element_type=\"widget\" data-e-type=\"widget\" data-widget_type=\"kinsley-intro.default\">\n\t\t\t\t<div class=\"elementor-widget-container\">\n\t\t\t\t\t\n    <!-- banner -->\n    <section class=\"knsl-banner-simple knsl-transition-bottom knsl-banner-white\">\n      \n\t  \n      <div class=\"container\">\n        <div class=\"row\">\n          <div class=\"col-lg-12\">\n\n            <div class=\"knsl-center knsl-title-frame\">\n                            <h1 class=\"knsl-title--h knsl-mb-20 knsl-h1-inner\">\n                <span >\n                    Otkrijte MEDVEJU                <\/span>\n              <\/h1>\n                                          <p class=\"knsl-text knsl-mb-30\">\n                <span >\n                    Medveja je skriveni dragulj koji nudi netaknute pla\u017ee, kristalno \u010disto more i mirnu atmosferu idealnu za one koji \u017eele pobje\u0107i od u\u017eurbanosti svakodnevnog \u017eivota.                <\/span>\n              <\/p>\n              \n              \n            <\/div>\n\n          <\/div>\n        <\/div>\n      <\/div>\n    <\/section>\n    <!-- banner end -->\n\n\t\t\t\t\t\t<\/div>\n\t\t\t\t<\/div>\n\t\t\t\t<\/div>\n\t\t<div class=\"elementor-element elementor-element-d92d9bc e-flex e-con-boxed e-con e-parent\" data-id=\"d92d9bc\" data-element_type=\"container\" data-e-type=\"container\">\n\t\t\t\t\t<div class=\"e-con-inner\">\n\t\t\t\t<div class=\"elementor-element elementor-element-467a4a1 elementor-widget elementor-widget-kinsley-about\" data-id=\"467a4a1\" data-element_type=\"widget\" data-e-type=\"widget\" data-widget_type=\"kinsley-about.default\">\n\t\t\t\t<div class=\"elementor-widget-container\">\n\t\t\t\t\t\n\t\t<!-- about -->\n\t\t<section class=\"knsl-p-0-100\">\n\n\t\t<div class=\"container\">\t\t\t<div class=\"knsl-about-card\">\n\t\t\t\t\t\t\t\t\t\t\t\t\t\t\t<div class=\"row no-gutters\">\t\t\t\t\t<div class=\"col-lg-6\">\n\t\t\t\t\t\t\t\t\t\t<div class=\"knsl-about-photo\">\n\t\t\t\t\t\t<img decoding=\"async\" src=\"https:\/\/villamedveja.com\/wp-content\/uploads\/2024\/03\/Medveja-beach-16-1920x1080.jpg\" alt=\"\" \/>\n\t\t\t\t\t<\/div>\n\t\t\t\t\t\t\t\t\t\t<\/div>\n\t\t\t\t\t<div class=\"col-lg-6 align-self-center\">\n\t\t\t\t\t<div class=\"knsl-about-text\">\n\t\t\t\t\t\t<div class=\"knsl-title-frame\">\n\t\t\t\t\t\t\t\t\t\t\t\t<h2 class=\"knsl-mb-20\">\n\t\t\t\t\t\t\t<span >\n\t\t\t\t\t\t\t\t\t\t\t<h1 class=\"knsl-mb-20 knsl-h1-inner\" style=\"margin-right: auto;margin-left: auto;max-width: 1040px;text-align: center\">&nbsp;Coastline Retreat&nbsp;<\/h1>\t\t\t\t\t\t\t\t\t\t<\/span>\n\t\t\t\t\t\t<\/h2>\n\t\t\t\t\t\t\t\t\t\t\t\t\t\t\t\t\t\t\t<div class=\"knsl-text knsl-mb-30\">\n\t\t\t\t\t\t\t\t\t<div >\n\t\t\t\t\t\t\t\t\t\t\t\t<h4 style=\"margin-bottom: 20px\"><span style=\"color: #64688c;font-family: Roboto\"><span style=\"font-size: 16px\">Smje\u0161tena u blizini grada Opatije, Medveja je poznata po prekrasnoj \u0161ljun\u010danoj pla\u017ei. Posjetitelji mogu u\u017eivati u ukusnoj doma\u0107oj kuhinji u restoranima uz more,&nbsp;&nbsp;<\/span><\/span><span style=\"font-size: 16px;font-family: Roboto;letter-spacing: 0px;text-align: var(--text-align)\">opustiti se na pla\u017ei, okupajte se u \u010distom moru ili se zabavite s vodenim sportovima poput ronjenja s maskom i kajaka\u0161tva. Grad tako\u0111er nudi pje\u0161a\u010dke i biciklisti\u010dke staze za one koji \u017eele istra\u017eiti okolnu prirodnu ljepotu.<\/span><\/h4>\n\t\t\t\t\t\t\t\t\t\t\t<\/div>\n\t\t\t\t\t\t\t\t\t<\/div>\n\t\t\t\t\t\t\t\t\t\t\t\t\t\t\t\t\t\t\t\t\t\t<a target=\"_blank\" href=\"https:\/\/villamedveja.com\/2024\/03\/08\/about-medveja\/\" class=\"knsl-btn knsl-btn-md\">\n\t\t\t\t\t\t\t<span >\n\t\t\t\t\t\t\t\t\t\t\tSaznajte vi\u0161e  \t\t\t\t\t\t\t\t\t\t<\/span>\n\t\t\t\t\t\t<\/a>\n\t\t\t\t\t\t\t\t\t\t\t\t<\/div>\n\t\t\t\t\t<\/div>\n\t\t\t\t\t<\/div>\n\t\t\t\t\t<\/div>\t\t\t\t\t\t\t\t\t\t\t\t<\/div>\n\t\t<div class=\"container\">\n\t\t<\/section>\n\t\t<!-- about end -->\n\n\t\t\t\t\t\t\t<\/div>\n\t\t\t\t<\/div>\n\t\t\t\t\t<\/div>\n\t\t\t\t<\/div>\n\t\t<div class=\"elementor-element elementor-element-327c555 e-flex e-con-boxed e-con e-parent\" data-id=\"327c555\" data-element_type=\"container\" data-e-type=\"container\">\n\t\t\t\t\t<div class=\"e-con-inner\">\n\t\t\t\t<div class=\"elementor-element elementor-element-012d46b elementor-widget elementor-widget-kinsley-about-video\" data-id=\"012d46b\" data-element_type=\"widget\" data-e-type=\"widget\" data-widget_type=\"kinsley-about-video.default\">\n\t\t\t\t<div class=\"elementor-widget-container\">\n\t\t\t\t\t\n\t\t<!-- video -->\n    <section class=\"knsl-p-0-100\">\n\n      <div class=\"container\">\n\n        <div class=\"knsl-about-card\">\n          <div class=\"row g-0\">\n            <div class=\"col-lg-6\">\n              <div class=\"knsl-about-text\">\n                <div class=\"knsl-title-frame\">\n\t\t\t\t\t\t\t\t\t                  <h2 class=\"knsl-title--h knsl-mb-20\">\n\t\t\t\t\t\t\t\t\t\t<span >\n\t\t\t\t\t\t\t\t\t\t\tMali grad smje\u0161ten uz prekrasnu hrvatsku obalu.\t\t\t\t\t\t\t\t\t\t<\/span>\n\t\t\t\t\t\t\t\t\t<\/h2>\n\t\t\t\t\t\t\t\t\t\t\t\t\t\t\t\t\t\t\t\t\t\t\t\t\t\t\t<div class=\"knsl-text knsl-mb-30\">\n\t\t\t\t\t\t\t\t\t\t<div >\n                      <p>Bilo da tra\u017eite opu\u0161taju\u0107i odmor na pla\u017ei ili kulturno iskustvo, Medveja ima \u0161to ponuditi svakom turista. Pogledajte na\u0161 kratki video i otkrijte \u010dari ovog malog primorskog gradi\u0107a du\u017e hrvatske obale, a zatim zapo\u010dnite planirati svoje nezaboravni odmor u Medveju! Do\u017eivite savr\u0161en spoj opu\u0161tanja i avanture u ovom idili\u010dnom obalnom gradi\u0107u.<\/p>\n                    <\/div>\n\t\t\t\t\t\t\t\t\t<\/div>\n\t\t\t\t\t\t\t\t\t\t\t\t\t\t\t\t\t\t                  <a data-magnific-video href=\"https:\/\/www.youtube.com\/watch?v=i8pUHzcWWYM\" class=\"knsl-btn knsl-btn-md\">\n\t\t\t\t\t\t\t\t\t\t<span class=\"img-svg img-svg-play knsl-zoom\"><\/span>\n\t\t\t\t\t\t\t\t\t\t<span >\n\t\t\t\t\t\t\t\t\t\t\tPogledaj video\t\t\t\t\t\t\t\t\t\t<\/span>\n\t\t\t\t\t\t\t\t\t<\/a>\n\t\t\t\t\t\t\t\t\t                <\/div>\n              <\/div>\n            <\/div>\n            <div class=\"col-lg-6\">\n              <div class=\"knsl-video-frame\">\n\t\t\t\t\t\t\t\t\t\t\t\t\t\t\t\t<img decoding=\"async\" src=\"https:\/\/villamedveja.com\/wp-content\/uploads\/2024\/03\/Medveja-Croatia.jpg\" alt=\"Mali grad smje\u0161ten uz prekrasnu hrvatsku obalu.\" \/>\n\t\t\t\t\t\t\t\t\t\t\t\t\t\t\t\t                <a data-magnific-video href=\"https:\/\/www.youtube.com\/watch?v=i8pUHzcWWYM\" class=\"knsl-play-btn\">\n                  <i class=\"fas fa-play\"><\/i>\n                <\/a>\n\t\t\t\t\t\t\t\t              <\/div>\n            <\/div>\n          <\/div>\n        <\/div>\n      <\/div>\n\n    <\/section>\n    <!-- video end -->\n\n\t\t\t\t\t\t<\/div>\n\t\t\t\t<\/div>\n\t\t\t\t\t<\/div>\n\t\t\t\t<\/div>\n\t\t\t\t<\/div>\n\t\t","protected":false},"excerpt":{"rendered":"<p>Otkrijte MEDVEJU Medveja je skriveni dragulj koji nudi netaknute pla\u017ee, kristalno \u010disto more i mirnu atmosferu idealnu za one koji&#8230; <span class=\"knsl-el-more\"><a href=\"https:\/\/villamedveja.com\/hr\/istrazite-medveju-hrvatsku-sada-ono-sto-vam-nitko-ne-govori\/\" class=\"knsl-btn\">Read more<span class=\"screen-reader-text\">Read more&nbsp;Istra\u017eite Medveju, Hrvatsku SADA: Ono \u0161to vam nitko ne govori<\/span><\/a><\/span><\/p>\n","protected":false},"author":1,"featured_media":0,"parent":0,"menu_order":0,"comment_status":"closed","ping_status":"closed","template":"elementor_header_footer","meta":{"_acf_changed":false,"om_disable_all_campaigns":false,"_monsterinsights_skip_tracking":false,"_monsterinsights_sitenote_active":false,"_monsterinsights_sitenote_note":"","_monsterinsights_sitenote_category":0,"_uf_show_specific_survey":0,"_uf_disable_surveys":false,"footnotes":""},"class_list":["post-7358","page","type-page","status-publish","hentry"],"acf":[],"aioseo_notices":[],"jetpack_sharing_enabled":true,"_links":{"self":[{"href":"https:\/\/villamedveja.com\/hr\/wp-json\/wp\/v2\/pages\/7358","targetHints":{"allow":["GET"]}}],"collection":[{"href":"https:\/\/villamedveja.com\/hr\/wp-json\/wp\/v2\/pages"}],"about":[{"href":"https:\/\/villamedveja.com\/hr\/wp-json\/wp\/v2\/types\/page"}],"author":[{"embeddable":true,"href":"https:\/\/villamedveja.com\/hr\/wp-json\/wp\/v2\/users\/1"}],"replies":[{"embeddable":true,"href":"https:\/\/villamedveja.com\/hr\/wp-json\/wp\/v2\/comments?post=7358"}],"version-history":[{"count":0,"href":"https:\/\/villamedveja.com\/hr\/wp-json\/wp\/v2\/pages\/7358\/revisions"}],"wp:attachment":[{"href":"https:\/\/villamedveja.com\/hr\/wp-json\/wp\/v2\/media?parent=7358"}],"curies":[{"name":"wp","href":"https:\/\/api.w.org\/{rel}","templated":true}]}}