{"id":7393,"date":"2024-11-24T15:19:27","date_gmt":"2024-11-24T15:19:27","guid":{"rendered":"https:\/\/villamedveja.com\/najbolje-cijene-sky-pool-villas-medveja-hrvatska-i-cjenik\/"},"modified":"2025-01-05T15:08:12","modified_gmt":"2025-01-05T15:08:12","slug":"najbolje-cijene-sky-pool-villas-medveja-hrvatska-i-cjenik","status":"publish","type":"page","link":"https:\/\/villamedveja.com\/hr\/najbolje-cijene-sky-pool-villas-medveja-hrvatska-i-cjenik\/","title":{"rendered":"Najbolje cijene | Sky Pool Villas Medveja (Hrvatska) I CJENIK"},"content":{"rendered":"\t\t<div data-elementor-type=\"wp-page\" data-elementor-id=\"7393\" class=\"elementor elementor-7393 elementor-6294\">\n\t\t\t\t\t\t<section class=\"elementor-section elementor-top-section elementor-element elementor-element-aa29d16 elementor-section-full_width elementor-section-height-full elementor-section-height-default elementor-section-items-middle\" data-id=\"aa29d16\" data-element_type=\"section\" data-e-type=\"section\" data-settings=\"{&quot;background_background&quot;:&quot;classic&quot;}\">\n\t\t\t\t\t\t\t<div class=\"elementor-background-overlay\"><\/div>\n\t\t\t\t\t\t\t<div class=\"elementor-container elementor-column-gap-no\">\n\t\t\t\t\t<div class=\"elementor-column elementor-col-100 elementor-top-column elementor-element elementor-element-80c94c1\" data-id=\"80c94c1\" data-element_type=\"column\" data-e-type=\"column\">\n\t\t\t<div class=\"elementor-widget-wrap elementor-element-populated\">\n\t\t\t\t\t\t<div class=\"elementor-element elementor-element-dc81c8f elementor-widget elementor-widget-heading\" data-id=\"dc81c8f\" data-element_type=\"widget\" data-e-type=\"widget\" data-widget_type=\"heading.default\">\n\t\t\t\t<div class=\"elementor-widget-container\">\n\t\t\t\t\t<h5 class=\"elementor-heading-title elementor-size-default\">VOLI. U\u017dIVAJ. VRATI SE.  <\/h5>\t\t\t\t<\/div>\n\t\t\t\t<\/div>\n\t\t\t\t\t<\/div>\n\t\t<\/div>\n\t\t\t\t\t<\/div>\n\t\t<\/section>\n\t\t<div class=\"elementor-element elementor-element-d38540b e-flex e-con-boxed e-con e-parent\" data-id=\"d38540b\" data-element_type=\"container\" data-e-type=\"container\">\n\t\t\t\t\t<div class=\"e-con-inner\">\n\t\t\t\t<div class=\"elementor-element elementor-element-72fbafe elementor-widget elementor-widget-heading\" data-id=\"72fbafe\" data-element_type=\"widget\" data-e-type=\"widget\" data-widget_type=\"heading.default\">\n\t\t\t\t<div class=\"elementor-widget-container\">\n\t\t\t\t\t<h2 class=\"elementor-heading-title elementor-size-default\">Cijene<\/h2>\t\t\t\t<\/div>\n\t\t\t\t<\/div>\n\t\t\t\t\t<\/div>\n\t\t\t\t<\/div>\n\t\t<div class=\"elementor-element elementor-element-9fb0c48 e-flex e-con-boxed e-con e-parent\" data-id=\"9fb0c48\" data-element_type=\"container\" data-e-type=\"container\">\n\t\t\t\t\t<div class=\"e-con-inner\">\n\t\t<div class=\"elementor-element elementor-element-93abef5 e-con-full e-flex e-con e-child\" data-id=\"93abef5\" data-element_type=\"container\" data-e-type=\"container\">\n\t\t\t\t<div class=\"elementor-element elementor-element-94f655e elementor-widget elementor-widget-heading\" data-id=\"94f655e\" data-element_type=\"widget\" data-e-type=\"widget\" data-widget_type=\"heading.default\">\n\t\t\t\t<div class=\"elementor-widget-container\">\n\t\t\t\t\t<h4 class=\"elementor-heading-title elementor-size-default\">Vila s dvije spava\u0107e sobe<\/h4>\t\t\t\t<\/div>\n\t\t\t\t<\/div>\n\t\t\t\t<div class=\"elementor-element elementor-element-a5bd3e7 elementor-widget elementor-widget-text-editor\" data-id=\"a5bd3e7\" data-element_type=\"widget\" data-e-type=\"widget\" data-widget_type=\"text-editor.default\">\n\t\t\t\t<div class=\"elementor-widget-container\">\n\t\t\t\t\t\t\t\t\t<table class=\"MsoNormalTable\" style=\"width: 514px; background-image: initial; background-position: initial; background-size: initial; background-repeat: initial; background-attachment: initial; background-origin: initial; background-clip: initial; height: 1005px;\" border=\"0\" width=\"330\" cellpadding=\"0\">\n<tbody>\n<tr>\n<td style=\"width: 186.75pt; background: #DAE9F7; mso-background-themecolor: text2; mso-background-themetint: 26; padding: .75pt .75pt .75pt .75pt;\" valign=\"bottom\" width=\"249\">\n<p class=\"MsoNormal\">\n                    <b><br \/>\n                      <span style=\"color: black; mso-color-alt: windowtext;\">Standardna cijena<\/span><br \/>\n                    <\/b>\n                  <\/p>\n<\/td>\n<td style=\"width: 56.25pt; background: #A5C9EB; mso-background-themecolor: text2; mso-background-themetint: 64; padding: .75pt .75pt .75pt .75pt;\" valign=\"bottom\" width=\"75\">\n<p class=\"MsoNormal\">\n                    <span style=\"color: black; mso-color-alt: windowtext;\">Dnevna cijena<\/span>\n                  <\/p>\n<\/td>\n<\/tr>\n<tr>\n<td style=\"width: 186.75pt; background: #DAE9F7; mso-background-themecolor: text2; mso-background-themetint: 26; padding: .75pt .75pt .75pt .75pt;\" valign=\"bottom\" width=\"249\">\n<p class=\"MsoNormal\">\n                    <b><br \/>\n                      <span style=\"color: black; mso-color-alt: windowtext;\">Sezona #D<\/span><br \/>\n                    <\/b>\n                  <\/p>\n<p class=\"MsoNormal\">\n                    <span style=\"color: black; mso-color-alt: windowtext;\">4. sije\u010dnja 2025. &#8211; 25. travnja 2025<\/span>\n                  <\/p>\n<p class=\"MsoNormal\">\n                    <span style=\"color: black; mso-color-alt: windowtext;\">4. listopada 2025. &#8211; 19. prosinca 2025<\/span>\n                  <\/p>\n<p class=\"MsoNormal\">\n                    <span style=\"color: black; mso-color-alt: windowtext;\">3. sije\u010dnja 2026. &#8211; 24. travnja 2026<\/span>\n                  <\/p>\n<p class=\"MsoNormal\">\n                    <span style=\"color: black; mso-color-alt: windowtext;\">3. listopada 2026. &#8211; 18. prosinca 2026<\/span>\n                  <\/p>\n<\/td>\n<td style=\"width: 56.25pt; background: #A5C9EB; mso-background-themecolor: text2; mso-background-themetint: 64; padding: .75pt .75pt .75pt .75pt;\" valign=\"bottom\" width=\"75\">\n<p class=\"MsoNormal\" style=\"text-align: center;\" align=\"center\">\n                    <span style=\"color: black; mso-color-alt: windowtext;\">350 eura<\/span>\n                  <\/p>\n<\/td>\n<\/tr>\n<tr>\n<td style=\"width: 186.75pt; background: #DAE9F7; mso-background-themecolor: text2; mso-background-themetint: 26; padding: .75pt .75pt .75pt .75pt;\" valign=\"bottom\" width=\"249\">\n<p class=\"MsoNormal\">\n                    <b><br \/>\n                      <span style=\"color: black; mso-color-alt: windowtext;\">Sezona #C<\/span><br \/>\n                    <\/b>\n                  <\/p>\n<p class=\"MsoNormal\">\n                    <span style=\"color: black; mso-color-alt: windowtext;\">26. travnja 2025. &#8211; 26. svibnja 2025<\/span>\n                  <\/p>\n<p class=\"MsoNormal\">\n                    <span style=\"color: black; mso-color-alt: windowtext;\">20. rujna 2025. &#8211; 3. listopada 2025<\/span>\n                  <\/p>\n<p class=\"MsoNormal\">\n                    <span style=\"color: black; mso-color-alt: windowtext;\">25. travnja 2026. &#8211; 22. svibnja 2026<\/span>\n                  <\/p>\n<p class=\"MsoNormal\">\n                    <span style=\"color: black; mso-color-alt: windowtext;\">19. rujna 2026. &#8211; 2. listopada 2026<\/span>\n                  <\/p>\n<\/td>\n<td style=\"width: 56.25pt; background: #A5C9EB; mso-background-themecolor: text2; mso-background-themetint: 64; padding: .75pt .75pt .75pt .75pt;\" valign=\"bottom\" width=\"75\">\n<p class=\"MsoNormal\" style=\"text-align: center;\" align=\"center\">\n                    <span style=\"color: black; mso-color-alt: windowtext;\">420 eura<\/span>\n                  <\/p>\n<\/td>\n<\/tr>\n<tr style=\"mso-yfti-irow: 3; height: 87.6pt;\">\n<td style=\"width: 186.75pt; background: #DAE9F7; mso-background-themecolor: text2; mso-background-themetint: 26; padding: .75pt .75pt .75pt .75pt; height: 87.6pt;\" valign=\"bottom\" width=\"249\">\n<p class=\"MsoNormal\">\n                    <b><br \/>\n                      <span style=\"color: black; mso-color-alt: windowtext;\"> <\/span><br \/>\n                    <\/b>\n                  <\/p>\n<p class=\"MsoNormal\">\n                    <b><br \/>\n                      <span style=\"color: black; mso-color-alt: windowtext;\">Sezona #B<\/span><br \/>\n                    <\/b>\n                  <\/p>\n<p class=\"MsoNormal\">\n                    <span style=\"color: black; mso-color-alt: windowtext;\">31. svibnja 2025. &#8211; 27. lipnja 2025<\/span>\n                  <\/p>\n<p class=\"MsoNormal\">\n                    <span style=\"color: black; mso-color-alt: windowtext;\">30. kolovoza 2025. &#8211; 19. rujna 2025<\/span>\n                  <\/p>\n<p class=\"MsoNormal\">\n                    <span style=\"color: black; mso-color-alt: windowtext;\">23. svibnja 2026. &#8211; 26. lipnja 2026<\/span>\n                  <\/p>\n<p class=\"MsoNormal\">\n                    <span style=\"color: black; mso-color-alt: windowtext;\">29. kolovoza 2026. &#8211; 18. rujna 2026<\/span>\n                  <\/p>\n<\/td>\n<td style=\"width: 56.25pt; background: #A5C9EB; mso-background-themecolor: text2; mso-background-themetint: 64; padding: .75pt .75pt .75pt .75pt; height: 87.6pt;\" valign=\"bottom\" width=\"75\">\n<p class=\"MsoNormal\" style=\"text-align: center;\" align=\"center\">\n                    <span style=\"color: black; mso-color-alt: windowtext;\">500 eura<\/span>\n                  <\/p>\n<\/td>\n<\/tr>\n<tr>\n<td style=\"width: 186.75pt; background: #DAE9F7; mso-background-themecolor: text2; mso-background-themetint: 26; padding: .75pt .75pt .75pt .75pt;\" valign=\"bottom\" width=\"249\">\n<p class=\"MsoNormal\">\n                    <b><br \/>\n                      <span style=\"color: black; mso-color-alt: windowtext;\">Sezona #A<\/span><br \/>\n                    <\/b>\n                  <\/p>\n<p class=\"MsoNormal\">\n                    <span style=\"color: black; mso-color-alt: windowtext;\">28. lipnja 2025. &#8211; 29. kolovoza 2025<\/span>\n                  <\/p>\n<p class=\"MsoNormal\">\n                    <span style=\"color: black; mso-color-alt: windowtext;\">27. lipnja 2026. &#8211; 28. kolovoza 2026<\/span>\n                  <\/p>\n<\/td>\n<td style=\"width: 56.25pt; background: #A5C9EB; mso-background-themecolor: text2; mso-background-themetint: 64; padding: .75pt .75pt .75pt .75pt;\" valign=\"bottom\" width=\"75\">\n<p class=\"MsoNormal\" style=\"text-align: center;\" align=\"center\">\n                    <span style=\"color: black; mso-color-alt: windowtext;\">600 eura<\/span>\n                  <\/p>\n<\/td>\n<\/tr>\n<tr>\n<td style=\"width: 186.75pt; background: #DAE9F7; mso-background-themecolor: text2; mso-background-themetint: 26; padding: .75pt .75pt .75pt .75pt;\" valign=\"bottom\" width=\"249\">\n<p class=\"MsoNormal\">\n                    <b><br \/>\n                      <span style=\"color: black; mso-color-alt: windowtext;\">Sezona #E<\/span><br \/>\n                    <\/b>\n                  <\/p>\n<p class=\"MsoNormal\">\n                    <span style=\"color: black; mso-color-alt: windowtext;\">20. prosinca 2025. &#8211; 2. sije\u010dnja 2026<\/span>\n                  <\/p>\n<\/td>\n<td style=\"width: 56.25pt; background: #A5C9EB; mso-background-themecolor: text2; mso-background-themetint: 64; padding: .75pt .75pt .75pt .75pt;\" valign=\"bottom\" width=\"75\">\n<p class=\"MsoNormal\" style=\"text-align: center;\" align=\"center\">\n                    <span style=\"color: black; mso-color-alt: windowtext;\">500 eura<\/span>\n                  <\/p>\n<\/td>\n<\/tr>\n<\/tbody>\n<\/table>\n\t\t\t\t\t\t\t\t<\/div>\n\t\t\t\t<\/div>\n\t\t\t\t<\/div>\n\t\t<div class=\"elementor-element elementor-element-14c09e3 e-con-full e-flex e-con e-child\" data-id=\"14c09e3\" data-element_type=\"container\" data-e-type=\"container\">\n\t\t\t\t<div class=\"elementor-element elementor-element-1767998 elementor-widget elementor-widget-heading\" data-id=\"1767998\" data-element_type=\"widget\" data-e-type=\"widget\" data-widget_type=\"heading.default\">\n\t\t\t\t<div class=\"elementor-widget-container\">\n\t\t\t\t\t<h4 class=\"elementor-heading-title elementor-size-default\">Vila s jednom spava\u0107om sobom<\/h4>\t\t\t\t<\/div>\n\t\t\t\t<\/div>\n\t\t\t\t<div class=\"elementor-element elementor-element-fab936d elementor-widget elementor-widget-text-editor\" data-id=\"fab936d\" data-element_type=\"widget\" data-e-type=\"widget\" data-widget_type=\"text-editor.default\">\n\t\t\t\t<div class=\"elementor-widget-container\">\n\t\t\t\t\t\t\t\t\t<table style=\"width: 520px; background-image: initial; background-position: initial; background-size: initial; background-repeat: initial; background-attachment: initial; background-origin: initial; background-clip: initial; height: 1007px;\" border=\"0\" width=\"330\" cellpadding=\"0\">\n<tbody>\n<tr>\n<td style=\"width: 186.75pt; background: #FAE2D5; mso-background-themecolor: accent2; mso-background-themetint: 51; padding: .75pt .75pt .75pt .75pt;\" valign=\"bottom\" width=\"249\">\n<p>\n                    <b style=\"text-align: var(--text-align); letter-spacing: 0px;\"><br \/>\n                      <span style=\"color: black; mso-color-alt: windowtext;\">Standardna cijena<\/span><br \/>\n                    <\/b>\n                  <\/p>\n<\/td>\n<td style=\"width: 56.25pt; background: #F6C5AC; mso-background-themecolor: accent2; mso-background-themetint: 102; padding: .75pt .75pt .75pt .75pt;\" valign=\"bottom\" width=\"75\">\n<p style=\"text-align: center;\" align=\"center\">\n                    <b><br \/>\n                      <span style=\"color: black; mso-color-alt: windowtext;\">Dnevna stopa<\/span><br \/>\n                    <\/b>\n                  <\/p>\n<\/td>\n<\/tr>\n<tr>\n<td style=\"width: 186.75pt; background: #FAE2D5; mso-background-themecolor: accent2; mso-background-themetint: 51; padding: .75pt .75pt .75pt .75pt;\" valign=\"bottom\" width=\"249\">\n<p>\n                    <b><br \/>\n                      <span style=\"color: black; mso-color-alt: windowtext;\">Sezona #D<\/span><br \/>\n                    <\/b>\n                  <\/p>\n<p>\n                    <span style=\"color: black; mso-color-alt: windowtext;\">4. sije\u010dnja 2025. &#8211; 25. travnja 2025<\/span>\n                  <\/p>\n<p>\n                    <span style=\"color: black; mso-color-alt: windowtext;\">4. listopada 2025. &#8211; 19. prosinca 2025<\/span>\n                  <\/p>\n<p>\n                    <span style=\"color: black; mso-color-alt: windowtext;\">3. sije\u010dnja 2026. &#8211; 24. travnja 2026<\/span>\n                  <\/p>\n<p>\n                    <span style=\"color: black; mso-color-alt: windowtext;\">3. listopada 2026. &#8211; 18. prosinca 2026<\/span>\n                  <\/p>\n<\/td>\n<td style=\"width: 56.25pt; background: #F6C5AC; mso-background-themecolor: accent2; mso-background-themetint: 102; padding: .75pt .75pt .75pt .75pt;\" valign=\"bottom\" width=\"75\">\n<p style=\"text-align: center;\" align=\"center\">\n                    <span style=\"color: black; mso-color-alt: windowtext;\">250 eura<\/span>\n                  <\/p>\n<\/td>\n<\/tr>\n<tr>\n<td style=\"width: 186.75pt; background: #FAE2D5; mso-background-themecolor: accent2; mso-background-themetint: 51; padding: .75pt .75pt .75pt .75pt;\" valign=\"bottom\" width=\"249\">\n<p>\n                    <b><br \/>\n                      <span style=\"color: black; mso-color-alt: windowtext;\">Sezona #C<\/span><br \/>\n                    <\/b>\n                  <\/p>\n<p>\n                    <span style=\"color: black; mso-color-alt: windowtext;\">26. travnja 2025. &#8211; 26. svibnja 2025<\/span>\n                  <\/p>\n<p>\n                    <span style=\"color: black; mso-color-alt: windowtext;\">20. rujna 2025. &#8211; 3. listopada 2025<\/span>\n                  <\/p>\n<p>\n                    <span style=\"color: black; mso-color-alt: windowtext;\">25. travnja 2026. &#8211; 22. svibnja 2026<\/span>\n                  <\/p>\n<p>\n                    <span style=\"color: black; mso-color-alt: windowtext;\">19. rujna 2026. &#8211; 2. listopada 2026<\/span>\n                  <\/p>\n<\/td>\n<td style=\"width: 56.25pt; background: #F6C5AC; mso-background-themecolor: accent2; mso-background-themetint: 102; padding: .75pt .75pt .75pt .75pt;\" valign=\"bottom\" width=\"75\">\n<p style=\"text-align: center;\" align=\"center\">\n                    <span style=\"color: black; mso-color-alt: windowtext;\">320 eura<\/span>\n                  <\/p>\n<\/td>\n<\/tr>\n<tr style=\"mso-yfti-irow: 3; height: 87.6pt;\">\n<td style=\"width: 186.75pt; background: #FAE2D5; mso-background-themecolor: accent2; mso-background-themetint: 51; padding: .75pt .75pt .75pt .75pt; height: 87.6pt;\" valign=\"bottom\" width=\"249\">\n<p>\n                    <b><br \/>\n                      <span style=\"color: black; mso-color-alt: windowtext;\"> <\/span><br \/>\n                    <\/b>\n                  <\/p>\n<p>\n                    <b><br \/>\n                      <span style=\"color: black; mso-color-alt: windowtext;\">Sezona #B<\/span><br \/>\n                    <\/b>\n                  <\/p>\n<p>\n                    <span style=\"color: black; mso-color-alt: windowtext;\">31. svibnja 2025. &#8211; 27. lipnja 2025<\/span>\n                  <\/p>\n<p>\n                    <span style=\"color: black; mso-color-alt: windowtext;\">30. kolovoza 2025. &#8211; 19. rujna 2025<\/span>\n                  <\/p>\n<p>\n                    <span style=\"color: black; mso-color-alt: windowtext;\">23. svibnja 2026. &#8211; 26. lipnja 2026<\/span>\n                  <\/p>\n<p>\n                    <span style=\"color: black; mso-color-alt: windowtext;\">29. kolovoza 2026. &#8211; 18. rujna 2026<\/span>\n                  <\/p>\n<\/td>\n<td style=\"width: 56.25pt; background: #F6C5AC; mso-background-themecolor: accent2; mso-background-themetint: 102; padding: .75pt .75pt .75pt .75pt; height: 87.6pt;\" valign=\"bottom\" width=\"75\">\n<p style=\"text-align: center;\" align=\"center\">\n                    <span style=\"color: black; mso-color-alt: windowtext;\">400 eura<\/span>\n                  <\/p>\n<\/td>\n<\/tr>\n<tr>\n<td style=\"width: 186.75pt; background: #FAE2D5; mso-background-themecolor: accent2; mso-background-themetint: 51; padding: .75pt .75pt .75pt .75pt;\" valign=\"bottom\" width=\"249\">\n<p>\n                    <b><br \/>\n                      <span style=\"color: black; mso-color-alt: windowtext;\">Sezona #A<\/span><br \/>\n                    <\/b>\n                  <\/p>\n<p>\n                    <span style=\"color: black; mso-color-alt: windowtext;\">28. lipnja 2025. &#8211; 29. kolovoza 2025<\/span>\n                  <\/p>\n<p>\n                    <span style=\"color: black; mso-color-alt: windowtext;\">27. lipnja 2026. &#8211; 28. kolovoza 2026<\/span>\n                  <\/p>\n<\/td>\n<td style=\"width: 56.25pt; background: #F6C5AC; mso-background-themecolor: accent2; mso-background-themetint: 102; padding: .75pt .75pt .75pt .75pt;\" valign=\"bottom\" width=\"75\">\n<p style=\"text-align: center;\" align=\"center\">\n                    <span style=\"color: black; mso-color-alt: windowtext;\">500 eura<\/span>\n                  <\/p>\n<\/td>\n<\/tr>\n<tr>\n<td style=\"width: 186.75pt; background: #FAE2D5; mso-background-themecolor: accent2; mso-background-themetint: 51; padding: .75pt .75pt .75pt .75pt;\" valign=\"bottom\" width=\"249\">\n<p>\n                    <b><br \/>\n                      <span style=\"color: black; mso-color-alt: windowtext;\">Sezona #E<\/span><br \/>\n                    <\/b>\n                  <\/p>\n<p>\n                    <span style=\"color: black; mso-color-alt: windowtext;\">20. prosinca 2025. &#8211; 2. sije\u010dnja 2026<\/span>\n                  <\/p>\n<\/td>\n<td style=\"width: 56.25pt; background: #F6C5AC; mso-background-themecolor: accent2; mso-background-themetint: 102; padding: .75pt .75pt .75pt .75pt;\" valign=\"bottom\" width=\"75\">\n<p style=\"text-align: center;\" align=\"center\">\n                    <span style=\"color: black; mso-color-alt: windowtext;\">400 eura<\/span>\n                  <\/p>\n<\/td>\n<\/tr>\n<\/tbody>\n<\/table>\n\t\t\t\t\t\t\t\t<\/div>\n\t\t\t\t<\/div>\n\t\t\t\t<\/div>\n\t\t\t\t\t<\/div>\n\t\t\t\t<\/div>\n\t\t<div class=\"elementor-element elementor-element-67fd97d e-flex e-con-boxed e-con e-parent\" data-id=\"67fd97d\" data-element_type=\"container\" data-e-type=\"container\">\n\t\t\t\t\t<div class=\"e-con-inner\">\n\t\t\t\t<div class=\"elementor-element elementor-element-e8dbb66 elementor-alert-info elementor-widget elementor-widget-alert\" data-id=\"e8dbb66\" data-element_type=\"widget\" data-e-type=\"widget\" data-widget_type=\"alert.default\">\n\t\t\t\t<div class=\"elementor-widget-container\">\n\t\t\t\t\t\t\t<div class=\"elementor-alert\" role=\"alert\">\n\n\t\t\t\t\t\t<span class=\"elementor-alert-title\">\u24d8 Istra\u017eite na\u0161u vilu i rezervirajte svoj boravak kod nas, uz zajam\u010deno najbolje online cijene!<\/span>\n\t\t\t\n\t\t\t\t\t\t<span class=\"elementor-alert-description\"><p>Rezervirajte sada, platite kasnije - osigurajte svoj odmor unaprijed i platite ra\u010dun 30 dana prije dolaska.<\/p>\n<\/span>\n\t\t\t\n\t\t\t\t\t\t<button type=\"button\" class=\"elementor-alert-dismiss\" aria-label=\"Odbacite ovo upozorenje.\">\n\t\t\t\t\t\t\t\t\t<span aria-hidden=\"true\">&times;<\/span>\n\t\t\t\t\t\t\t<\/button>\n\t\t\t\n\t\t<\/div>\n\t\t\t\t\t\t<\/div>\n\t\t\t\t<\/div>\n\t\t\t\t\t<\/div>\n\t\t\t\t<\/div>\n\t\t<div class=\"elementor-element elementor-element-9104216 e-flex e-con-boxed e-con e-parent\" data-id=\"9104216\" data-element_type=\"container\" data-e-type=\"container\">\n\t\t\t\t\t<div class=\"e-con-inner\">\n\t\t\t\t<div class=\"elementor-element elementor-element-2a4a500 elementor-widget elementor-widget-kinsley-rooms-carousel\" data-id=\"2a4a500\" data-element_type=\"widget\" data-e-type=\"widget\" data-widget_type=\"kinsley-rooms-carousel.default\">\n\t\t\t\t<div class=\"elementor-widget-container\">\n\t\t\t\t\t\n\t\t<!-- rooms -->\n\t\t<section class=\"knsl-transition-none knsl-p-0-100\">\n\t\t\n\t\t<div class=\"container\">\t\t\t<div class=\"row align-items-center\">\n\t\t\t\t\t\t<div class=\"col-lg-12\">\n\t\t\t\t<div class=\"knsl-center knsl-title-frame knsl-scroll-animation knsl-mb-100\">\n\t\t\t\t\t\t\t\t<h2 class=\"knsl-title--h knsl-mb-20\">\n\t\t\t\t\t<span >\n\t\t\t\t\t\tNa\u0161e vile\t\t\t\t\t<\/span>\n\t\t\t\t<\/h2>\n\t\t\t\t\t\t\t\t\t\t\t\t<div class=\"knsl-text knsl-mb-30\">\n\t\t\t\t\t<p>\n\t\t\t\t\t<span >\n\t\t\t\t\t\tOtkrijte na\u0161u zapanjuju\u0107u kolekciju vila. Svaka je vila pomno dizajnirana i lijepo namje\u0161tena kako bi pru\u017eila vrhunsku udobnost i opu\u0161tanje za va\u0161 odmor. Od prekrasnih pogleda do luksuznih sadr\u017eaja, na\u0161e vile nude doista nezaboravno iskustvo.  \t\t\t\t\t<\/span>\n\t\t\t\t\t<\/p>\n\t\t\t\t<\/div>\n\t\t\t\t\t\t\t\t\t\t\t\t<\/div>\n\t\t\t<\/div>\n\t\t\t\n\t\t\t<div class=\"col-lg-12 attr-details-amenity-false attr-details-category-false attr-details-attributes-false attr-details-view-false attr-details-bed-type-false attr-details-children-false\">\n\t\t\t\t\t\t\t<\/div>\n\t\t\t<\/div>\n\t\t<\/div>\t\t<\/section>\n\t\t<!-- rooms end -->\n\n\t\t\t\t\t\t<\/div>\n\t\t\t\t<\/div>\n\t\t\t\t\t<\/div>\n\t\t\t\t<\/div>\n\t\t<div class=\"elementor-element elementor-element-b84c770 e-flex e-con-boxed e-con e-parent\" data-id=\"b84c770\" data-element_type=\"container\" data-e-type=\"container\">\n\t\t\t\t\t<div class=\"e-con-inner\">\n\t\t\t\t<div class=\"elementor-element elementor-element-630074c elementor-widget elementor-widget-html\" data-id=\"630074c\" data-element_type=\"widget\" data-e-type=\"widget\" data-widget_type=\"html.default\">\n\t\t\t\t<div class=\"elementor-widget-container\">\n\t\t\t\t\t\n          <script src=\"https:\/\/static.elfsight.com\/platform\/platform.js\" async=\"\"><\/script>\n          \n\n          <div class=\"elfsight-app-7373d419-27bc-4f36-ad03-a4c7b356a5ad\" data-elfsight-app-lazy=\"\"><\/div>\n        \t\t\t\t<\/div>\n\t\t\t\t<\/div>\n\t\t\t\t\t<\/div>\n\t\t\t\t<\/div>\n\t\t<div class=\"elementor-element elementor-element-d083c89 e-flex e-con-boxed e-con e-parent\" data-id=\"d083c89\" data-element_type=\"container\" data-e-type=\"container\">\n\t\t\t\t\t<div class=\"e-con-inner\">\n\t\t\t\t\t<\/div>\n\t\t\t\t<\/div>\n\t\t\t\t<\/div>\n\t\t","protected":false},"excerpt":{"rendered":"<p>VOLI. U\u017dIVAJ. VRATI SE. Cijene Vila s dvije spava\u0107e sobe Standardna cijena Dnevna cijena Sezona #D 4. sije\u010dnja 2025. &#8211;&#8230; <span class=\"knsl-el-more\"><a href=\"https:\/\/villamedveja.com\/hr\/najbolje-cijene-sky-pool-villas-medveja-hrvatska-i-cjenik\/\" class=\"knsl-btn\">Read more<span class=\"screen-reader-text\">Read more&nbsp;Najbolje cijene | Sky Pool Villas Medveja (Hrvatska) I CJENIK<\/span><\/a><\/span><\/p>\n","protected":false},"author":1,"featured_media":0,"parent":0,"menu_order":0,"comment_status":"closed","ping_status":"closed","template":"template-full-width.php","meta":{"_acf_changed":false,"om_disable_all_campaigns":false,"_monsterinsights_skip_tracking":false,"_monsterinsights_sitenote_active":false,"_monsterinsights_sitenote_note":"","_monsterinsights_sitenote_category":0,"_uf_show_specific_survey":0,"_uf_disable_surveys":false,"footnotes":""},"class_list":["post-7393","page","type-page","status-publish","hentry"],"acf":[],"aioseo_notices":[],"jetpack_sharing_enabled":true,"_links":{"self":[{"href":"https:\/\/villamedveja.com\/hr\/wp-json\/wp\/v2\/pages\/7393","targetHints":{"allow":["GET"]}}],"collection":[{"href":"https:\/\/villamedveja.com\/hr\/wp-json\/wp\/v2\/pages"}],"about":[{"href":"https:\/\/villamedveja.com\/hr\/wp-json\/wp\/v2\/types\/page"}],"author":[{"embeddable":true,"href":"https:\/\/villamedveja.com\/hr\/wp-json\/wp\/v2\/users\/1"}],"replies":[{"embeddable":true,"href":"https:\/\/villamedveja.com\/hr\/wp-json\/wp\/v2\/comments?post=7393"}],"version-history":[{"count":0,"href":"https:\/\/villamedveja.com\/hr\/wp-json\/wp\/v2\/pages\/7393\/revisions"}],"wp:attachment":[{"href":"https:\/\/villamedveja.com\/hr\/wp-json\/wp\/v2\/media?parent=7393"}],"curies":[{"name":"wp","href":"https:\/\/api.w.org\/{rel}","templated":true}]}}