{"id":7433,"date":"2021-12-15T17:07:22","date_gmt":"2021-12-15T17:07:22","guid":{"rendered":"https:\/\/villamedveja.com\/ekskluzivni-bilten-dobijte-najbolje-od-medveje-hrvatska\/"},"modified":"2025-01-06T14:08:26","modified_gmt":"2025-01-06T14:08:26","slug":"ekskluzivni-bilten-dobijte-najbolje-od-medveje-hrvatska","status":"publish","type":"page","link":"https:\/\/villamedveja.com\/hr\/ekskluzivni-bilten-dobijte-najbolje-od-medveje-hrvatska\/","title":{"rendered":"Ekskluzivni bilten. Iskoristite sve \u0161to Medveja, Hrvatska, ima za ponuditi!"},"content":{"rendered":"\t\t<div data-elementor-type=\"wp-page\" data-elementor-id=\"7433\" class=\"elementor elementor-7433 elementor-713\">\n\t\t\t\t\t\t<section class=\"elementor-section elementor-top-section elementor-element elementor-element-d7faff8 elementor-section-full_width elementor-section-height-default elementor-section-height-default\" data-id=\"d7faff8\" data-element_type=\"section\" data-e-type=\"section\" data-settings=\"{&quot;background_background&quot;:&quot;classic&quot;}\">\n\t\t\t\t\t\t\t<div class=\"elementor-background-overlay\"><\/div>\n\t\t\t\t\t\t\t<div class=\"elementor-container elementor-column-gap-no\">\n\t\t\t\t\t<div class=\"elementor-column elementor-col-100 elementor-top-column elementor-element elementor-element-a5a08c1\" data-id=\"a5a08c1\" data-element_type=\"column\" data-e-type=\"column\">\n\t\t\t<div class=\"elementor-widget-wrap elementor-element-populated\">\n\t\t\t\t\t\t<div class=\"elementor-element elementor-element-bc3d2b9 elementor-widget elementor-widget-kinsley-intro\" data-id=\"bc3d2b9\" data-element_type=\"widget\" data-e-type=\"widget\" data-widget_type=\"kinsley-intro.default\">\n\t\t\t\t<div class=\"elementor-widget-container\">\n\t\t\t\t\t\n    <!-- banner -->\n    <section class=\"knsl-banner-simple knsl-transition-bottom knsl-banner-white\">\n      \n\t  \t  <div class=\"knsl-cover-frame\">\n\t\t\t\t\t\t<div style=\"background-image: url('https:\/\/villamedveja.com\/wp-content\/uploads\/2024\/03\/IMG_8549-scaled-e1710363189797-1920x982.jpg');\" class=\"knsl-parallax knsl-banner-slide\"><\/div>\n\t\t\t\t\t\t\t\t\t  <\/div>\n\t  <div class=\"knsl-overlay\" style=\"opacity: 1;\"><\/div>\n\t  \n      <div class=\"container\">\n        <div class=\"row\">\n          <div class=\"col-lg-12\">\n\n            <div class=\"knsl-center knsl-title-frame\">\n                            <h1 class=\"knsl-title--h knsl-mb-20 knsl-h1-inner\">\n                <span >\n                    Na\u0161 bilten                <\/span>\n              <\/h1>\n                                          <p class=\"knsl-text knsl-mb-30\">\n                <span >\n                    Va\u0161 insajderski vodi\u010d za Sky Pool Vilu Medveja i njenu okolinu.                <\/span>\n              <\/p>\n              \n              \n            <\/div>\n\n          <\/div>\n        <\/div>\n      <\/div>\n    <\/section>\n    <!-- banner end -->\n\n\t\t\t\t\t\t<\/div>\n\t\t\t\t<\/div>\n\t\t\t\t\t<\/div>\n\t\t<\/div>\n\t\t\t\t\t<\/div>\n\t\t<\/section>\n\t\t\t\t<section class=\"elementor-section elementor-top-section elementor-element elementor-element-e5cb9da elementor-section-full_width elementor-section-height-default elementor-section-height-default\" data-id=\"e5cb9da\" data-element_type=\"section\" data-e-type=\"section\">\n\t\t\t\t\t\t<div class=\"elementor-container elementor-column-gap-no\">\n\t\t\t\t\t<div class=\"elementor-column elementor-col-100 elementor-top-column elementor-element elementor-element-684f0d7\" data-id=\"684f0d7\" data-element_type=\"column\" data-e-type=\"column\">\n\t\t\t<div class=\"elementor-widget-wrap elementor-element-populated\">\n\t\t\t\t\t\t<div class=\"elementor-element elementor-element-2b94d15 elementor-widget elementor-widget-kinsley-blog-grid\" data-id=\"2b94d15\" data-element_type=\"widget\" data-e-type=\"widget\" data-widget_type=\"kinsley-blog-grid.default\">\n\t\t\t\t<div class=\"elementor-widget-container\">\n\t\t\t\t\t\n\t<!-- blog -->\n\t<section class=\"knsl-transition-none knsl-p-0-80\">\n\t\t\n\t    <div class=\"container\">\t\t\t<div class=\"row  attr-categories-false attr-readmore-false\">\n\t\t\t\t\n\t\t\t\t\t\t\t\t\t\t\t\t<div class=\"col-md-6 col-lg-4\">\n\n\t\t\t\t\t\n\n\n<!-- blog card -->\n<div class=\"knsl-blog-card\">\n  <div id=\"post-7465\" class=\"post-7465 post type-post status-publish format-standard has-post-thumbnail hentry category-uncategorized-hr\">\n    <div class=\"knsl-cover-frame\">\n    <a href=\"https:\/\/villamedveja.com\/hr\/mjesta-za-posjetiti-u-blizini-medveje-hrvatska\/\">\n    \t    \t<img decoding=\"async\" src=\"https:\/\/villamedveja.com\/wp-content\/uploads\/2024\/11\/tracking-opatija-950x1423.jpg\" alt=\"Mjesta za posjetiti u blizini Medveje, Hrvatska\" \/>\n    \t    <\/a>\n\t\t<div class=\"knsl-badge\">\n\t\t\tUncategorized @hr\t\t<\/div>\n  <\/div>\n    <div class=\"knsl-description-frame\">\n    <div class=\"knsl-room-features\">\n      <div class=\"knsl-feature knsl-feature-author\">\n                <div class=\"knsl-icon-frame knsl-icon-author\"><img decoding=\"async\" src=\"https:\/\/secure.gravatar.com\/avatar\/fae8c4a2ca670658cb0dc2c1c96dec18bb193362fc91490a72f02e9a9e389047?s=96&#038;d=mm&#038;r=g\" alt=\"admin\" \/><\/div>\n                <span>admin<\/span>\n      <\/div>\n\n      \t  \t<div class=\"knsl-feature knsl-feature-date\">\n        <div class=\"knsl-icon-frame\"><span class=\"img-svg img-svg-time\"><\/span><\/div>\n        <span>24\/11\/2024<\/span>\n      <\/div>\n\t  \t    <\/div>\n    <a href=\"https:\/\/villamedveja.com\/hr\/mjesta-za-posjetiti-u-blizini-medveje-hrvatska\/\" class=\"knsl-title\">\n      <h4 class=\"knsl-mb-20\">Mjesta za posjetiti u blizini Medveje, Hrvatska<\/h4>\n    <\/a>\n    <div class=\"knsl-text-light knsl-text-sm\">\n    \t<p>NAJBOLJA MJESTA ZA POSJETITI U BLIZINI MEDVEJE Medveja se nalazi na povoljnoj lokaciji na&#8230; <span class=\"knsl-el-more\"><a href=\"https:\/\/villamedveja.com\/hr\/mjesta-za-posjetiti-u-blizini-medveje-hrvatska\/\" class=\"knsl-btn\">Read more<span class=\"screen-reader-text\">Read more&nbsp;Mjesta za posjetiti u blizini Medveje, Hrvatska<\/span><\/a><\/span><\/p>\n    <\/div>\n  <\/div>\n  <\/div>\n<\/div>\n<!-- blog card end -->\n\n\n\t\t\t\t<\/div>\n\t\t\t\t\t\t\t\t<div class=\"col-md-6 col-lg-4\">\n\n\t\t\t\t\t\n\n\n<!-- blog card -->\n<div class=\"knsl-blog-card\">\n  <div id=\"post-7411\" class=\"post-7411 post type-post status-publish format-standard has-post-thumbnail hentry category-uncategorized-hr\">\n    <div class=\"knsl-cover-frame\">\n    <a href=\"https:\/\/villamedveja.com\/hr\/upoznajte-opatiju-hrvatsku\/\">\n    \t    \t<img decoding=\"async\" src=\"https:\/\/villamedveja.com\/wp-content\/uploads\/2024\/11\/Opatija-Croatia-950x633.jpg\" alt=\"Upoznajte Opatiju, Hrvatsku\" \/>\n    \t    <\/a>\n\t\t<div class=\"knsl-badge\">\n\t\t\tUncategorized @hr\t\t<\/div>\n  <\/div>\n    <div class=\"knsl-description-frame\">\n    <div class=\"knsl-room-features\">\n      <div class=\"knsl-feature knsl-feature-author\">\n                <div class=\"knsl-icon-frame knsl-icon-author\"><img decoding=\"async\" src=\"https:\/\/secure.gravatar.com\/avatar\/fae8c4a2ca670658cb0dc2c1c96dec18bb193362fc91490a72f02e9a9e389047?s=96&#038;d=mm&#038;r=g\" alt=\"admin\" \/><\/div>\n                <span>admin<\/span>\n      <\/div>\n\n      \t  \t<div class=\"knsl-feature knsl-feature-date\">\n        <div class=\"knsl-icon-frame\"><span class=\"img-svg img-svg-time\"><\/span><\/div>\n        <span>24\/11\/2024<\/span>\n      <\/div>\n\t  \t    <\/div>\n    <a href=\"https:\/\/villamedveja.com\/hr\/upoznajte-opatiju-hrvatsku\/\" class=\"knsl-title\">\n      <h4 class=\"knsl-mb-20\">Upoznajte Opatiju, Hrvatsku<\/h4>\n    <\/a>\n    <div class=\"knsl-text-light knsl-text-sm\">\n    \t<p>O Opatiji I Villa Angiolina, Lungomare, parkovi i kamelije I Povijesni hoteli i festivali I Zdravlje i wellness I Kongresi I Gastronomija<\/p>\n    <\/div>\n  <\/div>\n  <\/div>\n<\/div>\n<!-- blog card end -->\n\n\n\t\t\t\t<\/div>\n\t\t\t\t\n\t      \t\t\t\t\t\t<!-- pagination -->\n\t\t\t\t<div class=\"knsl-pagination\">\n\t\t\t\t\t\t\t\t<\/div>\n\t\t\t\t<!-- pagination end -->\n\t\t\t\t\n\t\t\t\t\t    \t\t\n\t    \t<\/div>\n\t\t<\/div>\t<\/section>\n\t<!-- blog end -->\n\n\t\t\t\t\t\t<\/div>\n\t\t\t\t<\/div>\n\t\t\t\t\t<\/div>\n\t\t<\/div>\n\t\t\t\t\t<\/div>\n\t\t<\/section>\n\t\t\t\t<section class=\"elementor-section elementor-top-section elementor-element elementor-element-691da3f elementor-section-full_width elementor-section-height-default elementor-section-height-default\" data-id=\"691da3f\" data-element_type=\"section\" data-e-type=\"section\" data-settings=\"{&quot;background_background&quot;:&quot;classic&quot;}\">\n\t\t\t\t\t\t<div class=\"elementor-container elementor-column-gap-no\">\n\t\t\t\t\t<div class=\"elementor-column elementor-col-100 elementor-top-column elementor-element elementor-element-d1e2db9\" data-id=\"d1e2db9\" data-element_type=\"column\" data-e-type=\"column\">\n\t\t\t<div class=\"elementor-widget-wrap elementor-element-populated\">\n\t\t\t\t\t\t<div class=\"elementor-element elementor-element-326bc08 elementor-widget elementor-widget-kinsley-blog-carousel\" data-id=\"326bc08\" data-element_type=\"widget\" data-e-type=\"widget\" data-widget_type=\"kinsley-blog-carousel.default\">\n\t\t\t\t<div class=\"elementor-widget-container\">\n\t\t\t\t\t\n\t<!-- blog -->\n    <section class=\"knsl-transition-none knsl-p-0-100\">\n\t\n\t<div class=\"container\">        <div class=\"row align-items-center\">\n\t\t\t\t\t\t\t\t\t\t<div class=\"col-lg-12\">\n\t\t\t\t\t\t<div class=\"knsl-center knsl-title-frame knsl-scroll-animation knsl-mb-100 knsl-title-left\">\n\t\t\t\t\t\t\t\t\t\t\t\t\t\t<h2 class=\"knsl-title--h knsl-mb-20\">\n\t\t\t\t\t\t\t\t<span >\n\t\t\t\t\t\t\t\t\t\tPopularne publikacije\t\t\t\t\t\t\t\t<\/span>\n\t\t\t\t\t\t\t<\/h2>\n\t\t\t\t\t\t\t\t\t\t\t\t\t\t\t\t\t\t\t\t\t<p class=\"knsl-text knsl-mb-30\">\n\t\t\t\t\t\t\t\t<span >\n\t\t\t\t\t\t\t\t\t\tIstra\u017eite na\u0161 bilten s pa\u017eljivo odabranim \u010dlancima koji nude savjete i mjesta koja ne smijete propustiti u okolici Sky Pool Ville Medveja. U njemu se nalaze ekskluzivni uvidi u sadr\u017eaje ville, preporuke lokalnih restorana i informacije o nadolaze\u0107im doga\u0111ajima. Na\u0161 bilten bit \u0107e va\u0161 vodi\u010d za otkrivanje najboljih dragulja Medveje u Hrvatskoj. \t\t\t\t\t\t\t\t<\/span>\n\t\t\t\t\t\t\t<\/p>\n\t\t\t\t\t\t\t\t\t\t\t\t\t\t\t\t\t\t\t\t\t<a href=\"\/kinsley\/luxury-demo\/blog\/\" class=\"knsl-btn knsl-btn-md\">\n\t\t\t\t\t\t\t\t<span >\n\t\t\t\t\t\t\t\t\t\tSve publikacije\t\t\t\t\t\t\t\t<\/span>\n\t\t\t\t\t\t\t<\/a>\n\t\t\t\t\t\t\t\t\t\t\t\t\t<\/div>\n\t\t\t\t\t<\/div>\n\t\t\t\t\t\n          <div class=\"col-lg-12  attr-categories-false attr-readmore-false\">\n\t\t\t\t\t\t          <\/div>\n        <\/div>\n    \n\t<\/div>    <\/section>\n    <!-- blog end -->\n\n\t\t\t\t\t\t<\/div>\n\t\t\t\t<\/div>\n\t\t\t\t\t<\/div>\n\t\t<\/div>\n\t\t\t\t\t<\/div>\n\t\t<\/section>\n\t\t\t\t<\/div>\n\t\t","protected":false},"excerpt":{"rendered":"<p>Na\u0161 bilten Va\u0161 insajderski vodi\u010d za Sky Pool Vilu Medveja i njenu okolinu. Uncategorized&#8230; <span class=\"knsl-el-more\"><a href=\"https:\/\/villamedveja.com\/hr\/upoznajte-opatiju-hrvatsku\/\" class=\"knsl-btn\">Read more<span class=\"screen-reader-text\">Read more&nbsp;Upoznajte Opatiju, Hrvatsku<\/span><\/a><\/span><\/p>\n","protected":false},"author":1,"featured_media":0,"parent":0,"menu_order":0,"comment_status":"closed","ping_status":"closed","template":"template-layout-builder.php","meta":{"_acf_changed":false,"om_disable_all_campaigns":false,"_monsterinsights_skip_tracking":false,"_monsterinsights_sitenote_active":false,"_monsterinsights_sitenote_note":"","_monsterinsights_sitenote_category":0,"_uf_show_specific_survey":0,"_uf_disable_surveys":false,"footnotes":""},"class_list":["post-7433","page","type-page","status-publish","hentry"],"acf":[],"aioseo_notices":[],"jetpack_sharing_enabled":true,"_links":{"self":[{"href":"https:\/\/villamedveja.com\/hr\/wp-json\/wp\/v2\/pages\/7433","targetHints":{"allow":["GET"]}}],"collection":[{"href":"https:\/\/villamedveja.com\/hr\/wp-json\/wp\/v2\/pages"}],"about":[{"href":"https:\/\/villamedveja.com\/hr\/wp-json\/wp\/v2\/types\/page"}],"author":[{"embeddable":true,"href":"https:\/\/villamedveja.com\/hr\/wp-json\/wp\/v2\/users\/1"}],"replies":[{"embeddable":true,"href":"https:\/\/villamedveja.com\/hr\/wp-json\/wp\/v2\/comments?post=7433"}],"version-history":[{"count":0,"href":"https:\/\/villamedveja.com\/hr\/wp-json\/wp\/v2\/pages\/7433\/revisions"}],"wp:attachment":[{"href":"https:\/\/villamedveja.com\/hr\/wp-json\/wp\/v2\/media?parent=7433"}],"curies":[{"name":"wp","href":"https:\/\/api.w.org\/{rel}","templated":true}]}}