{"id":7438,"date":"2021-12-13T19:08:46","date_gmt":"2021-12-13T19:08:46","guid":{"rendered":"https:\/\/villamedveja.com\/sve-sto-trebate-znati-o-nasim-ekskluzivnim-vilama-sky-pool-u-medveji-hrvatska\/"},"modified":"2025-01-06T17:26:31","modified_gmt":"2025-01-06T17:26:31","slug":"sve-sto-trebate-znati-o-nasim-ekskluzivnim-vilama-sky-pool-u-medveji-hrvatska","status":"publish","type":"page","link":"https:\/\/villamedveja.com\/hr\/sve-sto-trebate-znati-o-nasim-ekskluzivnim-vilama-sky-pool-u-medveji-hrvatska\/","title":{"rendered":"Sve \u0161to trebate znati o na\u0161im ekskluzivnim vilama Sky Pool u Medveji, Hrvatska"},"content":{"rendered":"\t\t<div data-elementor-type=\"wp-page\" data-elementor-id=\"7438\" class=\"elementor elementor-7438 elementor-688\">\n\t\t\t\t\t\t<section class=\"elementor-section elementor-top-section elementor-element elementor-element-df23630 elementor-section-full_width elementor-section-height-min-height elementor-section-height-default elementor-section-items-middle\" data-id=\"df23630\" data-element_type=\"section\" data-e-type=\"section\" data-settings=\"{&quot;background_background&quot;:&quot;classic&quot;}\">\n\t\t\t\t\t\t\t<div class=\"elementor-background-overlay\"><\/div>\n\t\t\t\t\t\t\t<div class=\"elementor-container elementor-column-gap-no\">\n\t\t\t\t\t<div class=\"elementor-column elementor-col-100 elementor-top-column elementor-element elementor-element-54d86cf\" data-id=\"54d86cf\" data-element_type=\"column\" data-e-type=\"column\">\n\t\t\t<div class=\"elementor-widget-wrap elementor-element-populated\">\n\t\t\t\t\t\t<div class=\"elementor-element elementor-element-f5a7b4f elementor-widget elementor-widget-kinsley-intro\" data-id=\"f5a7b4f\" data-element_type=\"widget\" data-e-type=\"widget\" data-widget_type=\"kinsley-intro.default\">\n\t\t\t\t<div class=\"elementor-widget-container\">\n\t\t\t\t\t\n    <!-- banner -->\n    <section class=\"knsl-banner-simple knsl-transition-bottom knsl-banner-white\">\n      \n\t  \n      <div class=\"container\">\n        <div class=\"row\">\n          <div class=\"col-lg-12\">\n\n            <div class=\"knsl-center knsl-title-frame\">\n                            <h1 class=\"knsl-title--h knsl-mb-20 knsl-h1-inner\">\n                <span >\n                    FAQ                <\/span>\n              <\/h1>\n                                          <p class=\"knsl-text knsl-mb-30\">\n                <span >\n                    Ovdje provjerite odgovore na naj\u010de\u0161\u0107a pitanja na\u0161ih gostiju. Za sve druge upite, obratite nam se izravno.                 <\/span>\n              <\/p>\n              \n              \n            <\/div>\n\n          <\/div>\n        <\/div>\n      <\/div>\n    <\/section>\n    <!-- banner end -->\n\n\t\t\t\t\t\t<\/div>\n\t\t\t\t<\/div>\n\t\t\t\t\t<\/div>\n\t\t<\/div>\n\t\t\t\t\t<\/div>\n\t\t<\/section>\n\t\t\t\t<section class=\"elementor-section elementor-top-section elementor-element elementor-element-22fca77 elementor-section-full_width elementor-section-height-default elementor-section-height-default\" data-id=\"22fca77\" data-element_type=\"section\" data-e-type=\"section\">\n\t\t\t\t\t\t<div class=\"elementor-container elementor-column-gap-no\">\n\t\t\t\t\t<div class=\"elementor-column elementor-col-100 elementor-top-column elementor-element elementor-element-a2d9c7a\" data-id=\"a2d9c7a\" data-element_type=\"column\" data-e-type=\"column\">\n\t\t\t<div class=\"elementor-widget-wrap elementor-element-populated\">\n\t\t\t\t\t\t<div class=\"elementor-element elementor-element-a0aef6d elementor-widget elementor-widget-kinsley-faq-list\" data-id=\"a0aef6d\" data-element_type=\"widget\" data-e-type=\"widget\" data-widget_type=\"kinsley-faq-list.default\">\n\t\t\t\t<div class=\"elementor-widget-container\">\n\t\t\t\t\t\n\t\t<!-- faq -->\n\t\t<div class=\"container knsl-p-0-100\">\n\t\t\t\n\t\t\t<div class=\"row\" data-sticky-container>\n\t\t\t\t<div class=\"col-lg-3\">\n\t\t\t\t\t\t\t\t\t\t<!-- side form -->\n\t\t\t\t\t<div class=\"knsl-sticky knsl-stycky-left\" data-margin-top=\"110\">\n\t\t\t\t\t\t\t\t\t\t\t\t<h3 class=\"knsl-mb-30\">\n\t\t\t\t\t\t\t<span >\n\t\t\t\t\t\t\t\t<br>\t\t\t\t\t\t\t<\/span>\n\t\t\t\t\t\t<\/h3>\n\t\t\t\t\t\t\t\t\t\t\t\t<ul class=\"knsl-side-menu\">\n\t\t\t\t\t\t\t\t\t\t\t\t\t\t<li><a href=\"#faq-132\" class=\"knsl-sm-link knsl-active\">Odredbe i uvjeti<\/a><\/li>\n\t\t\t\t\t\t\t\t\t\t\t\t\t\t<li><a href=\"#faq-134\" class=\"knsl-sm-link\">Usluge<\/a><\/li>\n\t\t\t\t\t\t\t\t\t\t\t\t\t<\/ul>\n\t\t\t\t\t<\/div>\n\t\t\t\t\t<!-- side form end -->\n\t\t\t\t\t\t\t\t\t<\/div>\n\t\t\t\t<div class=\"col-lg-9\">\n\t\t\t\t\t<section>\n\t\t\t\t\t\t\t\t\t\t\t\t<div id=\"accordion\">\n\t\t\t\t\t\t\t\t\t\t\t\t\t\t<h3 class=\"knsl-mb-30\">Odredbe i uvjeti<\/h3>\n\t\t\t\t\t\t\t<div class=\"knsl-faq knsl-mb-60\" id=\"faq-132\">\n\t\t\t\t\t\t\t\t\n\n<div class=\"card\">\n\t<div class=\"card-header\" id=\"knsl-faqHeading-7320\">\n\t\t<div class=\"mb-0\">\n\t\t\t<h6 class=\"knsl-faq-title\" data-toggle=\"collapse\" data-target=\"#knsl-faqCollapse-7320\" data-aria-expanded=\"true\" data-aria-controls=\"knsl-faqCollapse-7320\">\n\t\t\t\t<span class=\"badge\">1<\/span>\n\t\t\t\tKakva su pravila otkazivanja u Sky Pool Villi Medveja?\t\t\t<\/h6>\n\t\t<\/div>\n\t<\/div>\n\t<div id=\"knsl-faqCollapse-7320\" class=\"collapse\" aria-labelledby=\"knsl-faqHeading-7320\" data-parent=\"#accordion\">\n\t\t<div class=\"knsl-card-body\">\n\t\t\t<p>Politika otkazivanja u Sky Pool Villi Medveja je sljede\u0107a: puni povrat novca za otkazivanje najmanje 30 dana prije dolaska. Nema povrata za otkazivanja unutar 30 dana od o\u010dekivanog dolaska.<\/p>\n\t\t<\/div>\n\t<\/div>\n<\/div>\n\n\n<div class=\"card\">\n\t<div class=\"card-header\" id=\"knsl-faqHeading-7347\">\n\t\t<div class=\"mb-0\">\n\t\t\t<h6 class=\"knsl-faq-title\" data-toggle=\"collapse\" data-target=\"#knsl-faqCollapse-7347\" data-aria-expanded=\"true\" data-aria-controls=\"knsl-faqCollapse-7347\">\n\t\t\t\t<span class=\"badge\">2<\/span>\n\t\t\t\tPostoje li dobna ograni\u010denja za goste koji borave u vili?\t\t\t<\/h6>\n\t\t<\/div>\n\t<\/div>\n\t<div id=\"knsl-faqCollapse-7347\" class=\"collapse\" aria-labelledby=\"knsl-faqHeading-7347\" data-parent=\"#accordion\">\n\t\t<div class=\"knsl-card-body\">\n\t\t\t<p>Gosti moraju imati najmanje 18 godina da bi boravili u vili.<\/p>\n\t\t<\/div>\n\t<\/div>\n<\/div>\n\n\n<div class=\"card\">\n\t<div class=\"card-header\" id=\"knsl-faqHeading-7352\">\n\t\t<div class=\"mb-0\">\n\t\t\t<h6 class=\"knsl-faq-title\" data-toggle=\"collapse\" data-target=\"#knsl-faqCollapse-7352\" data-aria-expanded=\"true\" data-aria-controls=\"knsl-faqCollapse-7352\">\n\t\t\t\t<span class=\"badge\">3<\/span>\n\t\t\t\tPostoji li uvjet minimalnog boravka u vili?\t\t\t<\/h6>\n\t\t<\/div>\n\t<\/div>\n\t<div id=\"knsl-faqCollapse-7352\" class=\"collapse\" aria-labelledby=\"knsl-faqHeading-7352\" data-parent=\"#accordion\">\n\t\t<div class=\"knsl-card-body\">\n\t\t\t<p>Minimalni boravak u Sky Pool Villi Medveja je 3 no\u0107i.<\/p>\n\t\t<\/div>\n\t<\/div>\n<\/div>\n\n\n<div class=\"card\">\n\t<div class=\"card-header\" id=\"knsl-faqHeading-7319\">\n\t\t<div class=\"mb-0\">\n\t\t\t<h6 class=\"knsl-faq-title\" data-toggle=\"collapse\" data-target=\"#knsl-faqCollapse-7319\" data-aria-expanded=\"true\" data-aria-controls=\"knsl-faqCollapse-7319\">\n\t\t\t\t<span class=\"badge\">4<\/span>\n\t\t\t\tKakav je ku\u0107ni red glede buke i no\u0107nog mira?\t\t\t<\/h6>\n\t\t<\/div>\n\t<\/div>\n\t<div id=\"knsl-faqCollapse-7319\" class=\"collapse\" aria-labelledby=\"knsl-faqHeading-7319\" data-parent=\"#accordion\">\n\t\t<div class=\"knsl-card-body\">\n\t\t\t<p>Iako ne postoji stroga politika, od gostiju se o\u010dekuje da vode ra\u010duna o razinama buke i da se pridr\u017eavaju no\u0107nog mira kako bi se osigurala udobnost ostalih gostiju u tom podru\u010dju.<\/p>\n\t\t<\/div>\n\t<\/div>\n<\/div>\n\n\n<div class=\"card\">\n\t<div class=\"card-header\" id=\"knsl-faqHeading-7341\">\n\t\t<div class=\"mb-0\">\n\t\t\t<h6 class=\"knsl-faq-title\" data-toggle=\"collapse\" data-target=\"#knsl-faqCollapse-7341\" data-aria-expanded=\"true\" data-aria-controls=\"knsl-faqCollapse-7341\">\n\t\t\t\t<span class=\"badge\">5<\/span>\n\t\t\t\tMogu li gosti organizirati doga\u0111aje ili zabave u Sky Pool Villi Medveja?\t\t\t<\/h6>\n\t\t<\/div>\n\t<\/div>\n\t<div id=\"knsl-faqCollapse-7341\" class=\"collapse\" aria-labelledby=\"knsl-faqHeading-7341\" data-parent=\"#accordion\">\n\t\t<div class=\"knsl-card-body\">\n\t\t\t<p>Doga\u0111aji ili zabave nisu dopu\u0161teni u Sky Pool Villi Medveja bez prethodnog odobrenja vlasnika. Mogu se primijeniti dodatne naknade i ograni\u010denja.<\/p>\n\t\t<\/div>\n\t<\/div>\n<\/div>\n\n\n<div class=\"card\">\n\t<div class=\"card-header\" id=\"knsl-faqHeading-7346\">\n\t\t<div class=\"mb-0\">\n\t\t\t<h6 class=\"knsl-faq-title\" data-toggle=\"collapse\" data-target=\"#knsl-faqCollapse-7346\" data-aria-expanded=\"true\" data-aria-controls=\"knsl-faqCollapse-7346\">\n\t\t\t\t<span class=\"badge\">6<\/span>\n\t\t\t\tKakva je politika odgovornosti za goste koji borave u vili?\t\t\t<\/h6>\n\t\t<\/div>\n\t<\/div>\n\t<div id=\"knsl-faqCollapse-7346\" class=\"collapse\" aria-labelledby=\"knsl-faqHeading-7346\" data-parent=\"#accordion\">\n\t\t<div class=\"knsl-card-body\">\n\t\t\t<p>Gosti su du\u017eni pokriti \u0161tetu ili gubitak koji nastane tijekom boravka u Sky Pool Villi Medveja, do iznosa fran\u0161ize osiguranja od 500 EUR. Vila ne preuzima odgovornost za nesre\u0107e, ozljede ili kra\u0111e osobnih stvari. Preporu\u010dljivo je imati putno osiguranje radi dodatne sigurnosti.  <\/p>\n\t\t<\/div>\n\t<\/div>\n<\/div>\n\t\t\t\t\t\t\t<\/div>\n\t\t\t\t\t\t\t\t\t\t\t\t\t\t<h3 class=\"knsl-mb-30\">Usluge<\/h3>\n\t\t\t\t\t\t\t<div class=\"knsl-faq knsl-mb-60\" id=\"faq-134\">\n\t\t\t\t\t\t\t\t\n\n<div class=\"card\">\n\t<div class=\"card-header\" id=\"knsl-faqHeading-7340\">\n\t\t<div class=\"mb-0\">\n\t\t\t<h6 class=\"knsl-faq-title\" data-toggle=\"collapse\" data-target=\"#knsl-faqCollapse-7340\" data-aria-expanded=\"true\" data-aria-controls=\"knsl-faqCollapse-7340\">\n\t\t\t\t<span class=\"badge\">1<\/span>\n\t\t\t\t\u0160to uklju\u010duje cijena najma Sky Pool Villa Medveja, Hrvatska?\t\t\t<\/h6>\n\t\t<\/div>\n\t<\/div>\n\t<div id=\"knsl-faqCollapse-7340\" class=\"collapse\" aria-labelledby=\"knsl-faqHeading-7340\" data-parent=\"#accordion\">\n\t\t<div class=\"knsl-card-body\">\n\t\t\t<p>Cijene su sveobuhvatne i uklju\u010duju sve usluge poput tjednog \u010di\u0161\u0107enja, posteljine i ru\u010dnika, besplatnog Wi-Fi-ja, pristupa privatnom bazenu i sauni, vanjskom ro\u0161tilju te potpuno opremljenoj kuhinji. Svi porezi su ve\u0107 uklju\u010deni u cijenu. <\/p>\n\t\t<\/div>\n\t<\/div>\n<\/div>\n\n\n<div class=\"card\">\n\t<div class=\"card-header\" id=\"knsl-faqHeading-7334\">\n\t\t<div class=\"mb-0\">\n\t\t\t<h6 class=\"knsl-faq-title\" data-toggle=\"collapse\" data-target=\"#knsl-faqCollapse-7334\" data-aria-expanded=\"true\" data-aria-controls=\"knsl-faqCollapse-7334\">\n\t\t\t\t<span class=\"badge\">2<\/span>\n\t\t\t\tDa li je doru\u010dak uklju\u010den u cijenu boravaka u Sky Pool Villi Medveja?\t\t\t<\/h6>\n\t\t<\/div>\n\t<\/div>\n\t<div id=\"knsl-faqCollapse-7334\" class=\"collapse\" aria-labelledby=\"knsl-faqHeading-7334\" data-parent=\"#accordion\">\n\t\t<div class=\"knsl-card-body\">\n\t\t\t<p>Nemamo doru\u010dak; svaka vila posjeduje potpuno opremljenu kuhinju. Supermarket se nalazi na samo 5 minuta vo\u017enje (4 km) uz glavnu cestu koja vodi prema na\u0161oj vili. Preporu\u010dujemo da se kratko zaustavite u supermarketu na putu do vile.  <\/p>\n\t\t<\/div>\n\t<\/div>\n<\/div>\n\n\n<div class=\"card\">\n\t<div class=\"card-header\" id=\"knsl-faqHeading-7327\">\n\t\t<div class=\"mb-0\">\n\t\t\t<h6 class=\"knsl-faq-title\" data-toggle=\"collapse\" data-target=\"#knsl-faqCollapse-7327\" data-aria-expanded=\"true\" data-aria-controls=\"knsl-faqCollapse-7327\">\n\t\t\t\t<span class=\"badge\">3<\/span>\n\t\t\t\tNude li se rekreativne aktivnosti ili izleti u sklopu usluga vile?\t\t\t<\/h6>\n\t\t<\/div>\n\t<\/div>\n\t<div id=\"knsl-faqCollapse-7327\" class=\"collapse\" aria-labelledby=\"knsl-faqHeading-7327\" data-parent=\"#accordion\">\n\t\t<div class=\"knsl-card-body\">\n\t\t\t<p>U mogu\u0107nosti smo da vam organiziramo \u0161irok spektar rekreativnih aktivnosti i izleta, kao \u0161to su izleti ili najam motornog \u010damca za dnevne ekskurzije do obli\u017enjih otoka. Neovisno o tome da li volite opu\u0161tanje uz bazen ili ste raspolo\u017eeni za avanturu, na\u0161 cilj je da va\u0161 boravak u\u010dinimo nezaboravnim. <\/p>\n\t\t<\/div>\n\t<\/div>\n<\/div>\n\n\n<div class=\"card\">\n\t<div class=\"card-header\" id=\"knsl-faqHeading-7329\">\n\t\t<div class=\"mb-0\">\n\t\t\t<h6 class=\"knsl-faq-title\" data-toggle=\"collapse\" data-target=\"#knsl-faqCollapse-7329\" data-aria-expanded=\"true\" data-aria-controls=\"knsl-faqCollapse-7329\">\n\t\t\t\t<span class=\"badge\">4<\/span>\n\t\t\t\tPostoji li mogu\u0107nost privatnog transfera?\t\t\t<\/h6>\n\t\t<\/div>\n\t<\/div>\n\t<div id=\"knsl-faqCollapse-7329\" class=\"collapse\" aria-labelledby=\"knsl-faqHeading-7329\" data-parent=\"#accordion\">\n\t\t<div class=\"knsl-card-body\">\n\t\t\t<p>Prijevoz do i od vile mo\u017ee se organizirati na zahtjev uz nadoplatu.<\/p>\n\t\t<\/div>\n\t<\/div>\n<\/div>\n\t\t\t\t\t\t\t<\/div>\n\t\t\t\t\t\t\t\t\t\t\t\t\t<\/div>\n\t\t\t\t\t\t\t\t\t\t\t<\/section>\n\n\t\t\t\t\t\t\t\t\t\t<section>\n\t\t\t\t\t\t<div class=\"row\">\n\t\t\t\t\t\t\t<div class=\"col-lg-12\">\n\t\t\t\t\t\t\t\t\t\t\t\t\t\t\t\t<h3 class=\"knsl-mb-40 knsl-scroll-animation\">\n\t\t\t\t\t\t\t\t\t<span >\n\t\t\t\t\t\t\t\t\t\tNiste prona\u0161li odgovor?\t\t\t\t\t\t\t\t\t<\/span>\n\t\t\t\t\t\t\t\t<\/h3>\n\t\t\t\t\t\t\t\t\t\t\t\t\t\t\t<\/div>\n\t\t\t\t\t\t\t\t\t\t\t\t\t\t<div class=\"col-lg-12\">\n\t\t\t\t\t\t\t\t<div class=\"knsl-scroll-animation-default\">\n\t\t\t\t\t\t\t\t\t[contact-form-7 id=\"384\"]\t\t\t\t\t\t\t\t<\/div>\n\t\t\t\t\t\t\t<\/div>\n\t\t\t\t\t\t\t\t\t\t\t\t\t<\/div>\n\t\t\t\t\t<\/section>\n\t\t\t\t\t\t\t\t\t<\/div>\n\t\t\t<\/div>\n\n\t\t<\/div>\t\t<!-- faq end -->\n\n\t\t\t\t\t\t<\/div>\n\t\t\t\t<\/div>\n\t\t\t\t\t<\/div>\n\t\t<\/div>\n\t\t\t\t\t<\/div>\n\t\t<\/section>\n\t\t\t\t<section class=\"elementor-section elementor-top-section elementor-element elementor-element-62f5cfc elementor-section-full_width elementor-section-height-default elementor-section-height-default\" data-id=\"62f5cfc\" data-element_type=\"section\" data-e-type=\"section\">\n\t\t\t\t\t\t<div class=\"elementor-container elementor-column-gap-no\">\n\t\t\t\t\t<div class=\"elementor-column elementor-col-100 elementor-top-column elementor-element elementor-element-ba8af1e\" data-id=\"ba8af1e\" data-element_type=\"column\" data-e-type=\"column\">\n\t\t\t<div class=\"elementor-widget-wrap elementor-element-populated\">\n\t\t\t\t\t\t<div class=\"elementor-element elementor-element-1604299 elementor-widget elementor-widget-kinsley-blog-grid\" data-id=\"1604299\" data-element_type=\"widget\" data-e-type=\"widget\" data-widget_type=\"kinsley-blog-grid.default\">\n\t\t\t\t<div class=\"elementor-widget-container\">\n\t\t\t\t\t\n\t<!-- blog -->\n\t<section class=\"knsl-transition-none knsl-p-0-80\">\n\t\t\n\t    <div class=\"container\">\t\t\t<div class=\"row  attr-categories-false attr-readmore-false\">\n\t\t\t\t\t\t\t\t<div class=\"col-lg-12\">\n\t\t\t\t\t<div class=\"knsl-center knsl-title-frame knsl-scroll-animation knsl-mb-100 knsl-title-left\">\n\t\t\t\t\t\t\t\t\t\t<h2 class=\"knsl-title--h knsl-mb-20\">\n\t\t\t\t\t\t<span >\n\t\t\t\t\t\t\t\t\tNa\u0161 bilten\t\t\t\t\t\t\t\t<\/span>\n\t\t\t\t\t<\/h2>\n\t\t\t\t\t\t\t\t\t\t\t\t\t\t\t<p class=\"knsl-text knsl-mb-30\">\n\t\t\t\t\t\t<span >\n\t\t\t\t\t\t\t\t\tIstra\u017eite na\u0161 bilten s pa\u017eljivo odabranim \u010dlancima koji nude savjete i mjesta koja ne smijete propustiti u okolici Sky Pool Ville Medveja. U njemu se nalaze ekskluzivni uvidi u sadr\u017eaje ville, preporuke lokalnih restorana i informacije o nadolaze\u0107im doga\u0111ajima. Na\u0161 bilten bit \u0107e va\u0161 vodi\u010d za otkrivanje najboljih dragulja Medveje u Hrvatskoj. \t\t\t\t\t\t\t\t<\/span>\n\t\t\t\t\t<\/p>\n\t\t\t\t\t\t\t\t\t\t\t\t\t\t\t<a  href=\"\/kinsley\/luxury-demo\/blog\/\" class=\"knsl-btn knsl-btn-md\">\n\t\t\t\t\t\t<span >\n\t\t\t\t\t\t\t\t\tSve publikacije\t\t\t\t\t\t\t\t<\/span>\n\t\t\t\t\t<\/a>\n\t\t\t\t\t\t\t\t\t\t<\/div>\n\t\t\t\t<\/div>\n\t\t\t\t\n\t\t\t\t\t\t\t\t\t\t\t\t<div class=\"col-md-6 col-lg-4\">\n\n\t\t\t\t\t\n\n\n<!-- blog card -->\n<div class=\"knsl-blog-card\">\n  <div id=\"post-7465\" class=\"post-7465 post type-post status-publish format-standard has-post-thumbnail hentry category-uncategorized-hr\">\n    <div class=\"knsl-cover-frame\">\n    <a href=\"https:\/\/villamedveja.com\/hr\/mjesta-za-posjetiti-u-blizini-medveje-hrvatska\/\">\n    \t    \t<img decoding=\"async\" src=\"https:\/\/villamedveja.com\/wp-content\/uploads\/2024\/11\/tracking-opatija-950x1423.jpg\" alt=\"Mjesta za posjetiti u blizini Medveje, Hrvatska\" \/>\n    \t    <\/a>\n\t\t<div class=\"knsl-badge\">\n\t\t\tUncategorized @hr\t\t<\/div>\n  <\/div>\n    <div class=\"knsl-description-frame\">\n    <div class=\"knsl-room-features\">\n      <div class=\"knsl-feature knsl-feature-author\">\n                <div class=\"knsl-icon-frame knsl-icon-author\"><img decoding=\"async\" src=\"https:\/\/secure.gravatar.com\/avatar\/fae8c4a2ca670658cb0dc2c1c96dec18bb193362fc91490a72f02e9a9e389047?s=96&#038;d=mm&#038;r=g\" alt=\"admin\" \/><\/div>\n                <span>admin<\/span>\n      <\/div>\n\n      \t  \t<div class=\"knsl-feature knsl-feature-date\">\n        <div class=\"knsl-icon-frame\"><span class=\"img-svg img-svg-time\"><\/span><\/div>\n        <span>24\/11\/2024<\/span>\n      <\/div>\n\t  \t    <\/div>\n    <a href=\"https:\/\/villamedveja.com\/hr\/mjesta-za-posjetiti-u-blizini-medveje-hrvatska\/\" class=\"knsl-title\">\n      <h4 class=\"knsl-mb-20\">Mjesta za posjetiti u blizini Medveje, Hrvatska<\/h4>\n    <\/a>\n    <div class=\"knsl-text-light knsl-text-sm\">\n    \t<p>NAJBOLJA MJESTA ZA POSJETITI U BLIZINI MEDVEJE Medveja se nalazi na povoljnoj lokaciji na&#8230; <span class=\"knsl-el-more\"><a href=\"https:\/\/villamedveja.com\/hr\/mjesta-za-posjetiti-u-blizini-medveje-hrvatska\/\" class=\"knsl-btn\">Read more<span class=\"screen-reader-text\">Read more&nbsp;Mjesta za posjetiti u blizini Medveje, Hrvatska<\/span><\/a><\/span><\/p>\n    <\/div>\n  <\/div>\n  <\/div>\n<\/div>\n<!-- blog card end -->\n\n\n\t\t\t\t<\/div>\n\t\t\t\t\t\t\t\t<div class=\"col-md-6 col-lg-4\">\n\n\t\t\t\t\t\n\n\n<!-- blog card -->\n<div class=\"knsl-blog-card\">\n  <div id=\"post-7411\" class=\"post-7411 post type-post status-publish format-standard has-post-thumbnail hentry category-uncategorized-hr\">\n    <div class=\"knsl-cover-frame\">\n    <a href=\"https:\/\/villamedveja.com\/hr\/upoznajte-opatiju-hrvatsku\/\">\n    \t    \t<img decoding=\"async\" src=\"https:\/\/villamedveja.com\/wp-content\/uploads\/2024\/11\/Opatija-Croatia-950x633.jpg\" alt=\"Upoznajte Opatiju, Hrvatsku\" \/>\n    \t    <\/a>\n\t\t<div class=\"knsl-badge\">\n\t\t\tUncategorized @hr\t\t<\/div>\n  <\/div>\n    <div class=\"knsl-description-frame\">\n    <div class=\"knsl-room-features\">\n      <div class=\"knsl-feature knsl-feature-author\">\n                <div class=\"knsl-icon-frame knsl-icon-author\"><img decoding=\"async\" src=\"https:\/\/secure.gravatar.com\/avatar\/fae8c4a2ca670658cb0dc2c1c96dec18bb193362fc91490a72f02e9a9e389047?s=96&#038;d=mm&#038;r=g\" alt=\"admin\" \/><\/div>\n                <span>admin<\/span>\n      <\/div>\n\n      \t  \t<div class=\"knsl-feature knsl-feature-date\">\n        <div class=\"knsl-icon-frame\"><span class=\"img-svg img-svg-time\"><\/span><\/div>\n        <span>24\/11\/2024<\/span>\n      <\/div>\n\t  \t    <\/div>\n    <a href=\"https:\/\/villamedveja.com\/hr\/upoznajte-opatiju-hrvatsku\/\" class=\"knsl-title\">\n      <h4 class=\"knsl-mb-20\">Upoznajte Opatiju, Hrvatsku<\/h4>\n    <\/a>\n    <div class=\"knsl-text-light knsl-text-sm\">\n    \t<p>O Opatiji I Villa Angiolina, Lungomare, parkovi i kamelije I Povijesni hoteli i festivali I Zdravlje i wellness I Kongresi I Gastronomija<\/p>\n    <\/div>\n  <\/div>\n  <\/div>\n<\/div>\n<!-- blog card end -->\n\n\n\t\t\t\t<\/div>\n\t\t\t\t\n\t      \t\t\n\t\t\t\t\t    \t\t\n\t    \t<\/div>\n\t\t<\/div>\t<\/section>\n\t<!-- blog end -->\n\n\t\t\t\t\t\t<\/div>\n\t\t\t\t<\/div>\n\t\t\t\t\t<\/div>\n\t\t<\/div>\n\t\t\t\t\t<\/div>\n\t\t<\/section>\n\t\t\t\t<\/div>\n\t\t","protected":false},"excerpt":{"rendered":"<p>FAQ Ovdje provjerite odgovore na naj\u010de\u0161\u0107a pitanja na\u0161ih gostiju. Za sve druge upite, obratite&#8230; <span class=\"knsl-el-more\"><a href=\"https:\/\/villamedveja.com\/hr\/upoznajte-opatiju-hrvatsku\/\" class=\"knsl-btn\">Read more<span class=\"screen-reader-text\">Read more&nbsp;Upoznajte Opatiju, Hrvatsku<\/span><\/a><\/span><\/p>\n","protected":false},"author":1,"featured_media":0,"parent":0,"menu_order":0,"comment_status":"closed","ping_status":"closed","template":"elementor_header_footer","meta":{"_acf_changed":false,"om_disable_all_campaigns":false,"_monsterinsights_skip_tracking":false,"_monsterinsights_sitenote_active":false,"_monsterinsights_sitenote_note":"","_monsterinsights_sitenote_category":0,"_uf_show_specific_survey":0,"_uf_disable_surveys":false,"footnotes":""},"class_list":["post-7438","page","type-page","status-publish","hentry"],"acf":[],"aioseo_notices":[],"jetpack_sharing_enabled":true,"_links":{"self":[{"href":"https:\/\/villamedveja.com\/hr\/wp-json\/wp\/v2\/pages\/7438","targetHints":{"allow":["GET"]}}],"collection":[{"href":"https:\/\/villamedveja.com\/hr\/wp-json\/wp\/v2\/pages"}],"about":[{"href":"https:\/\/villamedveja.com\/hr\/wp-json\/wp\/v2\/types\/page"}],"author":[{"embeddable":true,"href":"https:\/\/villamedveja.com\/hr\/wp-json\/wp\/v2\/users\/1"}],"replies":[{"embeddable":true,"href":"https:\/\/villamedveja.com\/hr\/wp-json\/wp\/v2\/comments?post=7438"}],"version-history":[{"count":0,"href":"https:\/\/villamedveja.com\/hr\/wp-json\/wp\/v2\/pages\/7438\/revisions"}],"wp:attachment":[{"href":"https:\/\/villamedveja.com\/hr\/wp-json\/wp\/v2\/media?parent=7438"}],"curies":[{"name":"wp","href":"https:\/\/api.w.org\/{rel}","templated":true}]}}