{"id":7497,"date":"2024-11-24T18:06:08","date_gmt":"2024-11-24T18:06:08","guid":{"rendered":"https:\/\/villamedveja.com\/panoramske-staklene-klizne-stijene\/"},"modified":"2025-01-06T16:20:06","modified_gmt":"2025-01-06T16:20:06","slug":"panoramske-staklene-klizne-stijene","status":"publish","type":"page","link":"https:\/\/villamedveja.com\/hr\/panoramske-staklene-klizne-stijene\/","title":{"rendered":"Panoramske staklene klizne stijene"},"content":{"rendered":"\t\t<div data-elementor-type=\"wp-page\" data-elementor-id=\"7497\" class=\"elementor elementor-7497 elementor-6439\">\n\t\t\t\t\t\t<section class=\"elementor-section elementor-top-section elementor-element elementor-element-aa29d16 elementor-section-full_width elementor-section-height-full elementor-section-height-default elementor-section-items-middle\" data-id=\"aa29d16\" data-element_type=\"section\" data-e-type=\"section\" data-settings=\"{&quot;background_background&quot;:&quot;classic&quot;}\">\n\t\t\t\t\t\t\t<div class=\"elementor-background-overlay\"><\/div>\n\t\t\t\t\t\t\t<div class=\"elementor-container elementor-column-gap-no\">\n\t\t\t\t\t<div class=\"elementor-column elementor-col-100 elementor-top-column elementor-element elementor-element-80c94c1\" data-id=\"80c94c1\" data-element_type=\"column\" data-e-type=\"column\">\n\t\t\t<div class=\"elementor-widget-wrap elementor-element-populated\">\n\t\t\t\t\t\t<div class=\"elementor-element elementor-element-dc81c8f elementor-widget elementor-widget-heading\" data-id=\"dc81c8f\" data-element_type=\"widget\" data-e-type=\"widget\" data-widget_type=\"heading.default\">\n\t\t\t\t<div class=\"elementor-widget-container\">\n\t\t\t\t\t<h5 class=\"elementor-heading-title elementor-size-default\">VOLI. U\u017dIVAJ. VRATI SE.  <\/h5>\t\t\t\t<\/div>\n\t\t\t\t<\/div>\n\t\t\t\t\t<\/div>\n\t\t<\/div>\n\t\t\t\t\t<\/div>\n\t\t<\/section>\n\t\t<div class=\"elementor-element elementor-element-8a68b2a e-flex e-con-boxed e-con e-parent\" data-id=\"8a68b2a\" data-element_type=\"container\" data-e-type=\"container\">\n\t\t\t\t\t<div class=\"e-con-inner\">\n\t\t\t\t<div class=\"elementor-element elementor-element-9d20c47 elementor-widget elementor-widget-text-editor\" data-id=\"9d20c47\" data-element_type=\"widget\" data-e-type=\"widget\" data-widget_type=\"text-editor.default\">\n\t\t\t\t<div class=\"elementor-widget-container\">\n\t\t\t\t\t\t\t\t\t<h3>U\u017eivajte u stilu,<\/h3>\n<h1>Panoramske stijene, s njihovim prostranim prozorima od poda do stropa, pru\u017eaju nezaboravna iskustva s panoramskim pogledima, stvaraju\u0107i osje\u0107aj prostranost <\/h1>\n<p>Vila Medveja nudi prekrasan pogled od 180\u00b0 na Kvarnerski zaljev iz svih dviju spava\u0107ih soba i dnevnih zona. Staklena klizna vrata i zidovi dizajnirani su kako bi pobolj\u0161ali spektakularan pogled na more i pru\u017eili vam povezanost s morskim ambijentom. Jedinstveni klizni stakleni zid (\u0161irine 52 stope \/ 16 m) mo\u017ee se skroz otvoriti, stvaraju\u0107i jedinstveno unutarnje\/vanjsko okru\u017eenje u dnevnom boravku i blagovaonici.  <\/p>\n<p><img decoding=\"async\" src=\"https:\/\/l.icdbcdn.com\/oh\/93b0b4c4-e985-456a-99b3-52ee3e297321.jpg?f=32&amp;nocache=1\"><\/p>\n\t\t\t\t\t\t\t\t<\/div>\n\t\t\t\t<\/div>\n\t\t\t\t\t<\/div>\n\t\t\t\t<\/div>\n\t\t<div class=\"elementor-element elementor-element-67fd97d e-flex e-con-boxed e-con e-parent\" data-id=\"67fd97d\" data-element_type=\"container\" data-e-type=\"container\">\n\t\t\t\t\t<div class=\"e-con-inner\">\n\t\t\t\t<div class=\"elementor-element elementor-element-e8dbb66 elementor-alert-info elementor-widget elementor-widget-alert\" data-id=\"e8dbb66\" data-element_type=\"widget\" data-e-type=\"widget\" data-widget_type=\"alert.default\">\n\t\t\t\t<div class=\"elementor-widget-container\">\n\t\t\t\t\t\t\t<div class=\"elementor-alert\" role=\"alert\">\n\n\t\t\t\t\t\t<span class=\"elementor-alert-title\">\u24d8 Istra\u017eite na\u0161u vilu i rezervirajte svoj boravak kod nas, uz zajam\u010deno najbolje online cijene!<\/span>\n\t\t\t\n\t\t\t\t\t\t<span class=\"elementor-alert-description\"><p>Rezervirajte sada, platite kasnije - osigurajte svoj odmor unaprijed i platite ra\u010dun 30 dana prije dolaska.<\/p>\n<\/span>\n\t\t\t\n\t\t\t\t\t\t<button type=\"button\" class=\"elementor-alert-dismiss\" aria-label=\"Odbacite ovo upozorenje.\">\n\t\t\t\t\t\t\t\t\t<span aria-hidden=\"true\">&times;<\/span>\n\t\t\t\t\t\t\t<\/button>\n\t\t\t\n\t\t<\/div>\n\t\t\t\t\t\t<\/div>\n\t\t\t\t<\/div>\n\t\t\t\t\t<\/div>\n\t\t\t\t<\/div>\n\t\t<div class=\"elementor-element elementor-element-9104216 e-flex e-con-boxed e-con e-parent\" data-id=\"9104216\" data-element_type=\"container\" data-e-type=\"container\">\n\t\t\t\t\t<div class=\"e-con-inner\">\n\t\t\t\t<div class=\"elementor-element elementor-element-2a4a500 elementor-widget elementor-widget-kinsley-rooms-carousel\" data-id=\"2a4a500\" data-element_type=\"widget\" data-e-type=\"widget\" data-widget_type=\"kinsley-rooms-carousel.default\">\n\t\t\t\t<div class=\"elementor-widget-container\">\n\t\t\t\t\t\n\t\t<!-- rooms -->\n\t\t<section class=\"knsl-transition-none knsl-p-0-100\">\n\t\t\n\t\t<div class=\"container\">\t\t\t<div class=\"row align-items-center\">\n\t\t\t\t\t\t<div class=\"col-lg-12\">\n\t\t\t\t<div class=\"knsl-center knsl-title-frame knsl-scroll-animation knsl-mb-100\">\n\t\t\t\t\t\t\t\t<h2 class=\"knsl-title--h knsl-mb-20\">\n\t\t\t\t\t<span >\n\t\t\t\t\t\tNa\u0161e vile\t\t\t\t\t<\/span>\n\t\t\t\t<\/h2>\n\t\t\t\t\t\t\t\t\t\t\t\t<div class=\"knsl-text knsl-mb-30\">\n\t\t\t\t\t<p>\n\t\t\t\t\t<span >\n\t\t\t\t\t\tOtkrijte na\u0161u zapanjuju\u0107u kolekciju vila. Svaka je vila pomno dizajnirana i lijepo namje\u0161tena kako bi pru\u017eila vrhunsku udobnost i opu\u0161tanje za va\u0161 odmor. Od prekrasnih pogleda do luksuznih sadr\u017eaja, na\u0161e vile nude doista nezaboravno iskustvo.  \t\t\t\t\t<\/span>\n\t\t\t\t\t<\/p>\n\t\t\t\t<\/div>\n\t\t\t\t\t\t\t\t\t\t\t\t<\/div>\n\t\t\t<\/div>\n\t\t\t\n\t\t\t<div class=\"col-lg-12 attr-details-amenity-false attr-details-category-false attr-details-attributes-false attr-details-view-false attr-details-bed-type-false attr-details-children-false\">\n\t\t\t\t\t\t\t<\/div>\n\t\t\t<\/div>\n\t\t<\/div>\t\t<\/section>\n\t\t<!-- rooms end -->\n\n\t\t\t\t\t\t<\/div>\n\t\t\t\t<\/div>\n\t\t\t\t\t<\/div>\n\t\t\t\t<\/div>\n\t\t<div class=\"elementor-element elementor-element-b84c770 e-flex e-con-boxed e-con e-parent\" data-id=\"b84c770\" data-element_type=\"container\" data-e-type=\"container\">\n\t\t\t\t\t<div class=\"e-con-inner\">\n\t\t\t\t<div class=\"elementor-element elementor-element-630074c elementor-widget elementor-widget-html\" data-id=\"630074c\" data-element_type=\"widget\" data-e-type=\"widget\" data-widget_type=\"html.default\">\n\t\t\t\t<div class=\"elementor-widget-container\">\n\t\t\t\t\t<script src=\"https:\/\/static.elfsight.com\/platform\/platform.js\" async=\"\"><\/script>\n<div class=\"elfsight-app-7373d419-27bc-4f36-ad03-a4c7b356a5ad\" data-elfsight-app-lazy=\"\"><\/div>\t\t\t\t<\/div>\n\t\t\t\t<\/div>\n\t\t\t\t\t<\/div>\n\t\t\t\t<\/div>\n\t\t\t\t<\/div>\n\t\t","protected":false},"excerpt":{"rendered":"<p>VOLI. U\u017dIVAJ. VRATI SE. U\u017eivajte u stilu, Panoramske stijene, s njihovim prostranim prozorima od poda do stropa, pru\u017eaju nezaboravna iskustva&#8230; <span class=\"knsl-el-more\"><a href=\"https:\/\/villamedveja.com\/hr\/panoramske-staklene-klizne-stijene\/\" class=\"knsl-btn\">Read more<span class=\"screen-reader-text\">Read more&nbsp;Panoramske staklene klizne stijene<\/span><\/a><\/span><\/p>\n","protected":false},"author":1,"featured_media":0,"parent":0,"menu_order":0,"comment_status":"closed","ping_status":"closed","template":"template-layout-builder.php","meta":{"_acf_changed":false,"om_disable_all_campaigns":false,"_monsterinsights_skip_tracking":false,"_monsterinsights_sitenote_active":false,"_monsterinsights_sitenote_note":"","_monsterinsights_sitenote_category":0,"_uf_show_specific_survey":0,"_uf_disable_surveys":false,"footnotes":""},"class_list":["post-7497","page","type-page","status-publish","hentry"],"acf":[],"aioseo_notices":[],"jetpack_sharing_enabled":true,"_links":{"self":[{"href":"https:\/\/villamedveja.com\/hr\/wp-json\/wp\/v2\/pages\/7497","targetHints":{"allow":["GET"]}}],"collection":[{"href":"https:\/\/villamedveja.com\/hr\/wp-json\/wp\/v2\/pages"}],"about":[{"href":"https:\/\/villamedveja.com\/hr\/wp-json\/wp\/v2\/types\/page"}],"author":[{"embeddable":true,"href":"https:\/\/villamedveja.com\/hr\/wp-json\/wp\/v2\/users\/1"}],"replies":[{"embeddable":true,"href":"https:\/\/villamedveja.com\/hr\/wp-json\/wp\/v2\/comments?post=7497"}],"version-history":[{"count":0,"href":"https:\/\/villamedveja.com\/hr\/wp-json\/wp\/v2\/pages\/7497\/revisions"}],"wp:attachment":[{"href":"https:\/\/villamedveja.com\/hr\/wp-json\/wp\/v2\/media?parent=7497"}],"curies":[{"name":"wp","href":"https:\/\/api.w.org\/{rel}","templated":true}]}}