{"id":7610,"date":"2021-08-24T00:16:57","date_gmt":"2021-08-24T00:16:57","guid":{"rendered":"https:\/\/villamedveja.com\/uzivajte-u-luksuznoj-vili-s-bazenom-rezervirajte-odmah\/"},"modified":"2025-02-08T11:16:06","modified_gmt":"2025-02-08T11:16:06","slug":"uzivajte-u-luksuznoj-vili-s-bazenom-rezervirajte-odmah","status":"publish","type":"page","link":"https:\/\/villamedveja.com\/hr\/uzivajte-u-luksuznoj-vili-s-bazenom-rezervirajte-odmah\/","title":{"rendered":"U\u017eivajte u luksuznoj vili s bazenom &#8211; REZERVIRAJTE ODMAH!"},"content":{"rendered":"\t\t<div data-elementor-type=\"wp-page\" data-elementor-id=\"7610\" class=\"elementor elementor-7610 elementor-2403\">\n\t\t\t\t\t\t<section class=\"elementor-section elementor-top-section elementor-element elementor-element-c1b6160 elementor-section-full_width elementor-section-height-default elementor-section-height-default\" data-id=\"c1b6160\" data-element_type=\"section\" data-e-type=\"section\" data-settings=\"{&quot;background_background&quot;:&quot;classic&quot;}\">\n\t\t\t\t\t\t\t<div class=\"elementor-background-overlay\"><\/div>\n\t\t\t\t\t\t\t<div class=\"elementor-container elementor-column-gap-no\">\n\t\t\t\t\t<div class=\"elementor-column elementor-col-100 elementor-top-column elementor-element elementor-element-61187cf\" data-id=\"61187cf\" data-element_type=\"column\" data-e-type=\"column\">\n\t\t\t<div class=\"elementor-widget-wrap elementor-element-populated\">\n\t\t\t\t\t\t<div class=\"elementor-element elementor-element-d2bf08e elementor-widget elementor-widget-kinsley-intro\" data-id=\"d2bf08e\" data-element_type=\"widget\" data-e-type=\"widget\" data-widget_type=\"kinsley-intro.default\">\n\t\t\t\t<div class=\"elementor-widget-container\">\n\t\t\t\t\t\n    <!-- banner -->\n    <section class=\"knsl-banner-simple knsl-transition-bottom knsl-banner-white\">\n      \n\t  \t  <div class=\"knsl-cover-frame\">\n\t\t\t\t\t\t<div style=\"background-image: url('https:\/\/villamedveja.com\/wp-content\/uploads\/2024\/03\/IMG_8799-1920x2880.jpg');\" class=\"knsl-parallax knsl-banner-slide\"><\/div>\n\t\t\t\t\t\t\t\t\t  <\/div>\n\t  <div class=\"knsl-overlay\" style=\"opacity: 1;\"><\/div>\n\t  \n      <div class=\"container\">\n        <div class=\"row\">\n          <div class=\"col-lg-12\">\n\n            <div class=\"knsl-center knsl-title-frame\">\n                            <h1 class=\"knsl-title--h knsl-mb-20 knsl-h1-inner\">\n                <span >\n                    Odaberite Va\u0161u Villu                <\/span>\n              <\/h1>\n                            \n              \n            <\/div>\n\n          <\/div>\n        <\/div>\n      <\/div>\n    <\/section>\n    <!-- banner end -->\n\n\t\t\t\t\t\t<\/div>\n\t\t\t\t<\/div>\n\t\t\t\t\t<\/div>\n\t\t<\/div>\n\t\t\t\t\t<\/div>\n\t\t<\/section>\n\t\t<div class=\"elementor-element elementor-element-c459621 e-flex e-con-boxed e-con e-parent\" data-id=\"c459621\" data-element_type=\"container\" data-e-type=\"container\">\n\t\t\t\t\t<div class=\"e-con-inner\">\n\t\t\t\t<div class=\"elementor-element elementor-element-e449666 elementor-alert-info elementor-widget elementor-widget-alert\" data-id=\"e449666\" data-element_type=\"widget\" data-e-type=\"widget\" data-widget_type=\"alert.default\">\n\t\t\t\t<div class=\"elementor-widget-container\">\n\t\t\t\t\t\t\t<div class=\"elementor-alert\" role=\"alert\">\n\n\t\t\t\t\t\t<span class=\"elementor-alert-title\">Rezerviraj sada, plati kasnije.<\/span>\n\t\t\t\n\t\t\t\t\t\t<span class=\"elementor-alert-description\"><p>Fleksibilna rezervacija pru\u017ea vam mogu\u0107nost da jednostavno osigurate svoj odmor unaprijed. Kada rezervirate, ne morate odmah platiti cijeli iznos; umjesto toga, mo\u017eete izvr\u0161iti uplatu do 30 dana prije va\u0161eg dolaska. To zna\u010di da imate mogu\u0107nost otkazivanja\/ promjene planova bez tro\u0161kova, \u0161to vam daje dodatnu fleksibilnost prilikom organizacije va\u0161eg putovanja. <\/p>\n<p>PLA\u0106ANJE AVANSA\u2192 U trenutku rezervacije nije potrebno uplatiti avans.<\/p>\n<\/span>\n\t\t\t\n\t\t\t\t\t\t<button type=\"button\" class=\"elementor-alert-dismiss\" aria-label=\"Odbacite ovo upozorenje.\">\n\t\t\t\t\t\t\t\t\t<span aria-hidden=\"true\">&times;<\/span>\n\t\t\t\t\t\t\t<\/button>\n\t\t\t\n\t\t<\/div>\n\t\t\t\t\t\t<\/div>\n\t\t\t\t<\/div>\n\t\t\t\t\t<\/div>\n\t\t\t\t<\/div>\n\t\t<div class=\"elementor-element elementor-element-539f4a7 e-flex e-con-boxed e-con e-parent\" data-id=\"539f4a7\" data-element_type=\"container\" data-e-type=\"container\">\n\t\t\t\t\t<div class=\"e-con-inner\">\n\t\t\t\t\t<\/div>\n\t\t\t\t<\/div>\n\t\t<div class=\"elementor-element elementor-element-8bd4259 e-grid e-con-boxed e-con e-parent\" data-id=\"8bd4259\" data-element_type=\"container\" data-e-type=\"container\">\n\t\t\t\t\t<div class=\"e-con-inner\">\n\t\t\t\t<div class=\"elementor-element elementor-element-4d86780 elementor-widget elementor-widget-text-editor\" data-id=\"4d86780\" data-element_type=\"widget\" data-e-type=\"widget\" data-widget_type=\"text-editor.default\">\n\t\t\t\t<div class=\"elementor-widget-container\">\n\t\t\t\t\t\t\t\t\t<p><strong>**Smje\u0161taj**<\/strong><br \/>Sky Pool Ville Medveja pa\u017eljivo su dizajnirane sa svhrom da u potpunosti ukomponiraju ljepotu prirodnog okru\u017eenja. Moderna arhitektura sa velikim vanjskim prozorima predstavlja savr\u0161en spoj prirodnog okru\u017eenja i suvremenog dizajna. <\/p>\n\t\t\t\t\t\t\t\t<\/div>\n\t\t\t\t<\/div>\n\t\t\t\t<div class=\"elementor-element elementor-element-ce9bae0 elementor-widget elementor-widget-text-editor\" data-id=\"ce9bae0\" data-element_type=\"widget\" data-e-type=\"widget\" data-widget_type=\"text-editor.default\">\n\t\t\t\t<div class=\"elementor-widget-container\">\n\t\t\t\t\t\t\t\t\t<p>Na\u0161e ville nalaze se u malom primorskom mjestu Medveja, koje pru\u017ea savr\u0161enu kombinaciju mira i prirode. Ovdje mo\u017eete u\u017eivati u ti\u0161ini i opu\u0161tanju, a u isto vrijeme imati sve blagodati obli\u017enje \u0161ljun\u010dane pla\u017ee. Mjesto nudi razne aktivnosti i atrakcije, pa je idealno za one koji tra\u017ee avanturu, ali i za one koji \u017eele jednostavno u\u017eivati u odmoru uz more. Medveja je savr\u0161eno mjesto za bijeg od svakodnevnog stresa i u\u017eivanje u ljepotama prirode.<\/p>\n\t\t\t\t\t\t\t\t<\/div>\n\t\t\t\t<\/div>\n\t\t\t\t\t<\/div>\n\t\t\t\t<\/div>\n\t\t<div class=\"elementor-element elementor-element-6a03e51 e-flex e-con-boxed e-con e-parent\" data-id=\"6a03e51\" data-element_type=\"container\" data-e-type=\"container\">\n\t\t\t\t\t<div class=\"e-con-inner\">\n\t\t\t\t\t<\/div>\n\t\t\t\t<\/div>\n\t\t<div class=\"elementor-element elementor-element-86d90fb e-flex e-con-boxed e-con e-parent\" data-id=\"86d90fb\" data-element_type=\"container\" data-e-type=\"container\" data-settings=\"{&quot;background_background&quot;:&quot;gradient&quot;}\">\n\t\t\t\t\t<div class=\"e-con-inner\">\n\t\t\t\t<div class=\"elementor-element elementor-element-653ecf8 elementor-widget elementor-widget-kinsley-rooms-carousel-two\" data-id=\"653ecf8\" data-element_type=\"widget\" data-e-type=\"widget\" data-widget_type=\"kinsley-rooms-carousel-two.default\">\n\t\t\t\t<div class=\"elementor-widget-container\">\n\t\t\t\t\t\n\t\t<!-- rooms -->\n\t\t<div class=\"knsl-rooms-two knsl-rooms-two-slider attr-details-amenity-false attr-details-category-false attr-details-attributes-false attr-details-view-false attr-details-bed-type-false attr-details-children-false\">\n\t\t\t\t\t<\/div>\n\t\t<!-- rooms end -->\n\n\t\t\t\t\t\t<\/div>\n\t\t\t\t<\/div>\n\t\t\t\t\t<\/div>\n\t\t\t\t<\/div>\n\t\t<div class=\"elementor-element elementor-element-284f18a e-flex e-con-boxed e-con e-parent\" data-id=\"284f18a\" data-element_type=\"container\" data-e-type=\"container\">\n\t\t\t\t\t<div class=\"e-con-inner\">\n\t\t\t\t<div class=\"elementor-element elementor-element-46e0805 elementor-tabs-view-horizontal elementor-widget elementor-widget-tabs\" data-id=\"46e0805\" data-element_type=\"widget\" data-e-type=\"widget\" data-widget_type=\"tabs.default\">\n\t\t\t\t<div class=\"elementor-widget-container\">\n\t\t\t\t\t\t\t<div class=\"elementor-tabs\">\n\t\t\t<div class=\"elementor-tabs-wrapper\" role=\"tablist\" >\n\t\t\t\t\t\t\t\t\t<div id=\"elementor-tab-title-7431\" class=\"elementor-tab-title elementor-tab-desktop-title\" aria-selected=\"true\" data-tab=\"1\" role=\"tab\" tabindex=\"0\" aria-controls=\"elementor-tab-content-7431\" aria-expanded=\"false\">Uvjeti rezervacija<\/div>\n\t\t\t\t\t\t\t\t\t<div id=\"elementor-tab-title-7432\" class=\"elementor-tab-title elementor-tab-desktop-title\" aria-selected=\"false\" data-tab=\"2\" role=\"tab\" tabindex=\"-1\" aria-controls=\"elementor-tab-content-7432\" aria-expanded=\"false\">Uvjeti otkazivanja<\/div>\n\t\t\t\t\t\t\t<\/div>\n\t\t\t<div class=\"elementor-tabs-content-wrapper\" role=\"tablist\" aria-orientation=\"vertical\">\n\t\t\t\t\t\t\t\t\t<div class=\"elementor-tab-title elementor-tab-mobile-title\" aria-selected=\"true\" data-tab=\"1\" role=\"tab\" tabindex=\"0\" aria-controls=\"elementor-tab-content-7431\" aria-expanded=\"false\">Uvjeti rezervacija<\/div>\n\t\t\t\t\t<div id=\"elementor-tab-content-7431\" class=\"elementor-tab-content elementor-clearfix\" data-tab=\"1\" role=\"tabpanel\" aria-labelledby=\"elementor-tab-title-7431\" tabindex=\"0\" hidden=\"false\"><p>Dragi gosti,<\/p>\n<p>Radujemo se va\u0161em dolasku. <br \/>Svoj boravak mo\u017eete rezervirati putem na\u0161e stranice ili putem e-maila na <span \n                data-original-string='nvmnMiHA33Y5f4PstlFTig==563E+QhJ\/x3MOKvVG2dp7YnousvBb8NXOAROhkJRu9ZTi4='\n                class='apbct-email-encoder'\n                title='This contact has been encoded by Anti-Spam by CleanTalk. Click to decode. To finish the decoding make sure that JavaScript is enabled in your browser.'>in<span class=\"apbct-blur\">**<\/span>@<span class=\"apbct-blur\">***********<\/span>ja.com<\/span><\/p>\n<p><em>PLA\u0106ANJE AVANSA<\/em> \u2192 Prilikom rezervacije <em>nije potrebno avansno pla\u0107anje<\/em>. <strong>Cjelokupan iznos za vilu mora biti podmiren najkasnije 30 dana prije va\u0161eg dolaska.<\/strong> Pla\u0107anje mo\u017eete izvr\u0161iti putem bankovnog transfera, online platnog sustava (kartice) ili PayPala. U suprotnom, va\u0161a rezervacija \u0107e biti otkazana.<\/p>\n<p>All payments are to be done in Euros.<\/p>\n<\/div>\n\t\t\t\t\t\t\t\t\t<div class=\"elementor-tab-title elementor-tab-mobile-title\" aria-selected=\"false\" data-tab=\"2\" role=\"tab\" tabindex=\"-1\" aria-controls=\"elementor-tab-content-7432\" aria-expanded=\"false\">Uvjeti otkazivanja<\/div>\n\t\t\t\t\t<div id=\"elementor-tab-content-7432\" class=\"elementor-tab-content elementor-clearfix\" data-tab=\"2\" role=\"tabpanel\" aria-labelledby=\"elementor-tab-title-7432\" tabindex=\"0\" hidden=\"hidden\"><p>Nudimo fleksibilna pravila o rezervaciji koja omogu\u0107uju otkazivanje do 30 dana prije dolaska. Sva otkazivanja trebaju biti obavije\u0161tena u pisanom obliku ili \u0107e biti automatski poni\u0161tena ukoliko ne zaprimimo va\u0161u uplatu u predvi\u0111enom roku.<\/p>\n<p>Ako se otka\u017ee manje od 30 dana prije dolaska, cijeli iznos rezervacija \u0107e biti zadr\u017ean i ne\u0107e biti vra\u0107en. <\/p>\n<\/div>\n\t\t\t\t\t\t\t<\/div>\n\t\t<\/div>\n\t\t\t\t\t\t<\/div>\n\t\t\t\t<\/div>\n\t\t\t\t\t<\/div>\n\t\t\t\t<\/div>\n\t\t\t\t<\/div>\n\t\t","protected":false},"excerpt":{"rendered":"<p>Odaberite Va\u0161u Villu Rezerviraj sada, plati kasnije. Fleksibilna rezervacija pru\u017ea vam mogu\u0107nost da jednostavno osigurate svoj odmor unaprijed. Kada rezervirate,&#8230; <span class=\"knsl-el-more\"><a href=\"https:\/\/villamedveja.com\/hr\/uzivajte-u-luksuznoj-vili-s-bazenom-rezervirajte-odmah\/\" class=\"knsl-btn\">Read more<span class=\"screen-reader-text\">Read more&nbsp;U\u017eivajte u luksuznoj vili s bazenom &#8211; REZERVIRAJTE ODMAH!<\/span><\/a><\/span><\/p>\n","protected":false},"author":1,"featured_media":0,"parent":0,"menu_order":0,"comment_status":"closed","ping_status":"closed","template":"elementor_header_footer","meta":{"_acf_changed":false,"om_disable_all_campaigns":false,"_monsterinsights_skip_tracking":false,"_monsterinsights_sitenote_active":false,"_monsterinsights_sitenote_note":"","_monsterinsights_sitenote_category":0,"_uf_show_specific_survey":0,"_uf_disable_surveys":false,"footnotes":""},"class_list":["post-7610","page","type-page","status-publish","hentry"],"acf":[],"aioseo_notices":[],"jetpack_sharing_enabled":true,"_links":{"self":[{"href":"https:\/\/villamedveja.com\/hr\/wp-json\/wp\/v2\/pages\/7610","targetHints":{"allow":["GET"]}}],"collection":[{"href":"https:\/\/villamedveja.com\/hr\/wp-json\/wp\/v2\/pages"}],"about":[{"href":"https:\/\/villamedveja.com\/hr\/wp-json\/wp\/v2\/types\/page"}],"author":[{"embeddable":true,"href":"https:\/\/villamedveja.com\/hr\/wp-json\/wp\/v2\/users\/1"}],"replies":[{"embeddable":true,"href":"https:\/\/villamedveja.com\/hr\/wp-json\/wp\/v2\/comments?post=7610"}],"version-history":[{"count":0,"href":"https:\/\/villamedveja.com\/hr\/wp-json\/wp\/v2\/pages\/7610\/revisions"}],"wp:attachment":[{"href":"https:\/\/villamedveja.com\/hr\/wp-json\/wp\/v2\/media?parent=7610"}],"curies":[{"name":"wp","href":"https:\/\/api.w.org\/{rel}","templated":true}]}}